{"id":19414,"date":"2024-02-01T16:22:39","date_gmt":"2024-02-01T10:52:39","guid":{"rendered":"https:\/\/www.360antiviruspro.com\/abrechnungsunterstuetzung"},"modified":"2024-11-27T16:23:33","modified_gmt":"2024-11-27T10:53:33","slug":"abrechnungsunterstuetzung","status":"publish","type":"page","link":"https:\/\/www.360antiviruspro.com\/de\/abrechnungsunterstuetzung","title":{"rendered":"Abrechnungsunterst\u00fctzung"},"content":{"rendered":"\t\t<div data-elementor-type=\"wp-page\" data-elementor-id=\"19414\" class=\"elementor elementor-19414 elementor-7340\" data-elementor-post-type=\"page\">\n\t\t\t\t\t\t<section class=\"elementor-section elementor-top-section elementor-element elementor-element-7228bd5 elementor-section-height-min-height elementor-section-boxed elementor-section-height-default elementor-section-items-middle\" data-id=\"7228bd5\" data-element_type=\"section\" data-e-type=\"section\" data-settings=\"{&quot;background_background&quot;:&quot;classic&quot;}\">\n\t\t\t\t\t\t\t<div class=\"elementor-background-overlay\"><\/div>\n\t\t\t\t\t\t\t<div class=\"elementor-container elementor-column-gap-default\">\n\t\t\t\t\t<div class=\"elementor-column elementor-col-100 elementor-top-column elementor-element elementor-element-3eb46ed\" data-id=\"3eb46ed\" data-element_type=\"column\" data-e-type=\"column\">\n\t\t\t<div class=\"elementor-widget-wrap elementor-element-populated\">\n\t\t\t\t\t\t<div class=\"elementor-element elementor-element-5ab2042 elementor-widget elementor-widget-heading\" data-id=\"5ab2042\" data-element_type=\"widget\" data-e-type=\"widget\" data-widget_type=\"heading.default\">\n\t\t\t\t<div class=\"elementor-widget-container\">\n\t\t\t\t\t<h1 class=\"elementor-heading-title elementor-size-default\">Abrechnungsunterst\u00fctzung<\/h1>\t\t\t\t<\/div>\n\t\t\t\t<\/div>\n\t\t\t\t<div class=\"elementor-element elementor-element-abe0a9a elementor-icon-list--layout-inline elementor-align-center elementor-list-item-link-full_width elementor-widget elementor-widget-icon-list\" data-id=\"abe0a9a\" data-element_type=\"widget\" data-e-type=\"widget\" data-widget_type=\"icon-list.default\">\n\t\t\t\t<div class=\"elementor-widget-container\">\n\t\t\t\t\t\t\t<ul class=\"elementor-icon-list-items elementor-inline-items\">\n\t\t\t\t\t\t\t<li class=\"elementor-icon-list-item elementor-inline-item\">\n\t\t\t\t\t\t\t\t\t\t\t<a href=\"https:\/\/www.360antiviruspro.com\/de\">\n\n\t\t\t\t\t\t\t\t\t\t\t<span class=\"elementor-icon-list-text\"><span style=\"color:#fff\">Zuhause<\/span><\/span>\n\t\t\t\t\t\t\t\t\t\t\t<\/a>\n\t\t\t\t\t\t\t\t\t<\/li>\n\t\t\t\t\t\t\t\t<li class=\"elementor-icon-list-item elementor-inline-item\">\n\t\t\t\t\t\t\t\t\t\t\t<a href=\"https:\/\/www.360antiviruspro.com\/de\/unterstuetzung\">\n\n\t\t\t\t\t\t\t\t\t\t\t\t<span class=\"elementor-icon-list-icon\">\n\t\t\t\t\t\t\t<svg aria-hidden=\"true\" class=\"e-font-icon-svg e-fas-chevron-right\" viewBox=\"0 0 320 512\" xmlns=\"http:\/\/www.w3.org\/2000\/svg\"><path d=\"M285.476 272.971L91.132 467.314c-9.373 9.373-24.569 9.373-33.941 0l-22.667-22.667c-9.357-9.357-9.375-24.522-.04-33.901L188.505 256 34.484 101.255c-9.335-9.379-9.317-24.544.04-33.901l22.667-22.667c9.373-9.373 24.569-9.373 33.941 0L285.475 239.03c9.373 9.372 9.373 24.568.001 33.941z\"><\/path><\/svg>\t\t\t\t\t\t<\/span>\n\t\t\t\t\t\t\t\t\t\t<span class=\"elementor-icon-list-text\"><span style=\"color:#fff\">Unterst\u00fctzung<\/span><\/span>\n\t\t\t\t\t\t\t\t\t\t\t<\/a>\n\t\t\t\t\t\t\t\t\t<\/li>\n\t\t\t\t\t\t\t\t<li class=\"elementor-icon-list-item elementor-inline-item\">\n\t\t\t\t\t\t\t\t\t\t\t<span class=\"elementor-icon-list-icon\">\n\t\t\t\t\t\t\t<svg aria-hidden=\"true\" class=\"e-font-icon-svg e-fas-chevron-right\" viewBox=\"0 0 320 512\" xmlns=\"http:\/\/www.w3.org\/2000\/svg\"><path d=\"M285.476 272.971L91.132 467.314c-9.373 9.373-24.569 9.373-33.941 0l-22.667-22.667c-9.357-9.357-9.375-24.522-.04-33.901L188.505 256 34.484 101.255c-9.335-9.379-9.317-24.544.04-33.901l22.667-22.667c9.373-9.373 24.569-9.373 33.941 0L285.475 239.03c9.373 9.372 9.373 24.568.001 33.941z\"><\/path><\/svg>\t\t\t\t\t\t<\/span>\n\t\t\t\t\t\t\t\t\t\t<span class=\"elementor-icon-list-text\">Abrechnungsunterst\u00fctzung<\/span>\n\t\t\t\t\t\t\t\t\t<\/li>\n\t\t\t\t\t\t<\/ul>\n\t\t\t\t\t\t<\/div>\n\t\t\t\t<\/div>\n\t\t\t\t\t<\/div>\n\t\t<\/div>\n\t\t\t\t\t<\/div>\n\t\t<\/section>\n\t\t<div class=\"elementor-element elementor-element-db1a47a e-flex e-con-boxed e-con e-parent\" data-id=\"db1a47a\" data-element_type=\"container\" data-e-type=\"container\">\n\t\t\t\t\t<div class=\"e-con-inner\">\n\t\t\t\t<div class=\"elementor-element elementor-element-17ffa2c elementor-widget elementor-widget-text-editor\" data-id=\"17ffa2c\" data-element_type=\"widget\" data-e-type=\"widget\" data-widget_type=\"text-editor.default\">\n\t\t\t\t<div class=\"elementor-widget-container\">\n\t\t\t\t\t\t\t\t\t<p>Il nostro supporto di fatturazione offre soluzioni senza problemi per gestire i fallimenti di pagamento, risolvere le tue fatture e guidarti a completare il pagamento senza rischi. Soprattutto, utilizzando il supporto di fatturazione, puoi trovare il tuo ID, recuperare la password e cambiare facilmente i tuoi metodi di pagamento. Quindi, mantenete la calma e risolvete le vostre query di fatturazione in modo efficiente.  <\/p>\n\t\t\t\t\t\t\t\t<\/div>\n\t\t\t\t<\/div>\n\t\t\t\t\t<\/div>\n\t\t\t\t<\/div>\n\t\t<div class=\"elementor-element elementor-element-9c13b94 support-blog e-flex e-con-boxed e-con e-parent\" data-id=\"9c13b94\" data-element_type=\"container\" data-e-type=\"container\">\n\t\t\t\t\t<div class=\"e-con-inner\">\n\t\t\t\t<div class=\"elementor-element elementor-element-22cd8ac elementor-grid-3 elementor-grid-tablet-2 elementor-grid-mobile-1 elementor-posts--thumbnail-top elementor-posts--show-avatar elementor-card-shadow-yes elementor-posts__hover-gradient load-more-align-center elementor-widget elementor-widget-posts\" data-id=\"22cd8ac\" data-element_type=\"widget\" data-e-type=\"widget\" data-settings=\"{&quot;cards_row_gap&quot;:{&quot;unit&quot;:&quot;px&quot;,&quot;size&quot;:17,&quot;sizes&quot;:[]},&quot;pagination_type&quot;:&quot;load_more_on_click&quot;,&quot;cards_columns&quot;:&quot;3&quot;,&quot;cards_columns_tablet&quot;:&quot;2&quot;,&quot;cards_columns_mobile&quot;:&quot;1&quot;,&quot;cards_row_gap_widescreen&quot;:{&quot;unit&quot;:&quot;px&quot;,&quot;size&quot;:&quot;&quot;,&quot;sizes&quot;:[]},&quot;cards_row_gap_laptop&quot;:{&quot;unit&quot;:&quot;px&quot;,&quot;size&quot;:&quot;&quot;,&quot;sizes&quot;:[]},&quot;cards_row_gap_tablet_extra&quot;:{&quot;unit&quot;:&quot;px&quot;,&quot;size&quot;:&quot;&quot;,&quot;sizes&quot;:[]},&quot;cards_row_gap_tablet&quot;:{&quot;unit&quot;:&quot;px&quot;,&quot;size&quot;:&quot;&quot;,&quot;sizes&quot;:[]},&quot;cards_row_gap_mobile_extra&quot;:{&quot;unit&quot;:&quot;px&quot;,&quot;size&quot;:&quot;&quot;,&quot;sizes&quot;:[]},&quot;cards_row_gap_mobile&quot;:{&quot;unit&quot;:&quot;px&quot;,&quot;size&quot;:&quot;&quot;,&quot;sizes&quot;:[]},&quot;load_more_spinner&quot;:{&quot;value&quot;:&quot;fas fa-spinner&quot;,&quot;library&quot;:&quot;fa-solid&quot;}}\" data-widget_type=\"posts.cards\">\n\t\t\t\t<div class=\"elementor-widget-container\">\n\t\t\t\t\t\t\t<div class=\"elementor-posts-container elementor-posts elementor-posts--skin-cards elementor-grid\" role=\"list\">\n\t\t\t\t<article class=\"elementor-post elementor-grid-item post-20816 docs type-docs status-publish hentry docs-type-billing-support\" role=\"listitem\">\n\t\t\t<div class=\"elementor-post__card\">\n\t\t\t\t<div class=\"elementor-post__text\">\n\t\t\t\t<h2 class=\"elementor-post__title\">\n\t\t\t<a href=\"https:\/\/www.360antiviruspro.com\/de\/was-tun-im-falle-eines-zahlungsfehlers\" >\n\t\t\t\tWas tun im Falle eines Zahlungsfehlers?\t\t\t<\/a>\n\t\t<\/h2>\n\t\t\n\t\t<a class=\"elementor-post__read-more\" href=\"https:\/\/www.360antiviruspro.com\/de\/was-tun-im-falle-eines-zahlungsfehlers\" aria-label=\"Read more about Was tun im Falle eines Zahlungsfehlers?\" tabindex=\"-1\" >\n\t\t\tMehr lesen \u00bb\t\t<\/a>\n\n\t\t\t\t<\/div>\n\t\t\t\t\t<\/div>\n\t\t<\/article>\n\t\t\t\t<article class=\"elementor-post elementor-grid-item post-20905 docs type-docs status-publish hentry docs-type-billing-support\" role=\"listitem\">\n\t\t\t<div class=\"elementor-post__card\">\n\t\t\t\t<div class=\"elementor-post__text\">\n\t\t\t\t<h2 class=\"elementor-post__title\">\n\t\t\t<a href=\"https:\/\/www.360antiviruspro.com\/de\/welche-zahlungsmethoden-stehen-zur-verfuegung-um-meine-rechnungen-zu-bezahlen\" >\n\t\t\t\tWelche Zahlungsmethoden stehen zur Verf\u00fcgung, um meine Rechnungen zu bezahlen?\t\t\t<\/a>\n\t\t<\/h2>\n\t\t\n\t\t<a class=\"elementor-post__read-more\" href=\"https:\/\/www.360antiviruspro.com\/de\/welche-zahlungsmethoden-stehen-zur-verfuegung-um-meine-rechnungen-zu-bezahlen\" aria-label=\"Read more about Welche Zahlungsmethoden stehen zur Verf\u00fcgung, um meine Rechnungen zu bezahlen?\" tabindex=\"-1\" >\n\t\t\tMehr lesen \u00bb\t\t<\/a>\n\n\t\t\t\t<\/div>\n\t\t\t\t\t<\/div>\n\t\t<\/article>\n\t\t\t\t<article class=\"elementor-post elementor-grid-item post-22302 docs type-docs status-publish hentry docs-type-billing-support\" role=\"listitem\">\n\t\t\t<div class=\"elementor-post__card\">\n\t\t\t\t<div class=\"elementor-post__text\">\n\t\t\t\t<h2 class=\"elementor-post__title\">\n\t\t\t<a href=\"https:\/\/www.360antiviruspro.com\/de\/wie-bekomme-ich-mein-passwort-und-meine-benutzer-id-zurueck\" >\n\t\t\t\tWie bekomme ich mein Passwort und meine Benutzer-ID zur\u00fcck?\t\t\t<\/a>\n\t\t<\/h2>\n\t\t\n\t\t<a class=\"elementor-post__read-more\" href=\"https:\/\/www.360antiviruspro.com\/de\/wie-bekomme-ich-mein-passwort-und-meine-benutzer-id-zurueck\" aria-label=\"Read more about Wie bekomme ich mein Passwort und meine Benutzer-ID zur\u00fcck?\" tabindex=\"-1\" >\n\t\t\tMehr lesen \u00bb\t\t<\/a>\n\n\t\t\t\t<\/div>\n\t\t\t\t\t<\/div>\n\t\t<\/article>\n\t\t\t\t<article class=\"elementor-post elementor-grid-item post-20778 docs type-docs status-publish hentry docs-type-billing-support\" role=\"listitem\">\n\t\t\t<div class=\"elementor-post__card\">\n\t\t\t\t<div class=\"elementor-post__text\">\n\t\t\t\t<h2 class=\"elementor-post__title\">\n\t\t\t<a href=\"https:\/\/www.360antiviruspro.com\/de\/wo-finde-ich-meine-kontonummer\" >\n\t\t\t\tWo finde ich meine Kontonummer?\t\t\t<\/a>\n\t\t<\/h2>\n\t\t\n\t\t<a class=\"elementor-post__read-more\" href=\"https:\/\/www.360antiviruspro.com\/de\/wo-finde-ich-meine-kontonummer\" aria-label=\"Read more about Wo finde ich meine Kontonummer?\" tabindex=\"-1\" >\n\t\t\tMehr lesen \u00bb\t\t<\/a>\n\n\t\t\t\t<\/div>\n\t\t\t\t\t<\/div>\n\t\t<\/article>\n\t\t\t\t<article class=\"elementor-post elementor-grid-item post-20926 docs type-docs status-publish hentry docs-type-billing-support\" role=\"listitem\">\n\t\t\t<div class=\"elementor-post__card\">\n\t\t\t\t<div class=\"elementor-post__text\">\n\t\t\t\t<h2 class=\"elementor-post__title\">\n\t\t\t<a href=\"https:\/\/www.360antiviruspro.com\/de\/welche-zahlungsmethoden-akzeptiert-360-antivirus-pro\" >\n\t\t\t\tWelche Zahlungsmethoden akzeptiert 360 Antivirus Pro?\t\t\t<\/a>\n\t\t<\/h2>\n\t\t\n\t\t<a class=\"elementor-post__read-more\" href=\"https:\/\/www.360antiviruspro.com\/de\/welche-zahlungsmethoden-akzeptiert-360-antivirus-pro\" aria-label=\"Read more about Welche Zahlungsmethoden akzeptiert 360 Antivirus Pro?\" tabindex=\"-1\" >\n\t\t\tMehr lesen \u00bb\t\t<\/a>\n\n\t\t\t\t<\/div>\n\t\t\t\t\t<\/div>\n\t\t<\/article>\n\t\t\t\t<\/div>\n\t\t\t\t\t<span class=\"e-load-more-spinner\">\n\t\t\t\t<svg aria-hidden=\"true\" class=\"e-font-icon-svg e-fas-spinner\" viewBox=\"0 0 512 512\" xmlns=\"http:\/\/www.w3.org\/2000\/svg\"><path d=\"M304 48c0 26.51-21.49 48-48 48s-48-21.49-48-48 21.49-48 48-48 48 21.49 48 48zm-48 368c-26.51 0-48 21.49-48 48s21.49 48 48 48 48-21.49 48-48-21.49-48-48-48zm208-208c-26.51 0-48 21.49-48 48s21.49 48 48 48 48-21.49 48-48-21.49-48-48-48zM96 256c0-26.51-21.49-48-48-48S0 229.49 0 256s21.49 48 48 48 48-21.49 48-48zm12.922 99.078c-26.51 0-48 21.49-48 48s21.49 48 48 48 48-21.49 48-48c0-26.509-21.491-48-48-48zm294.156 0c-26.51 0-48 21.49-48 48s21.49 48 48 48 48-21.49 48-48c0-26.509-21.49-48-48-48zM108.922 60.922c-26.51 0-48 21.49-48 48s21.49 48 48 48 48-21.49 48-48-21.491-48-48-48z\"><\/path><\/svg>\t\t\t<\/span>\n\t\t\n\t\t\t\t\t\t<\/div>\n\t\t\t\t<\/div>\n\t\t\t\t\t<\/div>\n\t\t\t\t<\/div>\n\t\t\t\t<\/div>\n\t\t","protected":false},"excerpt":{"rendered":"<p>Zuhause Unterst\u00fctzung Il nostro supporto di fatturazione offre soluzioni senza problemi per gestire i fallimenti di pagamento, risolvere le tue fatture e guidarti a completare<\/p>\n","protected":false},"author":1,"featured_media":0,"parent":0,"menu_order":0,"comment_status":"closed","ping_status":"closed","template":"elementor_header_footer","meta":{"_acf_changed":false,"footnotes":""},"class_list":["post-19414","page","type-page","status-publish","hentry"],"acf":[],"yoast_head":"<!-- This site is optimized with the Yoast SEO plugin v27.3 - https:\/\/yoast.com\/product\/yoast-seo-wordpress\/ -->\n<title>Abrechnungsunterst\u00fctzung - 360 Antivirus Pro<\/title>\n<meta name=\"description\" content=\"Erhalten Sie fachkundige Abrechnungsunterst\u00fctzung f\u00fcr 360 Antivirus Pro - den ultimativen Schutz f\u00fcr Ihre Ger\u00e4te. Kontaktieren Sie uns jetzt f\u00fcr zuverl\u00e4ssige Unterst\u00fctzung bei allen Abrechnungsfragen.\" \/>\n<meta name=\"robots\" content=\"index, follow, max-snippet:-1, max-image-preview:large, max-video-preview:-1\" \/>\n<link rel=\"canonical\" href=\"https:\/\/www.360antiviruspro.com\/de\/abrechnungsunterstuetzung\" \/>\n<meta property=\"og:locale\" content=\"de_DE\" \/>\n<meta property=\"og:type\" content=\"article\" \/>\n<meta property=\"og:title\" content=\"Abrechnungsunterst\u00fctzung - 360 Antivirus Pro\" \/>\n<meta property=\"og:description\" content=\"Erhalten Sie fachkundige Abrechnungsunterst\u00fctzung f\u00fcr 360 Antivirus Pro - den ultimativen Schutz f\u00fcr Ihre Ger\u00e4te. Kontaktieren Sie uns jetzt f\u00fcr zuverl\u00e4ssige Unterst\u00fctzung bei allen Abrechnungsfragen.\" \/>\n<meta property=\"og:url\" content=\"https:\/\/www.360antiviruspro.com\/de\/abrechnungsunterstuetzung\" \/>\n<meta property=\"og:site_name\" content=\"360 Antivirus Pro\" \/>\n<meta property=\"article:modified_time\" content=\"2024-11-27T10:53:33+00:00\" \/>\n<meta name=\"twitter:card\" content=\"summary_large_image\" \/>\n<script type=\"application\/ld+json\" class=\"yoast-schema-graph\">{\"@context\":\"https:\\\/\\\/schema.org\",\"@graph\":[{\"@type\":\"WebPage\",\"@id\":\"https:\\\/\\\/www.360antiviruspro.com\\\/de\\\/abrechnungsunterstuetzung\",\"url\":\"https:\\\/\\\/www.360antiviruspro.com\\\/de\\\/abrechnungsunterstuetzung\",\"name\":\"Abrechnungsunterst\u00fctzung - 360 Antivirus Pro\",\"isPartOf\":{\"@id\":\"https:\\\/\\\/www.360antiviruspro.com\\\/de\\\/#website\"},\"datePublished\":\"2024-02-01T10:52:39+00:00\",\"dateModified\":\"2024-11-27T10:53:33+00:00\",\"description\":\"Erhalten Sie fachkundige Abrechnungsunterst\u00fctzung f\u00fcr 360 Antivirus Pro - den ultimativen Schutz f\u00fcr Ihre Ger\u00e4te. Kontaktieren Sie uns jetzt f\u00fcr zuverl\u00e4ssige Unterst\u00fctzung bei allen Abrechnungsfragen.\",\"breadcrumb\":{\"@id\":\"https:\\\/\\\/www.360antiviruspro.com\\\/de\\\/abrechnungsunterstuetzung#breadcrumb\"},\"inLanguage\":\"de\",\"potentialAction\":[{\"@type\":\"ReadAction\",\"target\":[\"https:\\\/\\\/www.360antiviruspro.com\\\/de\\\/abrechnungsunterstuetzung\"]}]},{\"@type\":\"BreadcrumbList\",\"@id\":\"https:\\\/\\\/www.360antiviruspro.com\\\/de\\\/abrechnungsunterstuetzung#breadcrumb\",\"itemListElement\":[{\"@type\":\"ListItem\",\"position\":1,\"name\":\"Home\",\"item\":\"https:\\\/\\\/www.360antiviruspro.com\\\/\"},{\"@type\":\"ListItem\",\"position\":2,\"name\":\"Abrechnungsunterst\u00fctzung\"}]},{\"@type\":\"WebSite\",\"@id\":\"https:\\\/\\\/www.360antiviruspro.com\\\/de\\\/#website\",\"url\":\"https:\\\/\\\/www.360antiviruspro.com\\\/de\\\/\",\"name\":\"360 Antivirus Pro\",\"description\":\"Leaders in Antivirus Technology\",\"potentialAction\":[{\"@type\":\"SearchAction\",\"target\":{\"@type\":\"EntryPoint\",\"urlTemplate\":\"https:\\\/\\\/www.360antiviruspro.com\\\/de\\\/?s={search_term_string}\"},\"query-input\":{\"@type\":\"PropertyValueSpecification\",\"valueRequired\":true,\"valueName\":\"search_term_string\"}}],\"inLanguage\":\"de\"}]}<\/script>\n<!-- \/ Yoast SEO plugin. -->","yoast_head_json":{"title":"Abrechnungsunterst\u00fctzung - 360 Antivirus Pro","description":"Erhalten Sie fachkundige Abrechnungsunterst\u00fctzung f\u00fcr 360 Antivirus Pro - den ultimativen Schutz f\u00fcr Ihre Ger\u00e4te. Kontaktieren Sie uns jetzt f\u00fcr zuverl\u00e4ssige Unterst\u00fctzung bei allen Abrechnungsfragen.","robots":{"index":"index","follow":"follow","max-snippet":"max-snippet:-1","max-image-preview":"max-image-preview:large","max-video-preview":"max-video-preview:-1"},"canonical":"https:\/\/www.360antiviruspro.com\/de\/abrechnungsunterstuetzung","og_locale":"de_DE","og_type":"article","og_title":"Abrechnungsunterst\u00fctzung - 360 Antivirus Pro","og_description":"Erhalten Sie fachkundige Abrechnungsunterst\u00fctzung f\u00fcr 360 Antivirus Pro - den ultimativen Schutz f\u00fcr Ihre Ger\u00e4te. Kontaktieren Sie uns jetzt f\u00fcr zuverl\u00e4ssige Unterst\u00fctzung bei allen Abrechnungsfragen.","og_url":"https:\/\/www.360antiviruspro.com\/de\/abrechnungsunterstuetzung","og_site_name":"360 Antivirus Pro","article_modified_time":"2024-11-27T10:53:33+00:00","twitter_card":"summary_large_image","schema":{"@context":"https:\/\/schema.org","@graph":[{"@type":"WebPage","@id":"https:\/\/www.360antiviruspro.com\/de\/abrechnungsunterstuetzung","url":"https:\/\/www.360antiviruspro.com\/de\/abrechnungsunterstuetzung","name":"Abrechnungsunterst\u00fctzung - 360 Antivirus Pro","isPartOf":{"@id":"https:\/\/www.360antiviruspro.com\/de\/#website"},"datePublished":"2024-02-01T10:52:39+00:00","dateModified":"2024-11-27T10:53:33+00:00","description":"Erhalten Sie fachkundige Abrechnungsunterst\u00fctzung f\u00fcr 360 Antivirus Pro - den ultimativen Schutz f\u00fcr Ihre Ger\u00e4te. Kontaktieren Sie uns jetzt f\u00fcr zuverl\u00e4ssige Unterst\u00fctzung bei allen Abrechnungsfragen.","breadcrumb":{"@id":"https:\/\/www.360antiviruspro.com\/de\/abrechnungsunterstuetzung#breadcrumb"},"inLanguage":"de","potentialAction":[{"@type":"ReadAction","target":["https:\/\/www.360antiviruspro.com\/de\/abrechnungsunterstuetzung"]}]},{"@type":"BreadcrumbList","@id":"https:\/\/www.360antiviruspro.com\/de\/abrechnungsunterstuetzung#breadcrumb","itemListElement":[{"@type":"ListItem","position":1,"name":"Home","item":"https:\/\/www.360antiviruspro.com\/"},{"@type":"ListItem","position":2,"name":"Abrechnungsunterst\u00fctzung"}]},{"@type":"WebSite","@id":"https:\/\/www.360antiviruspro.com\/de\/#website","url":"https:\/\/www.360antiviruspro.com\/de\/","name":"360 Antivirus Pro","description":"Leaders in Antivirus Technology","potentialAction":[{"@type":"SearchAction","target":{"@type":"EntryPoint","urlTemplate":"https:\/\/www.360antiviruspro.com\/de\/?s={search_term_string}"},"query-input":{"@type":"PropertyValueSpecification","valueRequired":true,"valueName":"search_term_string"}}],"inLanguage":"de"}]}},"_links":{"self":[{"href":"https:\/\/www.360antiviruspro.com\/de\/wp-json\/wp\/v2\/pages\/19414","targetHints":{"allow":["GET"]}}],"collection":[{"href":"https:\/\/www.360antiviruspro.com\/de\/wp-json\/wp\/v2\/pages"}],"about":[{"href":"https:\/\/www.360antiviruspro.com\/de\/wp-json\/wp\/v2\/types\/page"}],"author":[{"embeddable":true,"href":"https:\/\/www.360antiviruspro.com\/de\/wp-json\/wp\/v2\/users\/1"}],"replies":[{"embeddable":true,"href":"https:\/\/www.360antiviruspro.com\/de\/wp-json\/wp\/v2\/comments?post=19414"}],"version-history":[{"count":2,"href":"https:\/\/www.360antiviruspro.com\/de\/wp-json\/wp\/v2\/pages\/19414\/revisions"}],"predecessor-version":[{"id":26565,"href":"https:\/\/www.360antiviruspro.com\/de\/wp-json\/wp\/v2\/pages\/19414\/revisions\/26565"}],"wp:attachment":[{"href":"https:\/\/www.360antiviruspro.com\/de\/wp-json\/wp\/v2\/media?parent=19414"}],"curies":[{"name":"wp","href":"https:\/\/api.w.org\/{rel}","templated":true}]}}