{"id":19655,"date":"2024-02-01T16:13:27","date_gmt":"2024-02-01T10:43:27","guid":{"rendered":"https:\/\/www.360antiviruspro.com\/technischer-support"},"modified":"2024-11-27T16:08:55","modified_gmt":"2024-11-27T10:38:55","slug":"technischer-support","status":"publish","type":"page","link":"https:\/\/www.360antiviruspro.com\/de\/technischer-support","title":{"rendered":"Technischer Support"},"content":{"rendered":"\t\t<div data-elementor-type=\"wp-page\" data-elementor-id=\"19655\" class=\"elementor elementor-19655 elementor-7307\" data-elementor-post-type=\"page\">\n\t\t\t\t\t\t<section class=\"elementor-section elementor-top-section elementor-element elementor-element-fa464cb elementor-section-height-min-height elementor-section-boxed elementor-section-height-default elementor-section-items-middle\" data-id=\"fa464cb\" data-element_type=\"section\" data-e-type=\"section\" data-settings=\"{&quot;background_background&quot;:&quot;classic&quot;}\">\n\t\t\t\t\t\t\t<div class=\"elementor-background-overlay\"><\/div>\n\t\t\t\t\t\t\t<div class=\"elementor-container elementor-column-gap-default\">\n\t\t\t\t\t<div class=\"elementor-column elementor-col-100 elementor-top-column elementor-element elementor-element-64bd02b\" data-id=\"64bd02b\" data-element_type=\"column\" data-e-type=\"column\">\n\t\t\t<div class=\"elementor-widget-wrap elementor-element-populated\">\n\t\t\t\t\t\t<div class=\"elementor-element elementor-element-5240259 elementor-widget elementor-widget-heading\" data-id=\"5240259\" data-element_type=\"widget\" data-e-type=\"widget\" data-widget_type=\"heading.default\">\n\t\t\t\t<div class=\"elementor-widget-container\">\n\t\t\t\t\t<h1 class=\"elementor-heading-title elementor-size-default\">Technischer Support<\/h1>\t\t\t\t<\/div>\n\t\t\t\t<\/div>\n\t\t\t\t<div class=\"elementor-element elementor-element-b852069 elementor-icon-list--layout-inline elementor-align-center elementor-list-item-link-full_width elementor-widget elementor-widget-icon-list\" data-id=\"b852069\" data-element_type=\"widget\" data-e-type=\"widget\" data-widget_type=\"icon-list.default\">\n\t\t\t\t<div class=\"elementor-widget-container\">\n\t\t\t\t\t\t\t<ul class=\"elementor-icon-list-items elementor-inline-items\">\n\t\t\t\t\t\t\t<li class=\"elementor-icon-list-item elementor-inline-item\">\n\t\t\t\t\t\t\t\t\t\t\t<a href=\"https:\/\/www.360antiviruspro.com\/de\">\n\n\t\t\t\t\t\t\t\t\t\t\t<span class=\"elementor-icon-list-text\"><span style=\"color:#fff\">Zuhause<\/span><\/span>\n\t\t\t\t\t\t\t\t\t\t\t<\/a>\n\t\t\t\t\t\t\t\t\t<\/li>\n\t\t\t\t\t\t\t\t<li class=\"elementor-icon-list-item elementor-inline-item\">\n\t\t\t\t\t\t\t\t\t\t\t<a href=\"https:\/\/www.360antiviruspro.com\/de\/unterstuetzung\">\n\n\t\t\t\t\t\t\t\t\t\t\t\t<span class=\"elementor-icon-list-icon\">\n\t\t\t\t\t\t\t<svg aria-hidden=\"true\" class=\"e-font-icon-svg e-fas-chevron-right\" viewBox=\"0 0 320 512\" xmlns=\"http:\/\/www.w3.org\/2000\/svg\"><path d=\"M285.476 272.971L91.132 467.314c-9.373 9.373-24.569 9.373-33.941 0l-22.667-22.667c-9.357-9.357-9.375-24.522-.04-33.901L188.505 256 34.484 101.255c-9.335-9.379-9.317-24.544.04-33.901l22.667-22.667c9.373-9.373 24.569-9.373 33.941 0L285.475 239.03c9.373 9.372 9.373 24.568.001 33.941z\"><\/path><\/svg>\t\t\t\t\t\t<\/span>\n\t\t\t\t\t\t\t\t\t\t<span class=\"elementor-icon-list-text\"><span style=\"color:#fff\">Unterst\u00fctzung<\/span><\/span>\n\t\t\t\t\t\t\t\t\t\t\t<\/a>\n\t\t\t\t\t\t\t\t\t<\/li>\n\t\t\t\t\t\t\t\t<li class=\"elementor-icon-list-item elementor-inline-item\">\n\t\t\t\t\t\t\t\t\t\t\t<span class=\"elementor-icon-list-icon\">\n\t\t\t\t\t\t\t<svg aria-hidden=\"true\" class=\"e-font-icon-svg e-fas-chevron-right\" viewBox=\"0 0 320 512\" xmlns=\"http:\/\/www.w3.org\/2000\/svg\"><path d=\"M285.476 272.971L91.132 467.314c-9.373 9.373-24.569 9.373-33.941 0l-22.667-22.667c-9.357-9.357-9.375-24.522-.04-33.901L188.505 256 34.484 101.255c-9.335-9.379-9.317-24.544.04-33.901l22.667-22.667c9.373-9.373 24.569-9.373 33.941 0L285.475 239.03c9.373 9.372 9.373 24.568.001 33.941z\"><\/path><\/svg>\t\t\t\t\t\t<\/span>\n\t\t\t\t\t\t\t\t\t\t<span class=\"elementor-icon-list-text\">Technischer Support<\/span>\n\t\t\t\t\t\t\t\t\t<\/li>\n\t\t\t\t\t\t<\/ul>\n\t\t\t\t\t\t<\/div>\n\t\t\t\t<\/div>\n\t\t\t\t\t<\/div>\n\t\t<\/div>\n\t\t\t\t\t<\/div>\n\t\t<\/section>\n\t\t<div class=\"elementor-element elementor-element-fb2dd87 e-flex e-con-boxed e-con e-parent\" data-id=\"fb2dd87\" data-element_type=\"container\" data-e-type=\"container\">\n\t\t\t\t\t<div class=\"e-con-inner\">\n\t\t\t\t<div class=\"elementor-element elementor-element-023495d elementor-widget elementor-widget-text-editor\" data-id=\"023495d\" data-element_type=\"widget\" data-e-type=\"widget\" data-widget_type=\"text-editor.default\">\n\t\t\t\t<div class=\"elementor-widget-container\">\n\t\t\t\t\t\t\t\t\t<p>Der technische Support bietet Ihnen eine umfassende Anleitung zur Einrichtung von Antivirensoftware auf Ihrem PC und zur Konfiguration der Sicherheitsfunktionen. Es hilft Ihnen, einige h\u00e4ufige Fragen wie Download-Probleme, Systemanforderungen, Navigation und Software-Updates leicht zu l\u00f6sen. <\/p>\n\t\t\t\t\t\t\t\t<\/div>\n\t\t\t\t<\/div>\n\t\t\t\t\t<\/div>\n\t\t\t\t<\/div>\n\t\t<div class=\"elementor-element elementor-element-7be3dc4 support-blog e-flex e-con-boxed e-con e-parent\" data-id=\"7be3dc4\" data-element_type=\"container\" data-e-type=\"container\">\n\t\t\t\t\t<div class=\"e-con-inner\">\n\t\t\t\t<div class=\"elementor-element elementor-element-7b70766 elementor-grid-3 elementor-grid-tablet-2 elementor-grid-mobile-1 elementor-posts--thumbnail-top elementor-card-shadow-yes elementor-posts__hover-gradient load-more-align-center elementor-widget elementor-widget-posts\" data-id=\"7b70766\" data-element_type=\"widget\" data-e-type=\"widget\" data-settings=\"{&quot;cards_row_gap&quot;:{&quot;unit&quot;:&quot;px&quot;,&quot;size&quot;:17,&quot;sizes&quot;:[]},&quot;pagination_type&quot;:&quot;load_more_on_click&quot;,&quot;cards_columns&quot;:&quot;3&quot;,&quot;cards_columns_tablet&quot;:&quot;2&quot;,&quot;cards_columns_mobile&quot;:&quot;1&quot;,&quot;cards_row_gap_widescreen&quot;:{&quot;unit&quot;:&quot;px&quot;,&quot;size&quot;:&quot;&quot;,&quot;sizes&quot;:[]},&quot;cards_row_gap_laptop&quot;:{&quot;unit&quot;:&quot;px&quot;,&quot;size&quot;:&quot;&quot;,&quot;sizes&quot;:[]},&quot;cards_row_gap_tablet_extra&quot;:{&quot;unit&quot;:&quot;px&quot;,&quot;size&quot;:&quot;&quot;,&quot;sizes&quot;:[]},&quot;cards_row_gap_tablet&quot;:{&quot;unit&quot;:&quot;px&quot;,&quot;size&quot;:&quot;&quot;,&quot;sizes&quot;:[]},&quot;cards_row_gap_mobile_extra&quot;:{&quot;unit&quot;:&quot;px&quot;,&quot;size&quot;:&quot;&quot;,&quot;sizes&quot;:[]},&quot;cards_row_gap_mobile&quot;:{&quot;unit&quot;:&quot;px&quot;,&quot;size&quot;:&quot;&quot;,&quot;sizes&quot;:[]},&quot;load_more_spinner&quot;:{&quot;value&quot;:&quot;fas fa-spinner&quot;,&quot;library&quot;:&quot;fa-solid&quot;}}\" data-widget_type=\"posts.cards\">\n\t\t\t\t<div class=\"elementor-widget-container\">\n\t\t\t\t\t\t\t<div class=\"elementor-posts-container elementor-posts elementor-posts--skin-cards elementor-grid\" role=\"list\">\n\t\t\t\t<article class=\"elementor-post elementor-grid-item post-21743 docs type-docs status-publish hentry docs-type-technical-support\" role=\"listitem\">\n\t\t\t<div class=\"elementor-post__card\">\n\t\t\t\t<div class=\"elementor-post__text\">\n\t\t\t\t<h2 class=\"elementor-post__title\">\n\t\t\t<a href=\"https:\/\/www.360antiviruspro.com\/de\/wie-man-chrome-erweiterungen-aktualisiert\" >\n\t\t\t\tWie man Chrome-Erweiterungen aktualisiert\t\t\t<\/a>\n\t\t<\/h2>\n\t\t\n\t\t<a class=\"elementor-post__read-more\" href=\"https:\/\/www.360antiviruspro.com\/de\/wie-man-chrome-erweiterungen-aktualisiert\" aria-label=\"Read more about Wie man Chrome-Erweiterungen aktualisiert\" tabindex=\"-1\" >\n\t\t\tMehr lesen \u00bb\t\t<\/a>\n\n\t\t\t\t<\/div>\n\t\t\t\t\t<\/div>\n\t\t<\/article>\n\t\t\t\t<article class=\"elementor-post elementor-grid-item post-20786 docs type-docs status-publish hentry docs-type-technical-support\" role=\"listitem\">\n\t\t\t<div class=\"elementor-post__card\">\n\t\t\t\t<div class=\"elementor-post__text\">\n\t\t\t\t<h2 class=\"elementor-post__title\">\n\t\t\t<a href=\"https:\/\/www.360antiviruspro.com\/de\/wie-man-den-echtzeitschutz-aktiviert\" >\n\t\t\t\tWie man den Echtzeitschutz aktiviert\t\t\t<\/a>\n\t\t<\/h2>\n\t\t\n\t\t<a class=\"elementor-post__read-more\" href=\"https:\/\/www.360antiviruspro.com\/de\/wie-man-den-echtzeitschutz-aktiviert\" aria-label=\"Read more about Wie man den Echtzeitschutz aktiviert\" tabindex=\"-1\" >\n\t\t\tMehr lesen \u00bb\t\t<\/a>\n\n\t\t\t\t<\/div>\n\t\t\t\t\t<\/div>\n\t\t<\/article>\n\t\t\t\t<article class=\"elementor-post elementor-grid-item post-21442 docs type-docs status-publish hentry docs-type-technical-support\" role=\"listitem\">\n\t\t\t<div class=\"elementor-post__card\">\n\t\t\t\t<div class=\"elementor-post__text\">\n\t\t\t\t<h2 class=\"elementor-post__title\">\n\t\t\t<a href=\"https:\/\/www.360antiviruspro.com\/de\/probleme-beim-herunterladen-installieren-und-zugreifen-auf-360-antivirus-pro\" >\n\t\t\t\tProbleme beim Herunterladen, Installieren und Zugreifen auf 360 Antivirus Pro?\t\t\t<\/a>\n\t\t<\/h2>\n\t\t\n\t\t<a class=\"elementor-post__read-more\" href=\"https:\/\/www.360antiviruspro.com\/de\/probleme-beim-herunterladen-installieren-und-zugreifen-auf-360-antivirus-pro\" aria-label=\"Read more about Probleme beim Herunterladen, Installieren und Zugreifen auf 360 Antivirus Pro?\" tabindex=\"-1\" >\n\t\t\tMehr lesen \u00bb\t\t<\/a>\n\n\t\t\t\t<\/div>\n\t\t\t\t\t<\/div>\n\t\t<\/article>\n\t\t\t\t<article class=\"elementor-post elementor-grid-item post-21403 docs type-docs status-publish hentry docs-type-technical-support\" role=\"listitem\">\n\t\t\t<div class=\"elementor-post__card\">\n\t\t\t\t<div class=\"elementor-post__text\">\n\t\t\t\t<h2 class=\"elementor-post__title\">\n\t\t\t<a href=\"https:\/\/www.360antiviruspro.com\/de\/requisiti-di-sistema\" >\n\t\t\t\tRequisiti di sistema?\t\t\t<\/a>\n\t\t<\/h2>\n\t\t\n\t\t<a class=\"elementor-post__read-more\" href=\"https:\/\/www.360antiviruspro.com\/de\/requisiti-di-sistema\" aria-label=\"Read more about Requisiti di sistema?\" tabindex=\"-1\" >\n\t\t\tMehr lesen \u00bb\t\t<\/a>\n\n\t\t\t\t<\/div>\n\t\t\t\t\t<\/div>\n\t\t<\/article>\n\t\t\t\t<article class=\"elementor-post elementor-grid-item post-21834 docs type-docs status-publish hentry docs-type-technical-support\" role=\"listitem\">\n\t\t\t<div class=\"elementor-post__card\">\n\t\t\t\t<div class=\"elementor-post__text\">\n\t\t\t\t<h2 class=\"elementor-post__title\">\n\t\t\t<a href=\"https:\/\/www.360antiviruspro.com\/de\/wie-deinstalliert-man-360-antivirus-pro\" >\n\t\t\t\tWie deinstalliert man 360 Antivirus Pro?\t\t\t<\/a>\n\t\t<\/h2>\n\t\t\n\t\t<a class=\"elementor-post__read-more\" href=\"https:\/\/www.360antiviruspro.com\/de\/wie-deinstalliert-man-360-antivirus-pro\" aria-label=\"Read more about Wie deinstalliert man 360 Antivirus Pro?\" tabindex=\"-1\" >\n\t\t\tMehr lesen \u00bb\t\t<\/a>\n\n\t\t\t\t<\/div>\n\t\t\t\t\t<\/div>\n\t\t<\/article>\n\t\t\t\t<article class=\"elementor-post elementor-grid-item post-22310 docs type-docs status-publish hentry docs-type-technical-support\" role=\"listitem\">\n\t\t\t<div class=\"elementor-post__card\">\n\t\t\t\t<div class=\"elementor-post__text\">\n\t\t\t\t<h2 class=\"elementor-post__title\">\n\t\t\t<a href=\"https:\/\/www.360antiviruspro.com\/de\/wie-man-360-antivirus-pro-auf-seinem-computer-herunterlaedt-und-installiert\" >\n\t\t\t\tWie man 360 Antivirus Pro auf seinem Computer herunterl\u00e4dt und installiert?\t\t\t<\/a>\n\t\t<\/h2>\n\t\t\n\t\t<a class=\"elementor-post__read-more\" href=\"https:\/\/www.360antiviruspro.com\/de\/wie-man-360-antivirus-pro-auf-seinem-computer-herunterlaedt-und-installiert\" aria-label=\"Read more about Wie man 360 Antivirus Pro auf seinem Computer herunterl\u00e4dt und installiert?\" tabindex=\"-1\" >\n\t\t\tMehr lesen \u00bb\t\t<\/a>\n\n\t\t\t\t<\/div>\n\t\t\t\t\t<\/div>\n\t\t<\/article>\n\t\t\t\t<\/div>\n\t\t\t\t\t<span class=\"e-load-more-spinner\">\n\t\t\t\t<svg aria-hidden=\"true\" class=\"e-font-icon-svg e-fas-spinner\" viewBox=\"0 0 512 512\" xmlns=\"http:\/\/www.w3.org\/2000\/svg\"><path d=\"M304 48c0 26.51-21.49 48-48 48s-48-21.49-48-48 21.49-48 48-48 48 21.49 48 48zm-48 368c-26.51 0-48 21.49-48 48s21.49 48 48 48 48-21.49 48-48-21.49-48-48-48zm208-208c-26.51 0-48 21.49-48 48s21.49 48 48 48 48-21.49 48-48-21.49-48-48-48zM96 256c0-26.51-21.49-48-48-48S0 229.49 0 256s21.49 48 48 48 48-21.49 48-48zm12.922 99.078c-26.51 0-48 21.49-48 48s21.49 48 48 48 48-21.49 48-48c0-26.509-21.491-48-48-48zm294.156 0c-26.51 0-48 21.49-48 48s21.49 48 48 48 48-21.49 48-48c0-26.509-21.49-48-48-48zM108.922 60.922c-26.51 0-48 21.49-48 48s21.49 48 48 48 48-21.49 48-48-21.491-48-48-48z\"><\/path><\/svg>\t\t\t<\/span>\n\t\t\n\t\t\t\t\t\t<\/div>\n\t\t\t\t<\/div>\n\t\t\t\t\t<\/div>\n\t\t\t\t<\/div>\n\t\t\t\t<\/div>\n\t\t","protected":false},"excerpt":{"rendered":"<p>Zuhause Unterst\u00fctzung Der technische Support bietet Ihnen eine umfassende Anleitung zur Einrichtung von Antivirensoftware auf Ihrem PC und zur Konfiguration der Sicherheitsfunktionen. Es hilft Ihnen,<\/p>\n","protected":false},"author":1,"featured_media":0,"parent":0,"menu_order":0,"comment_status":"closed","ping_status":"closed","template":"elementor_header_footer","meta":{"_acf_changed":false,"footnotes":""},"class_list":["post-19655","page","type-page","status-publish","hentry"],"acf":[],"yoast_head":"<!-- This site is optimized with the Yoast SEO plugin v27.3 - https:\/\/yoast.com\/product\/yoast-seo-wordpress\/ -->\n<title>Technischer Support f\u00fcr 360 Antivirus Pro - Schnell Zuverl\u00e4ssig<\/title>\n<meta name=\"description\" content=\"Erhalten Sie schnellen und zuverl\u00e4ssigen technischen Support f\u00fcr 360 Antivirus Pro. Unser Expertenteam steht Ihnen bei allen technischen Problemen zur Verf\u00fcgung und sorgt f\u00fcr Ihre Ruhe.\" \/>\n<meta name=\"robots\" content=\"index, follow, max-snippet:-1, max-image-preview:large, max-video-preview:-1\" \/>\n<link rel=\"canonical\" href=\"https:\/\/www.360antiviruspro.com\/de\/technischer-support\" \/>\n<meta property=\"og:locale\" content=\"de_DE\" \/>\n<meta property=\"og:type\" content=\"article\" \/>\n<meta property=\"og:title\" content=\"Technischer Support f\u00fcr 360 Antivirus Pro - Schnell Zuverl\u00e4ssig\" \/>\n<meta property=\"og:description\" content=\"Erhalten Sie schnellen und zuverl\u00e4ssigen technischen Support f\u00fcr 360 Antivirus Pro. Unser Expertenteam steht Ihnen bei allen technischen Problemen zur Verf\u00fcgung und sorgt f\u00fcr Ihre Ruhe.\" \/>\n<meta property=\"og:url\" content=\"https:\/\/www.360antiviruspro.com\/de\/technischer-support\" \/>\n<meta property=\"og:site_name\" content=\"360 Antivirus Pro\" \/>\n<meta property=\"article:modified_time\" content=\"2024-11-27T10:38:55+00:00\" \/>\n<meta name=\"twitter:card\" content=\"summary_large_image\" \/>\n<script type=\"application\/ld+json\" class=\"yoast-schema-graph\">{\"@context\":\"https:\\\/\\\/schema.org\",\"@graph\":[{\"@type\":\"WebPage\",\"@id\":\"https:\\\/\\\/www.360antiviruspro.com\\\/de\\\/technischer-support\",\"url\":\"https:\\\/\\\/www.360antiviruspro.com\\\/de\\\/technischer-support\",\"name\":\"Technischer Support f\u00fcr 360 Antivirus Pro - Schnell Zuverl\u00e4ssig\",\"isPartOf\":{\"@id\":\"https:\\\/\\\/www.360antiviruspro.com\\\/de\\\/#website\"},\"datePublished\":\"2024-02-01T10:43:27+00:00\",\"dateModified\":\"2024-11-27T10:38:55+00:00\",\"description\":\"Erhalten Sie schnellen und zuverl\u00e4ssigen technischen Support f\u00fcr 360 Antivirus Pro. Unser Expertenteam steht Ihnen bei allen technischen Problemen zur Verf\u00fcgung und sorgt f\u00fcr Ihre Ruhe.\",\"breadcrumb\":{\"@id\":\"https:\\\/\\\/www.360antiviruspro.com\\\/de\\\/technischer-support#breadcrumb\"},\"inLanguage\":\"de\",\"potentialAction\":[{\"@type\":\"ReadAction\",\"target\":[\"https:\\\/\\\/www.360antiviruspro.com\\\/de\\\/technischer-support\"]}]},{\"@type\":\"BreadcrumbList\",\"@id\":\"https:\\\/\\\/www.360antiviruspro.com\\\/de\\\/technischer-support#breadcrumb\",\"itemListElement\":[{\"@type\":\"ListItem\",\"position\":1,\"name\":\"Home\",\"item\":\"https:\\\/\\\/www.360antiviruspro.com\\\/\"},{\"@type\":\"ListItem\",\"position\":2,\"name\":\"Technischer Support\"}]},{\"@type\":\"WebSite\",\"@id\":\"https:\\\/\\\/www.360antiviruspro.com\\\/de\\\/#website\",\"url\":\"https:\\\/\\\/www.360antiviruspro.com\\\/de\\\/\",\"name\":\"360 Antivirus Pro\",\"description\":\"Leaders in Antivirus Technology\",\"potentialAction\":[{\"@type\":\"SearchAction\",\"target\":{\"@type\":\"EntryPoint\",\"urlTemplate\":\"https:\\\/\\\/www.360antiviruspro.com\\\/de\\\/?s={search_term_string}\"},\"query-input\":{\"@type\":\"PropertyValueSpecification\",\"valueRequired\":true,\"valueName\":\"search_term_string\"}}],\"inLanguage\":\"de\"}]}<\/script>\n<!-- \/ Yoast SEO plugin. -->","yoast_head_json":{"title":"Technischer Support f\u00fcr 360 Antivirus Pro - Schnell Zuverl\u00e4ssig","description":"Erhalten Sie schnellen und zuverl\u00e4ssigen technischen Support f\u00fcr 360 Antivirus Pro. Unser Expertenteam steht Ihnen bei allen technischen Problemen zur Verf\u00fcgung und sorgt f\u00fcr Ihre Ruhe.","robots":{"index":"index","follow":"follow","max-snippet":"max-snippet:-1","max-image-preview":"max-image-preview:large","max-video-preview":"max-video-preview:-1"},"canonical":"https:\/\/www.360antiviruspro.com\/de\/technischer-support","og_locale":"de_DE","og_type":"article","og_title":"Technischer Support f\u00fcr 360 Antivirus Pro - Schnell Zuverl\u00e4ssig","og_description":"Erhalten Sie schnellen und zuverl\u00e4ssigen technischen Support f\u00fcr 360 Antivirus Pro. Unser Expertenteam steht Ihnen bei allen technischen Problemen zur Verf\u00fcgung und sorgt f\u00fcr Ihre Ruhe.","og_url":"https:\/\/www.360antiviruspro.com\/de\/technischer-support","og_site_name":"360 Antivirus Pro","article_modified_time":"2024-11-27T10:38:55+00:00","twitter_card":"summary_large_image","schema":{"@context":"https:\/\/schema.org","@graph":[{"@type":"WebPage","@id":"https:\/\/www.360antiviruspro.com\/de\/technischer-support","url":"https:\/\/www.360antiviruspro.com\/de\/technischer-support","name":"Technischer Support f\u00fcr 360 Antivirus Pro - Schnell Zuverl\u00e4ssig","isPartOf":{"@id":"https:\/\/www.360antiviruspro.com\/de\/#website"},"datePublished":"2024-02-01T10:43:27+00:00","dateModified":"2024-11-27T10:38:55+00:00","description":"Erhalten Sie schnellen und zuverl\u00e4ssigen technischen Support f\u00fcr 360 Antivirus Pro. Unser Expertenteam steht Ihnen bei allen technischen Problemen zur Verf\u00fcgung und sorgt f\u00fcr Ihre Ruhe.","breadcrumb":{"@id":"https:\/\/www.360antiviruspro.com\/de\/technischer-support#breadcrumb"},"inLanguage":"de","potentialAction":[{"@type":"ReadAction","target":["https:\/\/www.360antiviruspro.com\/de\/technischer-support"]}]},{"@type":"BreadcrumbList","@id":"https:\/\/www.360antiviruspro.com\/de\/technischer-support#breadcrumb","itemListElement":[{"@type":"ListItem","position":1,"name":"Home","item":"https:\/\/www.360antiviruspro.com\/"},{"@type":"ListItem","position":2,"name":"Technischer Support"}]},{"@type":"WebSite","@id":"https:\/\/www.360antiviruspro.com\/de\/#website","url":"https:\/\/www.360antiviruspro.com\/de\/","name":"360 Antivirus Pro","description":"Leaders in Antivirus Technology","potentialAction":[{"@type":"SearchAction","target":{"@type":"EntryPoint","urlTemplate":"https:\/\/www.360antiviruspro.com\/de\/?s={search_term_string}"},"query-input":{"@type":"PropertyValueSpecification","valueRequired":true,"valueName":"search_term_string"}}],"inLanguage":"de"}]}},"_links":{"self":[{"href":"https:\/\/www.360antiviruspro.com\/de\/wp-json\/wp\/v2\/pages\/19655","targetHints":{"allow":["GET"]}}],"collection":[{"href":"https:\/\/www.360antiviruspro.com\/de\/wp-json\/wp\/v2\/pages"}],"about":[{"href":"https:\/\/www.360antiviruspro.com\/de\/wp-json\/wp\/v2\/types\/page"}],"author":[{"embeddable":true,"href":"https:\/\/www.360antiviruspro.com\/de\/wp-json\/wp\/v2\/users\/1"}],"replies":[{"embeddable":true,"href":"https:\/\/www.360antiviruspro.com\/de\/wp-json\/wp\/v2\/comments?post=19655"}],"version-history":[{"count":2,"href":"https:\/\/www.360antiviruspro.com\/de\/wp-json\/wp\/v2\/pages\/19655\/revisions"}],"predecessor-version":[{"id":26551,"href":"https:\/\/www.360antiviruspro.com\/de\/wp-json\/wp\/v2\/pages\/19655\/revisions\/26551"}],"wp:attachment":[{"href":"https:\/\/www.360antiviruspro.com\/de\/wp-json\/wp\/v2\/media?parent=19655"}],"curies":[{"name":"wp","href":"https:\/\/api.w.org\/{rel}","templated":true}]}}