{"id":20044,"date":"2023-06-26T11:19:27","date_gmt":"2023-06-26T05:49:27","guid":{"rendered":"https:\/\/www.360antiviruspro.com\/rueckerstattungsrichtlinie-fuer-360-antivirus-pro"},"modified":"2024-10-29T16:24:53","modified_gmt":"2024-10-29T10:54:53","slug":"rueckerstattungsrichtlinie","status":"publish","type":"page","link":"https:\/\/www.360antiviruspro.com\/de\/rueckerstattungsrichtlinie","title":{"rendered":"R\u00fcckerstattungsrichtlinie f\u00fcr 360 Antivirus Pro"},"content":{"rendered":"\t\t<div data-elementor-type=\"wp-page\" data-elementor-id=\"20044\" class=\"elementor elementor-20044 elementor-1555\" data-elementor-post-type=\"page\">\n\t\t\t\t\t\t<section class=\"elementor-section elementor-top-section elementor-element elementor-element-b4609fd elementor-section-height-min-height elementor-section-boxed elementor-section-height-default elementor-section-items-middle\" data-id=\"b4609fd\" data-element_type=\"section\" data-e-type=\"section\" data-settings=\"{&quot;background_background&quot;:&quot;classic&quot;}\">\n\t\t\t\t\t\t\t<div class=\"elementor-background-overlay\"><\/div>\n\t\t\t\t\t\t\t<div class=\"elementor-container elementor-column-gap-default\">\n\t\t\t\t\t<div class=\"elementor-column elementor-col-100 elementor-top-column elementor-element elementor-element-32eeffa\" data-id=\"32eeffa\" data-element_type=\"column\" data-e-type=\"column\">\n\t\t\t<div class=\"elementor-widget-wrap elementor-element-populated\">\n\t\t\t\t\t\t<div class=\"elementor-element elementor-element-9b124c3 elementor-widget elementor-widget-heading\" data-id=\"9b124c3\" data-element_type=\"widget\" data-e-type=\"widget\" data-widget_type=\"heading.default\">\n\t\t\t\t<div class=\"elementor-widget-container\">\n\t\t\t\t\t<h1 class=\"elementor-heading-title elementor-size-default\">R\u00fcckerstattungsrichtlinie f\u00fcr 360 Antivirus Pro<\/h1>\t\t\t\t<\/div>\n\t\t\t\t<\/div>\n\t\t\t\t<div class=\"elementor-element elementor-element-91c3147 elementor-icon-list--layout-inline elementor-align-center elementor-list-item-link-full_width elementor-widget elementor-widget-icon-list\" data-id=\"91c3147\" data-element_type=\"widget\" data-e-type=\"widget\" data-widget_type=\"icon-list.default\">\n\t\t\t\t<div class=\"elementor-widget-container\">\n\t\t\t\t\t\t\t<ul class=\"elementor-icon-list-items elementor-inline-items\">\n\t\t\t\t\t\t\t<li class=\"elementor-icon-list-item elementor-inline-item\">\n\t\t\t\t\t\t\t\t\t\t<span class=\"elementor-icon-list-text\">Zuhause<\/span>\n\t\t\t\t\t\t\t\t\t<\/li>\n\t\t\t\t\t\t\t\t<li class=\"elementor-icon-list-item elementor-inline-item\">\n\t\t\t\t\t\t\t\t\t\t\t<span class=\"elementor-icon-list-icon\">\n\t\t\t\t\t\t\t<svg aria-hidden=\"true\" class=\"e-font-icon-svg e-fas-chevron-right\" viewBox=\"0 0 320 512\" xmlns=\"http:\/\/www.w3.org\/2000\/svg\"><path d=\"M285.476 272.971L91.132 467.314c-9.373 9.373-24.569 9.373-33.941 0l-22.667-22.667c-9.357-9.357-9.375-24.522-.04-33.901L188.505 256 34.484 101.255c-9.335-9.379-9.317-24.544.04-33.901l22.667-22.667c9.373-9.373 24.569-9.373 33.941 0L285.475 239.03c9.373 9.372 9.373 24.568.001 33.941z\"><\/path><\/svg>\t\t\t\t\t\t<\/span>\n\t\t\t\t\t\t\t\t\t\t<span class=\"elementor-icon-list-text\">R\u00fcckerstattungsrichtlinie<\/span>\n\t\t\t\t\t\t\t\t\t<\/li>\n\t\t\t\t\t\t<\/ul>\n\t\t\t\t\t\t<\/div>\n\t\t\t\t<\/div>\n\t\t\t\t\t<\/div>\n\t\t<\/div>\n\t\t\t\t\t<\/div>\n\t\t<\/section>\n\t\t\t\t<section class=\"elementor-section elementor-top-section elementor-element elementor-element-958b229 elementor-section-boxed elementor-section-height-default elementor-section-height-default\" data-id=\"958b229\" data-element_type=\"section\" data-e-type=\"section\">\n\t\t\t\t\t\t<div class=\"elementor-container elementor-column-gap-default\">\n\t\t\t\t\t<div class=\"elementor-column elementor-col-100 elementor-top-column elementor-element elementor-element-0c592ce\" data-id=\"0c592ce\" data-element_type=\"column\" data-e-type=\"column\">\n\t\t\t<div class=\"elementor-widget-wrap elementor-element-populated\">\n\t\t\t\t\t\t<div class=\"elementor-element elementor-element-877cfa3 elementor-widget elementor-widget-text-editor\" data-id=\"877cfa3\" data-element_type=\"widget\" data-e-type=\"widget\" data-widget_type=\"text-editor.default\">\n\t\t\t\t<div class=\"elementor-widget-container\">\n\t\t\t\t\t\t\t\t\t<p>Bei 360 Antivirus Pro, einer eingetragenen Marke von GLBL TRADELINES PVT LTD., m\u00f6chten wir sicherstellen, dass Sie mit unserer Software rundum zufrieden sind. Wir stehen hinter der Qualit\u00e4t und Wirksamkeit unseres Produkts und bem\u00fchen uns, Ihnen au\u00dfergew\u00f6hnliche digitale Sicherheit zu bieten. Wir verstehen jedoch, dass Umst\u00e4nde auftreten k\u00f6nnen, in denen Sie eine R\u00fcckerstattung beantragen m\u00fcssen. Bitte lesen Sie unsere R\u00fcckerstattungsrichtlinie sorgf\u00e4ltig durch, um die Bedingungen und Konditionen zu verstehen:   <\/p>\n\t\t\t\t\t\t\t\t<\/div>\n\t\t\t\t<\/div>\n\t\t\t\t\t<\/div>\n\t\t<\/div>\n\t\t\t\t\t<\/div>\n\t\t<\/section>\n\t\t\t\t<section class=\"elementor-section elementor-top-section elementor-element elementor-element-9847770 elementor-section-boxed elementor-section-height-default elementor-section-height-default\" data-id=\"9847770\" data-element_type=\"section\" data-e-type=\"section\">\n\t\t\t\t\t\t<div class=\"elementor-container elementor-column-gap-default\">\n\t\t\t\t\t<div class=\"elementor-column elementor-col-100 elementor-top-column elementor-element elementor-element-64630ec\" data-id=\"64630ec\" data-element_type=\"column\" data-e-type=\"column\">\n\t\t\t<div class=\"elementor-widget-wrap elementor-element-populated\">\n\t\t\t\t\t\t<div class=\"elementor-element elementor-element-7f75f63 elementor-widget elementor-widget-heading\" data-id=\"7f75f63\" data-element_type=\"widget\" data-e-type=\"widget\" data-widget_type=\"heading.default\">\n\t\t\t\t<div class=\"elementor-widget-container\">\n\t\t\t\t\t<h2 class=\"elementor-heading-title elementor-size-default\">60-Tage-Geld-zur\u00fcck-Garantie <\/h2>\t\t\t\t<\/div>\n\t\t\t\t<\/div>\n\t\t\t\t<div class=\"elementor-element elementor-element-fedbe51 elementor-widget elementor-widget-text-editor\" data-id=\"fedbe51\" data-element_type=\"widget\" data-e-type=\"widget\" data-widget_type=\"text-editor.default\">\n\t\t\t\t<div class=\"elementor-widget-container\">\n\t\t\t\t\t\t\t\t\t<p>Wir bieten eine <a href=\"https:\/\/www.360antiviruspro.com\/de\/60-tage-geld-zurueck-garantie\">60-t\u00e4gige Geld-zur\u00fcck-Garantie<\/a> auf K\u00e4ufe von 360 Antivirus Pro an. Wenn Sie innerhalb von 60 Tagen nach Ihrem urspr\u00fcnglichen Kauf mit dem Produkt nicht zufrieden sind oder es nicht Ihren Erwartungen entspricht, k\u00f6nnten Sie Anspruch auf eine R\u00fcckerstattung haben. <\/p>\n\t\t\t\t\t\t\t\t<\/div>\n\t\t\t\t<\/div>\n\t\t\t\t<div class=\"elementor-element elementor-element-a968cb2 elementor-widget elementor-widget-heading\" data-id=\"a968cb2\" data-element_type=\"widget\" data-e-type=\"widget\" data-widget_type=\"heading.default\">\n\t\t\t\t<div class=\"elementor-widget-container\">\n\t\t\t\t\t<h3 class=\"elementor-heading-title elementor-size-default\">Anspruch auf R\u00fcckerstattung<\/h3>\t\t\t\t<\/div>\n\t\t\t\t<\/div>\n\t\t\t\t<div class=\"elementor-element elementor-element-3c31157 elementor-widget elementor-widget-text-editor\" data-id=\"3c31157\" data-element_type=\"widget\" data-e-type=\"widget\" data-widget_type=\"text-editor.default\">\n\t\t\t\t<div class=\"elementor-widget-container\">\n\t\t\t\t\t\t\t\t\tUm f\u00fcr eine R\u00fcckerstattung in Frage zu kommen, m\u00fcssen die folgenden Bedingungen erf\u00fcllt sein: \u2013 Ihre R\u00fcckerstattungsanfrage muss innerhalb von 60 Tagen nach dem urspr\u00fcnglichen Kaufdatum erfolgen. \u2013 Sie haben eine g\u00fcltige Lizenz von 360 Antivirus Pro direkt von unserer offiziellen Website oder von autorisierten H\u00e4ndlern erworben. \u2013 Sie legen einen g\u00fcltigen Kaufnachweis vor, wie die Bestellbest\u00e4tigung oder Rechnung.   \t\t\t\t\t\t\t\t<\/div>\n\t\t\t\t<\/div>\n\t\t\t\t<div class=\"elementor-element elementor-element-9f32502 elementor-widget elementor-widget-heading\" data-id=\"9f32502\" data-element_type=\"widget\" data-e-type=\"widget\" data-widget_type=\"heading.default\">\n\t\t\t\t<div class=\"elementor-widget-container\">\n\t\t\t\t\t<h3 class=\"elementor-heading-title elementor-size-default\">Kontaktaufnahme mit dem Kundenservice <\/h3>\t\t\t\t<\/div>\n\t\t\t\t<\/div>\n\t\t\t\t<div class=\"elementor-element elementor-element-57b73f8 elementor-widget elementor-widget-text-editor\" data-id=\"57b73f8\" data-element_type=\"widget\" data-e-type=\"widget\" data-widget_type=\"text-editor.default\">\n\t\t\t\t<div class=\"elementor-widget-container\">\n\t\t\t\t\t\t\t\t\tUm den R\u00fcckerstattungsprozess einzuleiten, kontaktieren Sie bitte unser Kundenserviceteam \u00fcber einen der verf\u00fcgbaren Kan\u00e4le, wie unsere Hotline oder den E-Mail-Support. Bitte geben Sie klar Ihren Antrag auf R\u00fcckerstattung an und f\u00fcgen Sie die erforderlichen Details hinzu, einschlie\u00dflich Ihres Namens, Ihrer Bestellnummer und des Grundes f\u00fcr Ihren R\u00fcckerstattungsantrag.  \t\t\t\t\t\t\t\t<\/div>\n\t\t\t\t<\/div>\n\t\t\t\t<div class=\"elementor-element elementor-element-a4eb593 elementor-widget elementor-widget-heading\" data-id=\"a4eb593\" data-element_type=\"widget\" data-e-type=\"widget\" data-widget_type=\"heading.default\">\n\t\t\t\t<div class=\"elementor-widget-container\">\n\t\t\t\t\t<h3 class=\"elementor-heading-title elementor-size-default\">R\u00fcckerstattungsbearbeitung <\/h3>\t\t\t\t<\/div>\n\t\t\t\t<\/div>\n\t\t\t\t<div class=\"elementor-element elementor-element-6f75b33 elementor-widget elementor-widget-text-editor\" data-id=\"6f75b33\" data-element_type=\"widget\" data-e-type=\"widget\" data-widget_type=\"text-editor.default\">\n\t\t\t\t<div class=\"elementor-widget-container\">\n\t\t\t\t\t\t\t\t\tNach Erhalt Ihrer R\u00fcckerstattungsanfrage und der \u00dcberpr\u00fcfung der Anspruchsvoraussetzungen wird unser Kundenserviceteam Sie durch den R\u00fcckerstattungsprozess f\u00fchren. Die R\u00fcckerstattung wird \u00fcber dieselbe Zahlungsmethode bearbeitet, die f\u00fcr den urspr\u00fcnglichen Kauf verwendet wurde. Bitte beachten Sie, dass die R\u00fcckerstattung je nach Ihrer Finanzinstitution 5-7 Werktage in Anspruch nehmen kann, bis sie auf Ihrem Konto erscheint.(bank, credit card or any other payment method).   \t\t\t\t\t\t\t\t<\/div>\n\t\t\t\t<\/div>\n\t\t\t\t<div class=\"elementor-element elementor-element-e71b50f elementor-widget elementor-widget-heading\" data-id=\"e71b50f\" data-element_type=\"widget\" data-e-type=\"widget\" data-widget_type=\"heading.default\">\n\t\t\t\t<div class=\"elementor-widget-container\">\n\t\t\t\t\t<h3 class=\"elementor-heading-title elementor-size-default\">Nicht erstattungsf\u00e4hige Situationen <\/h3>\t\t\t\t<\/div>\n\t\t\t\t<\/div>\n\t\t\t\t<div class=\"elementor-element elementor-element-937c975 elementor-widget elementor-widget-text-editor\" data-id=\"937c975\" data-element_type=\"widget\" data-e-type=\"widget\" data-widget_type=\"text-editor.default\">\n\t\t\t\t<div class=\"elementor-widget-container\">\n\t\t\t\t\t\t\t\t\t<p><b>Bitte beachten Sie, dass bestimmte Situationen m\u00f6glicherweise nicht f\u00fcr eine R\u00fcckerstattung in Frage kommen, einschlie\u00dflich<\/b>: \u2013 Anfragen, die nach dem 60-t\u00e4gigen R\u00fcckerstattungszeitraum gestellt werden. \u2013 K\u00e4ufe von nicht autorisierten Drittanbietern oder Websites. \u2013 R\u00fcckerstattungen wurden beantragt aufgrund technischer Probleme, die mit der Unterst\u00fctzung unseres Kundenserviceteams gel\u00f6st werden k\u00f6nnen. Sie k\u00f6nnen uns unter support@360antiviruspro.com kontaktieren.   <\/p>\n\t\t\t\t\t\t\t\t<\/div>\n\t\t\t\t<\/div>\n\t\t\t\t<div class=\"elementor-element elementor-element-41eef58 elementor-widget elementor-widget-heading\" data-id=\"41eef58\" data-element_type=\"widget\" data-e-type=\"widget\" data-widget_type=\"heading.default\">\n\t\t\t\t<div class=\"elementor-widget-container\">\n\t\t\t\t\t<h3 class=\"elementor-heading-title elementor-size-default\">Software-Entfernung <\/h3>\t\t\t\t<\/div>\n\t\t\t\t<\/div>\n\t\t\t\t<div class=\"elementor-element elementor-element-a336352 elementor-widget elementor-widget-text-editor\" data-id=\"a336352\" data-element_type=\"widget\" data-e-type=\"widget\" data-widget_type=\"text-editor.default\">\n\t\t\t\t<div class=\"elementor-widget-container\">\n\t\t\t\t\t\t\t\t\t<p>Nach Erhalt einer R\u00fcckerstattung sind Sie verpflichtet, die lizenzierte Kopie von 360 Antivirus Pro von Ihrem System zu entfernen und zu deinstallieren. Die fortgesetzte Nutzung der Software nach Erhalt einer R\u00fcckerstattung verst\u00f6\u00dft gegen unsere R\u00fcckerstattungsrichtlinien. <\/p>\n\t\t\t\t\t\t\t\t<\/div>\n\t\t\t\t<\/div>\n\t\t\t\t<div class=\"elementor-element elementor-element-cdeebad elementor-widget elementor-widget-heading\" data-id=\"cdeebad\" data-element_type=\"widget\" data-e-type=\"widget\" data-widget_type=\"heading.default\">\n\t\t\t\t<div class=\"elementor-widget-container\">\n\t\t\t\t\t<h6 class=\"elementor-heading-title elementor-size-default\">Wir empfehlen Ihnen, sich an unser Kundenserviceteam zu wenden, wenn Sie Fragen oder Bedenken zu unserer R\u00fcckerstattungsrichtlinie haben. Wir setzen uns daf\u00fcr ein, Ihre Bed\u00fcrfnisse zu ber\u00fccksichtigen und einen fairen und transparenten R\u00fcckerstattungsprozess zu gew\u00e4hrleisten.  <\/h6>\t\t\t\t<\/div>\n\t\t\t\t<\/div>\n\t\t\t\t<div class=\"elementor-element elementor-element-f81f1ee elementor-widget elementor-widget-text-editor\" data-id=\"f81f1ee\" data-element_type=\"widget\" data-e-type=\"widget\" data-widget_type=\"text-editor.default\">\n\t\t\t\t<div class=\"elementor-widget-container\">\n\t\t\t\t\t\t\t\t\tHinweis: Diese R\u00fcckerstattungsrichtlinie gilt nur f\u00fcr K\u00e4ufe, die direkt \u00fcber unsere offizielle Website oder autorisierte Wiederverk\u00e4ufer get\u00e4tigt wurden. Wenn Sie 360 Antivirus Pro von einem Drittanbieter gekauft haben, wenden Sie sich bitte an deren R\u00fcckgabebedingungen f\u00fcr weitere Informationen.  \t\t\t\t\t\t\t\t<\/div>\n\t\t\t\t<\/div>\n\t\t\t\t<div class=\"elementor-element elementor-element-84fb1a4 elementor-widget elementor-widget-text-editor\" data-id=\"84fb1a4\" data-element_type=\"widget\" data-e-type=\"widget\" data-widget_type=\"text-editor.default\">\n\t\t\t\t<div class=\"elementor-widget-container\">\n\t\t\t\t\t\t\t\t\t<p>Bitte beachten Sie, dass die oben genannte R\u00fcckerstattungsrichtlinie eine allgemeine Richtlinie ist und spezifischen Bedingungen und Konditionen unterliegen kann. Wir empfehlen, die R\u00fcckerstattungsrichtlinie, die w\u00e4hrend des Kaufprozesses bereitgestellt wird, zu \u00fcberpr\u00fcfen, um die genauesten und aktuellsten Informationen zu erhalten.  <\/p>\n\t\t\t\t\t\t\t\t<\/div>\n\t\t\t\t<\/div>\n\t\t\t\t\t<\/div>\n\t\t<\/div>\n\t\t\t\t\t<\/div>\n\t\t<\/section>\n\t\t\t\t<section class=\"elementor-section elementor-top-section elementor-element elementor-element-b33e650 elementor-section-boxed elementor-section-height-default elementor-section-height-default\" data-id=\"b33e650\" data-element_type=\"section\" data-e-type=\"section\">\n\t\t\t\t\t\t<div class=\"elementor-container elementor-column-gap-default\">\n\t\t\t\t\t<div class=\"elementor-column elementor-col-100 elementor-top-column elementor-element elementor-element-7ebd148\" data-id=\"7ebd148\" data-element_type=\"column\" data-e-type=\"column\">\n\t\t\t<div class=\"elementor-widget-wrap elementor-element-populated\">\n\t\t\t\t\t\t<section class=\"elementor-section elementor-inner-section elementor-element elementor-element-95f72cb elementor-section-boxed elementor-section-height-default elementor-section-height-default\" data-id=\"95f72cb\" data-element_type=\"section\" data-e-type=\"section\">\n\t\t\t\t\t\t<div class=\"elementor-container elementor-column-gap-default\">\n\t\t\t\t\t<div class=\"elementor-column elementor-col-100 elementor-inner-column elementor-element elementor-element-4624d35\" data-id=\"4624d35\" data-element_type=\"column\" data-e-type=\"column\">\n\t\t\t<div class=\"elementor-widget-wrap elementor-element-populated\">\n\t\t\t\t\t\t<div class=\"elementor-element elementor-element-be998dc elementor-widget elementor-widget-text-editor\" data-id=\"be998dc\" data-element_type=\"widget\" data-e-type=\"widget\" data-widget_type=\"text-editor.default\">\n\t\t\t\t<div class=\"elementor-widget-container\">\n\t\t\t\t\t\t\t\t\t<p>Kontaktinformationen, F\u00fcr weitere Anfragen oder Unterst\u00fctzung senden Sie bitte eine E-Mail an <a href=\"mailto:support@360antiviruspro.com\">support@360antiviruspro.com.<\/a><\/p>\n\t\t\t\t\t\t\t\t<\/div>\n\t\t\t\t<\/div>\n\t\t\t\t<div class=\"elementor-element elementor-element-83b6f46 elementor-widget elementor-widget-text-editor\" data-id=\"83b6f46\" data-element_type=\"widget\" data-e-type=\"widget\" data-widget_type=\"text-editor.default\">\n\t\t\t\t<div class=\"elementor-widget-container\">\n\t\t\t\t\t\t\t\t\t<p>GLBL Tradelines Pvt Ltd.<br \/>G &#8211; 20, Sector 63, Noida<br \/>UP, India, 201301<\/p>\n\t\t\t\t\t\t\t\t<\/div>\n\t\t\t\t<\/div>\n\t\t\t\t<div class=\"elementor-element elementor-element-26f8ade elementor-align-center elementor-mobile-align-start elementor-icon-list--layout-traditional elementor-list-item-link-full_width elementor-widget elementor-widget-icon-list\" data-id=\"26f8ade\" data-element_type=\"widget\" data-e-type=\"widget\" data-widget_type=\"icon-list.default\">\n\t\t\t\t<div class=\"elementor-widget-container\">\n\t\t\t\t\t\t\t<ul class=\"elementor-icon-list-items\">\n\t\t\t\t\t\t\t<li class=\"elementor-icon-list-item\">\n\t\t\t\t\t\t\t\t\t\t\t<a href=\"mailto:support@360antiviruspro.com\">\n\n\t\t\t\t\t\t\t\t\t\t\t\t<span class=\"elementor-icon-list-icon\">\n\t\t\t\t\t\t\t<i aria-hidden=\"true\" class=\"icon icon-email1\"><\/i>\t\t\t\t\t\t<\/span>\n\t\t\t\t\t\t\t\t\t\t<span class=\"elementor-icon-list-text\">support@360antiviruspro.com<\/span>\n\t\t\t\t\t\t\t\t\t\t\t<\/a>\n\t\t\t\t\t\t\t\t\t<\/li>\n\t\t\t\t\t\t<\/ul>\n\t\t\t\t\t\t<\/div>\n\t\t\t\t<\/div>\n\t\t\t\t\t<\/div>\n\t\t<\/div>\n\t\t\t\t\t<\/div>\n\t\t<\/section>\n\t\t\t\t\t<\/div>\n\t\t<\/div>\n\t\t\t\t\t<\/div>\n\t\t<\/section>\n\t\t\t\t<\/div>\n\t\t","protected":false},"excerpt":{"rendered":"<p>R\u00fcckerstattungsrichtlinie f\u00fcr 360 Antivirus Pro Zuhause R\u00fcckerstattungsrichtlinie Bei 360 Antivirus Pro, einer eingetragenen Marke von GLBL TRADELINES PVT LTD., m\u00f6chten wir sicherstellen, dass Sie mit unserer Software rundum zufrieden sind. Wir stehen hinter der Qualit\u00e4t und Wirksamkeit unseres Produkts und bem\u00fchen uns, Ihnen au\u00dfergew\u00f6hnliche digitale Sicherheit zu bieten. Wir verstehen jedoch, dass Umst\u00e4nde auftreten k\u00f6nnen, [&hellip;]<\/p>\n","protected":false},"author":1,"featured_media":0,"parent":0,"menu_order":0,"comment_status":"closed","ping_status":"closed","template":"elementor_header_footer","meta":{"_acf_changed":false,"footnotes":""},"class_list":["post-20044","page","type-page","status-publish","hentry"],"acf":[],"yoast_head":"<!-- This site is optimized with the Yoast SEO plugin v27.3 - https:\/\/yoast.com\/product\/yoast-seo-wordpress\/ -->\n<title>R\u00fcckerstattungsrichtlinie - Ihre Zufriedenheit garantiert! 360 Antivirus Pro<\/title>\n<meta name=\"description\" content=\"Sch\u00fctzen Sie Ihr Ger\u00e4t mit 360 Antivirus Pro und genie\u00dfen Sie ruhigen Gewissens. Mit unserer umfassenden R\u00fcckerstattungsrichtlinie, die die Kundenzufriedenheit garantiert. Lernen Sie jetzt mehr!\" \/>\n<meta name=\"robots\" content=\"index, follow, max-snippet:-1, max-image-preview:large, max-video-preview:-1\" \/>\n<link rel=\"canonical\" href=\"https:\/\/www.360antiviruspro.com\/de\/rueckerstattungsrichtlinie\" \/>\n<meta property=\"og:locale\" content=\"de_DE\" \/>\n<meta property=\"og:type\" content=\"article\" \/>\n<meta property=\"og:title\" content=\"R\u00fcckerstattungsrichtlinie - Ihre Zufriedenheit garantiert! 360 Antivirus Pro\" \/>\n<meta property=\"og:description\" content=\"Sch\u00fctzen Sie Ihr Ger\u00e4t mit 360 Antivirus Pro und genie\u00dfen Sie ruhigen Gewissens. Mit unserer umfassenden R\u00fcckerstattungsrichtlinie, die die Kundenzufriedenheit garantiert. Lernen Sie jetzt mehr!\" \/>\n<meta property=\"og:url\" content=\"https:\/\/www.360antiviruspro.com\/de\/rueckerstattungsrichtlinie\" \/>\n<meta property=\"og:site_name\" content=\"360 Antivirus Pro\" \/>\n<meta property=\"article:modified_time\" content=\"2024-10-29T10:54:53+00:00\" \/>\n<meta name=\"twitter:card\" content=\"summary_large_image\" \/>\n<meta name=\"twitter:label1\" content=\"Gesch\u00e4tzte Lesezeit\" \/>\n\t<meta name=\"twitter:data1\" content=\"3\u00a0Minuten\" \/>\n<script type=\"application\/ld+json\" class=\"yoast-schema-graph\">{\"@context\":\"https:\\\/\\\/schema.org\",\"@graph\":[{\"@type\":\"WebPage\",\"@id\":\"https:\\\/\\\/www.360antiviruspro.com\\\/de\\\/rueckerstattungsrichtlinie\",\"url\":\"https:\\\/\\\/www.360antiviruspro.com\\\/de\\\/rueckerstattungsrichtlinie\",\"name\":\"R\u00fcckerstattungsrichtlinie - Ihre Zufriedenheit garantiert! 360 Antivirus Pro\",\"isPartOf\":{\"@id\":\"https:\\\/\\\/www.360antiviruspro.com\\\/de\\\/#website\"},\"datePublished\":\"2023-06-26T05:49:27+00:00\",\"dateModified\":\"2024-10-29T10:54:53+00:00\",\"description\":\"Sch\u00fctzen Sie Ihr Ger\u00e4t mit 360 Antivirus Pro und genie\u00dfen Sie ruhigen Gewissens. Mit unserer umfassenden R\u00fcckerstattungsrichtlinie, die die Kundenzufriedenheit garantiert. Lernen Sie jetzt mehr!\",\"breadcrumb\":{\"@id\":\"https:\\\/\\\/www.360antiviruspro.com\\\/de\\\/rueckerstattungsrichtlinie#breadcrumb\"},\"inLanguage\":\"de\",\"potentialAction\":[{\"@type\":\"ReadAction\",\"target\":[\"https:\\\/\\\/www.360antiviruspro.com\\\/de\\\/rueckerstattungsrichtlinie\"]}]},{\"@type\":\"BreadcrumbList\",\"@id\":\"https:\\\/\\\/www.360antiviruspro.com\\\/de\\\/rueckerstattungsrichtlinie#breadcrumb\",\"itemListElement\":[{\"@type\":\"ListItem\",\"position\":1,\"name\":\"Home\",\"item\":\"https:\\\/\\\/www.360antiviruspro.com\\\/\"},{\"@type\":\"ListItem\",\"position\":2,\"name\":\"R\u00fcckerstattungsrichtlinie f\u00fcr 360 Antivirus Pro\"}]},{\"@type\":\"WebSite\",\"@id\":\"https:\\\/\\\/www.360antiviruspro.com\\\/de\\\/#website\",\"url\":\"https:\\\/\\\/www.360antiviruspro.com\\\/de\\\/\",\"name\":\"360 Antivirus Pro\",\"description\":\"Leaders in Antivirus Technology\",\"potentialAction\":[{\"@type\":\"SearchAction\",\"target\":{\"@type\":\"EntryPoint\",\"urlTemplate\":\"https:\\\/\\\/www.360antiviruspro.com\\\/de\\\/?s={search_term_string}\"},\"query-input\":{\"@type\":\"PropertyValueSpecification\",\"valueRequired\":true,\"valueName\":\"search_term_string\"}}],\"inLanguage\":\"de\"}]}<\/script>\n<!-- \/ Yoast SEO plugin. -->","yoast_head_json":{"title":"R\u00fcckerstattungsrichtlinie - Ihre Zufriedenheit garantiert! 360 Antivirus Pro","description":"Sch\u00fctzen Sie Ihr Ger\u00e4t mit 360 Antivirus Pro und genie\u00dfen Sie ruhigen Gewissens. Mit unserer umfassenden R\u00fcckerstattungsrichtlinie, die die Kundenzufriedenheit garantiert. Lernen Sie jetzt mehr!","robots":{"index":"index","follow":"follow","max-snippet":"max-snippet:-1","max-image-preview":"max-image-preview:large","max-video-preview":"max-video-preview:-1"},"canonical":"https:\/\/www.360antiviruspro.com\/de\/rueckerstattungsrichtlinie","og_locale":"de_DE","og_type":"article","og_title":"R\u00fcckerstattungsrichtlinie - Ihre Zufriedenheit garantiert! 360 Antivirus Pro","og_description":"Sch\u00fctzen Sie Ihr Ger\u00e4t mit 360 Antivirus Pro und genie\u00dfen Sie ruhigen Gewissens. Mit unserer umfassenden R\u00fcckerstattungsrichtlinie, die die Kundenzufriedenheit garantiert. Lernen Sie jetzt mehr!","og_url":"https:\/\/www.360antiviruspro.com\/de\/rueckerstattungsrichtlinie","og_site_name":"360 Antivirus Pro","article_modified_time":"2024-10-29T10:54:53+00:00","twitter_card":"summary_large_image","twitter_misc":{"Gesch\u00e4tzte Lesezeit":"3\u00a0Minuten"},"schema":{"@context":"https:\/\/schema.org","@graph":[{"@type":"WebPage","@id":"https:\/\/www.360antiviruspro.com\/de\/rueckerstattungsrichtlinie","url":"https:\/\/www.360antiviruspro.com\/de\/rueckerstattungsrichtlinie","name":"R\u00fcckerstattungsrichtlinie - Ihre Zufriedenheit garantiert! 360 Antivirus Pro","isPartOf":{"@id":"https:\/\/www.360antiviruspro.com\/de\/#website"},"datePublished":"2023-06-26T05:49:27+00:00","dateModified":"2024-10-29T10:54:53+00:00","description":"Sch\u00fctzen Sie Ihr Ger\u00e4t mit 360 Antivirus Pro und genie\u00dfen Sie ruhigen Gewissens. Mit unserer umfassenden R\u00fcckerstattungsrichtlinie, die die Kundenzufriedenheit garantiert. Lernen Sie jetzt mehr!","breadcrumb":{"@id":"https:\/\/www.360antiviruspro.com\/de\/rueckerstattungsrichtlinie#breadcrumb"},"inLanguage":"de","potentialAction":[{"@type":"ReadAction","target":["https:\/\/www.360antiviruspro.com\/de\/rueckerstattungsrichtlinie"]}]},{"@type":"BreadcrumbList","@id":"https:\/\/www.360antiviruspro.com\/de\/rueckerstattungsrichtlinie#breadcrumb","itemListElement":[{"@type":"ListItem","position":1,"name":"Home","item":"https:\/\/www.360antiviruspro.com\/"},{"@type":"ListItem","position":2,"name":"R\u00fcckerstattungsrichtlinie f\u00fcr 360 Antivirus Pro"}]},{"@type":"WebSite","@id":"https:\/\/www.360antiviruspro.com\/de\/#website","url":"https:\/\/www.360antiviruspro.com\/de\/","name":"360 Antivirus Pro","description":"Leaders in Antivirus Technology","potentialAction":[{"@type":"SearchAction","target":{"@type":"EntryPoint","urlTemplate":"https:\/\/www.360antiviruspro.com\/de\/?s={search_term_string}"},"query-input":{"@type":"PropertyValueSpecification","valueRequired":true,"valueName":"search_term_string"}}],"inLanguage":"de"}]}},"_links":{"self":[{"href":"https:\/\/www.360antiviruspro.com\/de\/wp-json\/wp\/v2\/pages\/20044","targetHints":{"allow":["GET"]}}],"collection":[{"href":"https:\/\/www.360antiviruspro.com\/de\/wp-json\/wp\/v2\/pages"}],"about":[{"href":"https:\/\/www.360antiviruspro.com\/de\/wp-json\/wp\/v2\/types\/page"}],"author":[{"embeddable":true,"href":"https:\/\/www.360antiviruspro.com\/de\/wp-json\/wp\/v2\/users\/1"}],"replies":[{"embeddable":true,"href":"https:\/\/www.360antiviruspro.com\/de\/wp-json\/wp\/v2\/comments?post=20044"}],"version-history":[{"count":0,"href":"https:\/\/www.360antiviruspro.com\/de\/wp-json\/wp\/v2\/pages\/20044\/revisions"}],"wp:attachment":[{"href":"https:\/\/www.360antiviruspro.com\/de\/wp-json\/wp\/v2\/media?parent=20044"}],"curies":[{"name":"wp","href":"https:\/\/api.w.org\/{rel}","templated":true}]}}