{"id":20190,"date":"2023-06-26T08:15:35","date_gmt":"2023-06-26T02:45:35","guid":{"rendered":"https:\/\/www.360antiviruspro.com\/60-tage-geld-zurueck-garantie"},"modified":"2024-08-30T17:54:10","modified_gmt":"2024-08-30T12:24:10","slug":"60-tage-geld-zurueck-garantie","status":"publish","type":"page","link":"https:\/\/www.360antiviruspro.com\/de\/60-tage-geld-zurueck-garantie","title":{"rendered":"60 Tage Geld-zur\u00fcck-Garantie"},"content":{"rendered":"\t\t<div data-elementor-type=\"wp-page\" data-elementor-id=\"20190\" class=\"elementor elementor-20190 elementor-1363\" data-elementor-post-type=\"page\">\n\t\t\t\t\t\t<section class=\"elementor-section elementor-top-section elementor-element elementor-element-33013e8 elementor-section-height-min-height elementor-section-boxed elementor-section-height-default elementor-section-items-middle\" data-id=\"33013e8\" data-element_type=\"section\" data-e-type=\"section\" data-settings=\"{&quot;background_background&quot;:&quot;classic&quot;}\">\n\t\t\t\t\t\t\t<div class=\"elementor-background-overlay\"><\/div>\n\t\t\t\t\t\t\t<div class=\"elementor-container elementor-column-gap-default\">\n\t\t\t\t\t<div class=\"elementor-column elementor-col-100 elementor-top-column elementor-element elementor-element-9bbfc97\" data-id=\"9bbfc97\" data-element_type=\"column\" data-e-type=\"column\">\n\t\t\t<div class=\"elementor-widget-wrap elementor-element-populated\">\n\t\t\t\t\t\t<div class=\"elementor-element elementor-element-77007fb elementor-widget elementor-widget-heading\" data-id=\"77007fb\" data-element_type=\"widget\" data-e-type=\"widget\" data-widget_type=\"heading.default\">\n\t\t\t\t<div class=\"elementor-widget-container\">\n\t\t\t\t\t<h1 class=\"elementor-heading-title elementor-size-default\">60-Tage Geld-zur\u00fcck-Garantie<\/h1>\t\t\t\t<\/div>\n\t\t\t\t<\/div>\n\t\t\t\t<div class=\"elementor-element elementor-element-1ea009e elementor-icon-list--layout-inline elementor-align-center elementor-mobile-align-center elementor-list-item-link-full_width elementor-widget elementor-widget-icon-list\" data-id=\"1ea009e\" data-element_type=\"widget\" data-e-type=\"widget\" data-widget_type=\"icon-list.default\">\n\t\t\t\t<div class=\"elementor-widget-container\">\n\t\t\t\t\t\t\t<ul class=\"elementor-icon-list-items elementor-inline-items\">\n\t\t\t\t\t\t\t<li class=\"elementor-icon-list-item elementor-inline-item\">\n\t\t\t\t\t\t\t\t\t\t\t<a href=\"https:\/\/360antiviruspro.com\/\/\">\n\n\t\t\t\t\t\t\t\t\t\t\t<span class=\"elementor-icon-list-text\">Zuhause<\/span>\n\t\t\t\t\t\t\t\t\t\t\t<\/a>\n\t\t\t\t\t\t\t\t\t<\/li>\n\t\t\t\t\t\t\t\t<li class=\"elementor-icon-list-item elementor-inline-item\">\n\t\t\t\t\t\t\t\t\t\t\t<span class=\"elementor-icon-list-icon\">\n\t\t\t\t\t\t\t<svg aria-hidden=\"true\" class=\"e-font-icon-svg e-fas-chevron-right\" viewBox=\"0 0 320 512\" xmlns=\"http:\/\/www.w3.org\/2000\/svg\"><path d=\"M285.476 272.971L91.132 467.314c-9.373 9.373-24.569 9.373-33.941 0l-22.667-22.667c-9.357-9.357-9.375-24.522-.04-33.901L188.505 256 34.484 101.255c-9.335-9.379-9.317-24.544.04-33.901l22.667-22.667c9.373-9.373 24.569-9.373 33.941 0L285.475 239.03c9.373 9.372 9.373 24.568.001 33.941z\"><\/path><\/svg>\t\t\t\t\t\t<\/span>\n\t\t\t\t\t\t\t\t\t\t<span class=\"elementor-icon-list-text\">60 Tage Geld-zur\u00fcck-Garantie<\/span>\n\t\t\t\t\t\t\t\t\t<\/li>\n\t\t\t\t\t\t<\/ul>\n\t\t\t\t\t\t<\/div>\n\t\t\t\t<\/div>\n\t\t\t\t\t<\/div>\n\t\t<\/div>\n\t\t\t\t\t<\/div>\n\t\t<\/section>\n\t\t<div class=\"elementor-element elementor-element-21470dd e-flex e-con-boxed e-con e-parent\" data-id=\"21470dd\" data-element_type=\"container\" data-e-type=\"container\">\n\t\t\t\t\t<div class=\"e-con-inner\">\n\t\t<div class=\"elementor-element elementor-element-71046f6 e-con-full e-flex e-con e-child\" data-id=\"71046f6\" data-element_type=\"container\" data-e-type=\"container\">\n\t\t\t\t<div class=\"elementor-element elementor-element-d73f201 elementor-widget elementor-widget-heading\" data-id=\"d73f201\" data-element_type=\"widget\" data-e-type=\"widget\" data-widget_type=\"heading.default\">\n\t\t\t\t<div class=\"elementor-widget-container\">\n\t\t\t\t\t<h2 class=\"elementor-heading-title elementor-size-default\"><q>100% 60-Tage Geld-zur\u00fcck-Garantie: Ihr Schutz, unser Versprechen<\/q><\/h2>\t\t\t\t<\/div>\n\t\t\t\t<\/div>\n\t\t\t\t<div class=\"elementor-element elementor-element-15481f3 elementor-widget elementor-widget-text-editor\" data-id=\"15481f3\" data-element_type=\"widget\" data-e-type=\"widget\" data-widget_type=\"text-editor.default\">\n\t\t\t\t<div class=\"elementor-widget-container\">\n\t\t\t\t\t\t\t\t\t<p>360 Antivirus Pro h\u00e4lt sich an ethische Gesch\u00e4ftsprinzipien, um die Bed\u00fcrfnisse der Kunden zu erf\u00fcllen und ein au\u00dfergew\u00f6hnliches Kundenerlebnis zu bieten. Wir sind zuversichtlich, dass unsere Antivirensoftware in Design und Funktionen makellos ist, wenn es darum geht, Malware-Bedrohungen zu bek\u00e4mpfen. Ihr Seelenfrieden und Ihre Sicherheit haben f\u00fcr uns oberste Priorit\u00e4t, und wir ergreifen alle Ma\u00dfnahmen, um vollst\u00e4ndige Zufriedenheit zu gew\u00e4hrleisten. Deshalb bieten wir auf jeden Kauf eine 60-t\u00e4gige Geld-zur\u00fcck-Garantie an.   <\/p>\n\t\t\t\t\t\t\t\t<\/div>\n\t\t\t\t<\/div>\n\t\t\t\t<div class=\"elementor-element elementor-element-2c206d6 elementor-mobile-align-center elementor-widget elementor-widget-button\" data-id=\"2c206d6\" data-element_type=\"widget\" data-e-type=\"widget\" data-widget_type=\"button.default\">\n\t\t\t\t<div class=\"elementor-widget-container\">\n\t\t\t\t\t\t\t\t\t<div class=\"elementor-button-wrapper\">\n\t\t\t\t\t<a class=\"elementor-button elementor-button-link elementor-size-sm elementor-animation-float\" href=\"#elementor-action%3Aaction%3Dpopup%3Aopen%26settings%3DeyJpZCI6MjM1NiwidG9nZ2xlIjpmYWxzZX0%3D\">\n\t\t\t\t\t\t<span class=\"elementor-button-content-wrapper\">\n\t\t\t\t\t\t<span class=\"elementor-button-icon\">\n\t\t\t\t<svg aria-hidden=\"true\" class=\"e-font-icon-svg e-fab-windows\" viewBox=\"0 0 448 512\" xmlns=\"http:\/\/www.w3.org\/2000\/svg\"><path d=\"M0 93.7l183.6-25.3v177.4H0V93.7zm0 324.6l183.6 25.3V268.4H0v149.9zm203.8 28L448 480V268.4H203.8v177.9zm0-380.6v180.1H448V32L203.8 65.7z\"><\/path><\/svg>\t\t\t<\/span>\n\t\t\t\t\t\t\t\t\t<span class=\"elementor-button-text\">Laden Sie 360 Antivirus Pro KOSTENLOS herunter.<\/span>\n\t\t\t\t\t<\/span>\n\t\t\t\t\t<\/a>\n\t\t\t\t<\/div>\n\t\t\t\t\t\t\t\t<\/div>\n\t\t\t\t<\/div>\n\t\t\t\t<\/div>\n\t\t<div class=\"elementor-element elementor-element-8cae47b e-con-full e-flex e-con e-child\" data-id=\"8cae47b\" data-element_type=\"container\" data-e-type=\"container\">\n\t\t\t\t<div class=\"elementor-element elementor-element-7b3a26d elementor-widget elementor-widget-image\" data-id=\"7b3a26d\" data-element_type=\"widget\" data-e-type=\"widget\" data-widget_type=\"image.default\">\n\t\t\t\t<div class=\"elementor-widget-container\">\n\t\t\t\t\t\t\t\t\t\t\t\t\t\t\t<img fetchpriority=\"high\" decoding=\"async\" width=\"329\" height=\"340\" src=\"https:\/\/www.360antiviruspro.com\/wp-content\/uploads\/2024\/02\/money-back-1.png\" class=\"attachment-full size-full wp-image-20191\" alt=\"\" srcset=\"https:\/\/www.360antiviruspro.com\/wp-content\/uploads\/2024\/02\/money-back-1.png 329w, https:\/\/www.360antiviruspro.com\/wp-content\/uploads\/2024\/02\/money-back-1-290x300.png 290w\" sizes=\"(max-width: 329px) 100vw, 329px\" \/>\t\t\t\t\t\t\t\t\t\t\t\t\t\t\t<\/div>\n\t\t\t\t<\/div>\n\t\t\t\t<\/div>\n\t\t\t\t\t<\/div>\n\t\t\t\t<\/div>\n\t\t\t\t<section class=\"elementor-section elementor-top-section elementor-element elementor-element-b482ac4 elementor-section-boxed elementor-section-height-default elementor-section-height-default\" data-id=\"b482ac4\" data-element_type=\"section\" data-e-type=\"section\">\n\t\t\t\t\t\t<div class=\"elementor-container elementor-column-gap-default\">\n\t\t\t\t\t<div class=\"elementor-column elementor-col-100 elementor-top-column elementor-element elementor-element-ea066c2\" data-id=\"ea066c2\" data-element_type=\"column\" data-e-type=\"column\">\n\t\t\t<div class=\"elementor-widget-wrap elementor-element-populated\">\n\t\t\t\t\t\t<div class=\"elementor-element elementor-element-0132fd4 elementor-widget elementor-widget-heading\" data-id=\"0132fd4\" data-element_type=\"widget\" data-e-type=\"widget\" data-widget_type=\"heading.default\">\n\t\t\t\t<div class=\"elementor-widget-container\">\n\t\t\t\t\t<h2 class=\"elementor-heading-title elementor-size-default\">Wie funktioniert das?<\/h2>\t\t\t\t<\/div>\n\t\t\t\t<\/div>\n\t\t\t\t<div class=\"elementor-element elementor-element-6dff0e6 elementor-widget elementor-widget-text-editor\" data-id=\"6dff0e6\" data-element_type=\"widget\" data-e-type=\"widget\" data-widget_type=\"text-editor.default\">\n\t\t\t\t<div class=\"elementor-widget-container\">\n\t\t\t\t\t\t\t\t\t<p>Hier ist der einfache Prozess! Wir bieten Ihnen eine sieben Tage kostenlose Testversion unserer <a href=\"\">Windows-PC-Schutzsoftware<\/a> an. W\u00e4hrend dieser Zeit k\u00f6nnen Sie die Funktionen, Merkmale und die Effektivit\u00e4t der Software bewerten und erleben. Sobald Ihre siebent\u00e4gige kostenlose Testversion endet, m\u00fcssen Sie zur kostenpflichtigen Version des Programms wechseln. Mit der kostenpflichtigen Version k\u00f6nnen Sie alle Premium-Sicherheits- und Virenscan-Funktionen genie\u00dfen. Wenn Sie aus irgendeinem Grund innerhalb von 60 Tagen mit Ihrem Kauf nicht zufrieden sind, k\u00f6nnen Sie eine vollst\u00e4ndige R\u00fcckerstattung Ihres Kaufpreises beantragen. Um dies zu tun, k\u00f6nnen Sie sich mit unserem <a href=\"\">Kundenservice in Verbindung setzen<\/a>. Sie werden Ihre Anfragen anh\u00f6ren und Ihre Bitte um eine R\u00fcckerstattung des Kaufs bearbeiten. Nach diesem werden Sie Ihr Geld zur\u00fcckbekommen.         Wir m\u00f6chten, dass Sie das volle Potenzial unserer fortschrittlichen Systeml\u00f6sungen mit absoluter Ruhe erleben.<\/p>\n\t\t\t\t\t\t\t\t<\/div>\n\t\t\t\t<\/div>\n\t\t\t\t<div class=\"elementor-element elementor-element-a7a10d1 elementor-widget elementor-widget-heading\" data-id=\"a7a10d1\" data-element_type=\"widget\" data-e-type=\"widget\" data-widget_type=\"heading.default\">\n\t\t\t\t<div class=\"elementor-widget-container\">\n\t\t\t\t\t<h3 class=\"elementor-heading-title elementor-size-default\">So funktioniert unsere R\u00fcckerstattung:<\/h3>\t\t\t\t<\/div>\n\t\t\t\t<\/div>\n\t\t\t\t<div class=\"elementor-element elementor-element-7708398 elementor-icon-list--layout-traditional elementor-list-item-link-full_width elementor-widget elementor-widget-icon-list\" data-id=\"7708398\" data-element_type=\"widget\" data-e-type=\"widget\" data-widget_type=\"icon-list.default\">\n\t\t\t\t<div class=\"elementor-widget-container\">\n\t\t\t\t\t\t\t<ul class=\"elementor-icon-list-items\">\n\t\t\t\t\t\t\t<li class=\"elementor-icon-list-item\">\n\t\t\t\t\t\t\t\t\t\t\t<span class=\"elementor-icon-list-icon\">\n\t\t\t\t\t\t\t<svg aria-hidden=\"true\" class=\"e-font-icon-svg e-fas-check\" viewBox=\"0 0 512 512\" xmlns=\"http:\/\/www.w3.org\/2000\/svg\"><path d=\"M173.898 439.404l-166.4-166.4c-9.997-9.997-9.997-26.206 0-36.204l36.203-36.204c9.997-9.998 26.207-9.998 36.204 0L192 312.69 432.095 72.596c9.997-9.997 26.207-9.997 36.204 0l36.203 36.204c9.997 9.997 9.997 26.206 0 36.204l-294.4 294.401c-9.998 9.997-26.207 9.997-36.204-.001z\"><\/path><\/svg>\t\t\t\t\t\t<\/span>\n\t\t\t\t\t\t\t\t\t\t<span class=\"elementor-icon-list-text\"> <b>Sofortige R\u00fcckerstattungen<\/b>: Bei Unzufriedenheit mit der Leistung unseres Produkts innerhalb von 60 Tagen kontaktieren Sie einfach unseren Kundenservice. Wir werden Ihre R\u00fcckerstattung bequem und ohne Verz\u00f6gerung bearbeiten. <\/span>\n\t\t\t\t\t\t\t\t\t<\/li>\n\t\t\t\t\t\t\t\t<li class=\"elementor-icon-list-item\">\n\t\t\t\t\t\t\t\t\t\t\t<span class=\"elementor-icon-list-icon\">\n\t\t\t\t\t\t\t<svg aria-hidden=\"true\" class=\"e-font-icon-svg e-fas-check\" viewBox=\"0 0 512 512\" xmlns=\"http:\/\/www.w3.org\/2000\/svg\"><path d=\"M173.898 439.404l-166.4-166.4c-9.997-9.997-9.997-26.206 0-36.204l36.203-36.204c9.997-9.998 26.207-9.998 36.204 0L192 312.69 432.095 72.596c9.997-9.997 26.207-9.997 36.204 0l36.203 36.204c9.997 9.997 9.997 26.206 0 36.204l-294.4 294.401c-9.998 9.997-26.207 9.997-36.204-.001z\"><\/path><\/svg>\t\t\t\t\t\t<\/span>\n\t\t\t\t\t\t\t\t\t\t<span class=\"elementor-icon-list-text\"><b>Kundenorientiert<\/b>: Ihre Zufriedenheit hat f\u00fcr uns oberste Priorit\u00e4t, und wir stehen hinter unseren Produkten mit einem Geld-zur\u00fcck-Versprechen. Unser Ziel ist es, Ihnen bei jedem Schritt die beste Sicherheit und den besten Service zu bieten. <\/span>\n\t\t\t\t\t\t\t\t\t<\/li>\n\t\t\t\t\t\t<\/ul>\n\t\t\t\t\t\t<\/div>\n\t\t\t\t<\/div>\n\t\t\t\t<div class=\"elementor-element elementor-element-5410380 elementor-widget elementor-widget-heading\" data-id=\"5410380\" data-element_type=\"widget\" data-e-type=\"widget\" data-widget_type=\"heading.default\">\n\t\t\t\t<div class=\"elementor-widget-container\">\n\t\t\t\t\t<h2 class=\"elementor-heading-title elementor-size-default\">60 Tage zur Entscheidung: Ihre Zufriedenheit, unsere Mission<\/h2>\t\t\t\t<\/div>\n\t\t\t\t<\/div>\n\t\t\t\t<div class=\"elementor-element elementor-element-6799d3d elementor-widget elementor-widget-text-editor\" data-id=\"6799d3d\" data-element_type=\"widget\" data-e-type=\"widget\" data-widget_type=\"text-editor.default\">\n\t\t\t\t<div class=\"elementor-widget-container\">\n\t\t\t\t\t\t\t\t\t<p>Keine weiteren Unsicherheiten bei der Wahl des Richtigen. <br \/><a href=\"https:\/\/www.360antiviruspro.com\/de\">Antivirus-Software f\u00fcr Computer<\/a> \u2013 Nutzen Sie die Testversion und bewerten Sie, wie unsere Antimalware genau auf Ihre Sicherheitsbed\u00fcrfnisse zugeschnitten werden kann. Probieren Sie es risikofrei aus und schlie\u00dfen Sie sich den Reihen zufriedener Nutzer an, die in ihren Online-Aktivit\u00e4ten innere Ruhe gefunden haben. Nutzen Sie diese Gelegenheit optimal und heben Sie Ihre digitalen Abwehrmechanismen mit unserem zuverl\u00e4ssigen und fortschrittlichen PC-Schutz auf ein neues Level. \u00dcbernimm ab heute die Kontrolle \u00fcber dein digitales Leben!   <\/p>\n\t\t\t\t\t\t\t\t<\/div>\n\t\t\t\t<\/div>\n\t\t\t\t<div class=\"elementor-element elementor-element-419a366 elementor-widget elementor-widget-heading\" data-id=\"419a366\" data-element_type=\"widget\" data-e-type=\"widget\" data-widget_type=\"heading.default\">\n\t\t\t\t<div class=\"elementor-widget-container\">\n\t\t\t\t\t<h3 class=\"elementor-heading-title elementor-size-default\">Investieren Sie in Cybersecurity-Exzellenz ohne jegliches Risiko.<\/h3>\t\t\t\t<\/div>\n\t\t\t\t<\/div>\n\t\t\t\t<div class=\"elementor-element elementor-element-44ae9e6 elementor-widget elementor-widget-text-editor\" data-id=\"44ae9e6\" data-element_type=\"widget\" data-e-type=\"widget\" data-widget_type=\"text-editor.default\">\n\t\t\t\t<div class=\"elementor-widget-container\">\n\t\t\t\t\t\t\t\t\t<p>Wir sind Ihr zuverl\u00e4ssiger Partner f\u00fcr die Bereitstellung risikofreier Antimalware-L\u00f6sungen. Wir statten Ihre digitale Welt mit proaktiver Immunit\u00e4t gegen feindliche Cyberangriffe aus. Mit unserem Geld-zur\u00fcck-Versprechen m\u00f6chten wir, dass Sie sich sicher f\u00fchlen in Ihrer Entscheidung, die zuverl\u00e4ssige Windows-Sicherheitssoftware der n\u00e4chsten Generation als Ihre umfassende Cybersicherheitsl\u00f6sung zu w\u00e4hlen. W\u00e4hlen Sie daher ohne Z\u00f6gern die Verteidigung, die sich bew\u00e4hrt!   <\/p>\n\t\t\t\t\t\t\t\t<\/div>\n\t\t\t\t<\/div>\n\t\t\t\t\t<\/div>\n\t\t<\/div>\n\t\t\t\t\t<\/div>\n\t\t<\/section>\n\t\t<div class=\"elementor-element elementor-element-00fe6d6 e-flex e-con-boxed e-con e-parent\" data-id=\"00fe6d6\" data-element_type=\"container\" data-e-type=\"container\">\n\t\t\t\t\t<div class=\"e-con-inner\">\n\t\t\t\t<div class=\"elementor-element elementor-element-2d86823 elementor-widget elementor-widget-button\" data-id=\"2d86823\" data-element_type=\"widget\" data-e-type=\"widget\" data-widget_type=\"button.default\">\n\t\t\t\t<div class=\"elementor-widget-container\">\n\t\t\t\t\t\t\t\t\t<div class=\"elementor-button-wrapper\">\n\t\t\t\t\t<a class=\"elementor-button elementor-button-link elementor-size-sm elementor-animation-float\" href=\"#elementor-action%3Aaction%3Dpopup%3Aopen%26settings%3DeyJpZCI6MjM1NiwidG9nZ2xlIjpmYWxzZX0%3D\">\n\t\t\t\t\t\t<span class=\"elementor-button-content-wrapper\">\n\t\t\t\t\t\t<span class=\"elementor-button-icon\">\n\t\t\t\t<svg aria-hidden=\"true\" class=\"e-font-icon-svg e-fab-windows\" viewBox=\"0 0 448 512\" xmlns=\"http:\/\/www.w3.org\/2000\/svg\"><path d=\"M0 93.7l183.6-25.3v177.4H0V93.7zm0 324.6l183.6 25.3V268.4H0v149.9zm203.8 28L448 480V268.4H203.8v177.9zm0-380.6v180.1H448V32L203.8 65.7z\"><\/path><\/svg>\t\t\t<\/span>\n\t\t\t\t\t\t\t\t\t<span class=\"elementor-button-text\">Laden Sie 360 Antivirus Pro KOSTENLOS herunter.<\/span>\n\t\t\t\t\t<\/span>\n\t\t\t\t\t<\/a>\n\t\t\t\t<\/div>\n\t\t\t\t\t\t\t\t<\/div>\n\t\t\t\t<\/div>\n\t\t\t\t\t<\/div>\n\t\t\t\t<\/div>\n\t\t\t\t<\/div>\n\t\t","protected":false},"excerpt":{"rendered":"<p>60-Tage Geld-zur\u00fcck-Garantie Zuhause 60 Tage Geld-zur\u00fcck-Garantie 100% 60-Tage Geld-zur\u00fcck-Garantie: Ihr Schutz, unser Versprechen 360 Antivirus Pro h\u00e4lt sich an ethische Gesch\u00e4ftsprinzipien, um die Bed\u00fcrfnisse der Kunden zu erf\u00fcllen und ein au\u00dfergew\u00f6hnliches Kundenerlebnis zu bieten. Wir sind zuversichtlich, dass unsere Antivirensoftware in Design und Funktionen makellos ist, wenn es darum geht, Malware-Bedrohungen zu bek\u00e4mpfen. Ihr Seelenfrieden [&hellip;]<\/p>\n","protected":false},"author":1,"featured_media":0,"parent":0,"menu_order":0,"comment_status":"closed","ping_status":"closed","template":"elementor_header_footer","meta":{"_acf_changed":false,"footnotes":""},"class_list":["post-20190","page","type-page","status-publish","hentry"],"acf":[],"yoast_head":"<!-- This site is optimized with the Yoast SEO plugin v27.3 - https:\/\/yoast.com\/product\/yoast-seo-wordpress\/ -->\n<title>60 Tage Geld-zur\u00fcck-Garantie - 360 Antivirus Pro<\/title>\n<meta name=\"description\" content=\"Ihre Zufriedenheit hat f\u00fcr uns oberste Priorit\u00e4t. Wir stehen hinter der Qualit\u00e4t unseres Produkts, 360 Antivirus Pro, mit einer 60-t\u00e4gigen Geld-zur\u00fcck-Garantie. Risikoloser Kauf!\" \/>\n<meta name=\"robots\" content=\"index, follow, max-snippet:-1, max-image-preview:large, max-video-preview:-1\" \/>\n<link rel=\"canonical\" href=\"https:\/\/www.360antiviruspro.com\/de\/60-tage-geld-zurueck-garantie\" \/>\n<meta property=\"og:locale\" content=\"de_DE\" \/>\n<meta property=\"og:type\" content=\"article\" \/>\n<meta property=\"og:title\" content=\"60 Tage Geld-zur\u00fcck-Garantie - 360 Antivirus Pro\" \/>\n<meta property=\"og:description\" content=\"Ihre Zufriedenheit hat f\u00fcr uns oberste Priorit\u00e4t. Wir stehen hinter der Qualit\u00e4t unseres Produkts, 360 Antivirus Pro, mit einer 60-t\u00e4gigen Geld-zur\u00fcck-Garantie. Risikoloser Kauf!\" \/>\n<meta property=\"og:url\" content=\"https:\/\/www.360antiviruspro.com\/de\/60-tage-geld-zurueck-garantie\" \/>\n<meta property=\"og:site_name\" content=\"360 Antivirus Pro\" \/>\n<meta property=\"article:modified_time\" content=\"2024-08-30T12:24:10+00:00\" \/>\n<meta property=\"og:image\" content=\"https:\/\/www.360antiviruspro.com\/wp-content\/uploads\/2024\/02\/money-back-1.png\" \/>\n<meta name=\"twitter:card\" content=\"summary_large_image\" \/>\n<meta name=\"twitter:label1\" content=\"Gesch\u00e4tzte Lesezeit\" \/>\n\t<meta name=\"twitter:data1\" content=\"2\u00a0Minuten\" \/>\n<script type=\"application\/ld+json\" class=\"yoast-schema-graph\">{\"@context\":\"https:\\\/\\\/schema.org\",\"@graph\":[{\"@type\":\"WebPage\",\"@id\":\"https:\\\/\\\/www.360antiviruspro.com\\\/de\\\/60-tage-geld-zurueck-garantie\",\"url\":\"https:\\\/\\\/www.360antiviruspro.com\\\/de\\\/60-tage-geld-zurueck-garantie\",\"name\":\"60 Tage Geld-zur\u00fcck-Garantie - 360 Antivirus Pro\",\"isPartOf\":{\"@id\":\"https:\\\/\\\/www.360antiviruspro.com\\\/de\\\/#website\"},\"primaryImageOfPage\":{\"@id\":\"https:\\\/\\\/www.360antiviruspro.com\\\/de\\\/60-tage-geld-zurueck-garantie#primaryimage\"},\"image\":{\"@id\":\"https:\\\/\\\/www.360antiviruspro.com\\\/de\\\/60-tage-geld-zurueck-garantie#primaryimage\"},\"thumbnailUrl\":\"https:\\\/\\\/www.360antiviruspro.com\\\/wp-content\\\/uploads\\\/2024\\\/02\\\/money-back-1.png\",\"datePublished\":\"2023-06-26T02:45:35+00:00\",\"dateModified\":\"2024-08-30T12:24:10+00:00\",\"description\":\"Ihre Zufriedenheit hat f\u00fcr uns oberste Priorit\u00e4t. Wir stehen hinter der Qualit\u00e4t unseres Produkts, 360 Antivirus Pro, mit einer 60-t\u00e4gigen Geld-zur\u00fcck-Garantie. Risikoloser Kauf!\",\"breadcrumb\":{\"@id\":\"https:\\\/\\\/www.360antiviruspro.com\\\/de\\\/60-tage-geld-zurueck-garantie#breadcrumb\"},\"inLanguage\":\"de\",\"potentialAction\":[{\"@type\":\"ReadAction\",\"target\":[\"https:\\\/\\\/www.360antiviruspro.com\\\/de\\\/60-tage-geld-zurueck-garantie\"]}]},{\"@type\":\"ImageObject\",\"inLanguage\":\"de\",\"@id\":\"https:\\\/\\\/www.360antiviruspro.com\\\/de\\\/60-tage-geld-zurueck-garantie#primaryimage\",\"url\":\"https:\\\/\\\/www.360antiviruspro.com\\\/wp-content\\\/uploads\\\/2024\\\/02\\\/money-back-1.png\",\"contentUrl\":\"https:\\\/\\\/www.360antiviruspro.com\\\/wp-content\\\/uploads\\\/2024\\\/02\\\/money-back-1.png\"},{\"@type\":\"BreadcrumbList\",\"@id\":\"https:\\\/\\\/www.360antiviruspro.com\\\/de\\\/60-tage-geld-zurueck-garantie#breadcrumb\",\"itemListElement\":[{\"@type\":\"ListItem\",\"position\":1,\"name\":\"Home\",\"item\":\"https:\\\/\\\/www.360antiviruspro.com\\\/\"},{\"@type\":\"ListItem\",\"position\":2,\"name\":\"60 Tage Geld-zur\u00fcck-Garantie\"}]},{\"@type\":\"WebSite\",\"@id\":\"https:\\\/\\\/www.360antiviruspro.com\\\/de\\\/#website\",\"url\":\"https:\\\/\\\/www.360antiviruspro.com\\\/de\\\/\",\"name\":\"360 Antivirus Pro\",\"description\":\"Leaders in Antivirus Technology\",\"potentialAction\":[{\"@type\":\"SearchAction\",\"target\":{\"@type\":\"EntryPoint\",\"urlTemplate\":\"https:\\\/\\\/www.360antiviruspro.com\\\/de\\\/?s={search_term_string}\"},\"query-input\":{\"@type\":\"PropertyValueSpecification\",\"valueRequired\":true,\"valueName\":\"search_term_string\"}}],\"inLanguage\":\"de\"}]}<\/script>\n<!-- \/ Yoast SEO plugin. -->","yoast_head_json":{"title":"60 Tage Geld-zur\u00fcck-Garantie - 360 Antivirus Pro","description":"Ihre Zufriedenheit hat f\u00fcr uns oberste Priorit\u00e4t. Wir stehen hinter der Qualit\u00e4t unseres Produkts, 360 Antivirus Pro, mit einer 60-t\u00e4gigen Geld-zur\u00fcck-Garantie. Risikoloser Kauf!","robots":{"index":"index","follow":"follow","max-snippet":"max-snippet:-1","max-image-preview":"max-image-preview:large","max-video-preview":"max-video-preview:-1"},"canonical":"https:\/\/www.360antiviruspro.com\/de\/60-tage-geld-zurueck-garantie","og_locale":"de_DE","og_type":"article","og_title":"60 Tage Geld-zur\u00fcck-Garantie - 360 Antivirus Pro","og_description":"Ihre Zufriedenheit hat f\u00fcr uns oberste Priorit\u00e4t. Wir stehen hinter der Qualit\u00e4t unseres Produkts, 360 Antivirus Pro, mit einer 60-t\u00e4gigen Geld-zur\u00fcck-Garantie. Risikoloser Kauf!","og_url":"https:\/\/www.360antiviruspro.com\/de\/60-tage-geld-zurueck-garantie","og_site_name":"360 Antivirus Pro","article_modified_time":"2024-08-30T12:24:10+00:00","og_image":[{"url":"https:\/\/www.360antiviruspro.com\/wp-content\/uploads\/2024\/02\/money-back-1.png","type":"","width":"","height":""}],"twitter_card":"summary_large_image","twitter_misc":{"Gesch\u00e4tzte Lesezeit":"2\u00a0Minuten"},"schema":{"@context":"https:\/\/schema.org","@graph":[{"@type":"WebPage","@id":"https:\/\/www.360antiviruspro.com\/de\/60-tage-geld-zurueck-garantie","url":"https:\/\/www.360antiviruspro.com\/de\/60-tage-geld-zurueck-garantie","name":"60 Tage Geld-zur\u00fcck-Garantie - 360 Antivirus Pro","isPartOf":{"@id":"https:\/\/www.360antiviruspro.com\/de\/#website"},"primaryImageOfPage":{"@id":"https:\/\/www.360antiviruspro.com\/de\/60-tage-geld-zurueck-garantie#primaryimage"},"image":{"@id":"https:\/\/www.360antiviruspro.com\/de\/60-tage-geld-zurueck-garantie#primaryimage"},"thumbnailUrl":"https:\/\/www.360antiviruspro.com\/wp-content\/uploads\/2024\/02\/money-back-1.png","datePublished":"2023-06-26T02:45:35+00:00","dateModified":"2024-08-30T12:24:10+00:00","description":"Ihre Zufriedenheit hat f\u00fcr uns oberste Priorit\u00e4t. Wir stehen hinter der Qualit\u00e4t unseres Produkts, 360 Antivirus Pro, mit einer 60-t\u00e4gigen Geld-zur\u00fcck-Garantie. Risikoloser Kauf!","breadcrumb":{"@id":"https:\/\/www.360antiviruspro.com\/de\/60-tage-geld-zurueck-garantie#breadcrumb"},"inLanguage":"de","potentialAction":[{"@type":"ReadAction","target":["https:\/\/www.360antiviruspro.com\/de\/60-tage-geld-zurueck-garantie"]}]},{"@type":"ImageObject","inLanguage":"de","@id":"https:\/\/www.360antiviruspro.com\/de\/60-tage-geld-zurueck-garantie#primaryimage","url":"https:\/\/www.360antiviruspro.com\/wp-content\/uploads\/2024\/02\/money-back-1.png","contentUrl":"https:\/\/www.360antiviruspro.com\/wp-content\/uploads\/2024\/02\/money-back-1.png"},{"@type":"BreadcrumbList","@id":"https:\/\/www.360antiviruspro.com\/de\/60-tage-geld-zurueck-garantie#breadcrumb","itemListElement":[{"@type":"ListItem","position":1,"name":"Home","item":"https:\/\/www.360antiviruspro.com\/"},{"@type":"ListItem","position":2,"name":"60 Tage Geld-zur\u00fcck-Garantie"}]},{"@type":"WebSite","@id":"https:\/\/www.360antiviruspro.com\/de\/#website","url":"https:\/\/www.360antiviruspro.com\/de\/","name":"360 Antivirus Pro","description":"Leaders in Antivirus Technology","potentialAction":[{"@type":"SearchAction","target":{"@type":"EntryPoint","urlTemplate":"https:\/\/www.360antiviruspro.com\/de\/?s={search_term_string}"},"query-input":{"@type":"PropertyValueSpecification","valueRequired":true,"valueName":"search_term_string"}}],"inLanguage":"de"}]}},"_links":{"self":[{"href":"https:\/\/www.360antiviruspro.com\/de\/wp-json\/wp\/v2\/pages\/20190","targetHints":{"allow":["GET"]}}],"collection":[{"href":"https:\/\/www.360antiviruspro.com\/de\/wp-json\/wp\/v2\/pages"}],"about":[{"href":"https:\/\/www.360antiviruspro.com\/de\/wp-json\/wp\/v2\/types\/page"}],"author":[{"embeddable":true,"href":"https:\/\/www.360antiviruspro.com\/de\/wp-json\/wp\/v2\/users\/1"}],"replies":[{"embeddable":true,"href":"https:\/\/www.360antiviruspro.com\/de\/wp-json\/wp\/v2\/comments?post=20190"}],"version-history":[{"count":0,"href":"https:\/\/www.360antiviruspro.com\/de\/wp-json\/wp\/v2\/pages\/20190\/revisions"}],"wp:attachment":[{"href":"https:\/\/www.360antiviruspro.com\/de\/wp-json\/wp\/v2\/media?parent=20190"}],"curies":[{"name":"wp","href":"https:\/\/api.w.org\/{rel}","templated":true}]}}