{"id":28123,"date":"2024-11-14T14:59:03","date_gmt":"2024-11-14T09:29:03","guid":{"rendered":"https:\/\/www.360antiviruspro.com\/danke-fuer-den-download"},"modified":"2025-02-11T17:30:40","modified_gmt":"2025-02-11T12:00:40","slug":"danke-fuer-den-download","status":"publish","type":"page","link":"https:\/\/www.360antiviruspro.com\/de\/danke-fuer-den-download","title":{"rendered":"Danke f\u00fcr den Download"},"content":{"rendered":"\t\t<div data-elementor-type=\"wp-page\" data-elementor-id=\"28123\" class=\"elementor elementor-28123 elementor-26053\" data-elementor-post-type=\"page\">\n\t\t\t\t\t\t<section class=\"elementor-section elementor-top-section elementor-element elementor-element-118c6b7 elementor-section-height-min-height elementor-section-boxed elementor-section-height-default elementor-section-items-middle\" data-id=\"118c6b7\" data-element_type=\"section\" data-e-type=\"section\" data-settings=\"{&quot;background_background&quot;:&quot;classic&quot;}\">\n\t\t\t\t\t\t\t<div class=\"elementor-background-overlay\"><\/div>\n\t\t\t\t\t\t\t<div class=\"elementor-container elementor-column-gap-default\">\n\t\t\t\t\t<div class=\"elementor-column elementor-col-100 elementor-top-column elementor-element elementor-element-92aff8a\" data-id=\"92aff8a\" data-element_type=\"column\" data-e-type=\"column\">\n\t\t\t<div class=\"elementor-widget-wrap elementor-element-populated\">\n\t\t\t\t\t\t<div class=\"elementor-element elementor-element-12f5792 elementor-widget elementor-widget-heading\" data-id=\"12f5792\" data-element_type=\"widget\" data-e-type=\"widget\" data-widget_type=\"heading.default\">\n\t\t\t\t<div class=\"elementor-widget-container\">\n\t\t\t\t\t<h1 class=\"elementor-heading-title elementor-size-default\">Danke f\u00fcr den Download<\/h1>\t\t\t\t<\/div>\n\t\t\t\t<\/div>\n\t\t\t\t\t<\/div>\n\t\t<\/div>\n\t\t\t\t\t<\/div>\n\t\t<\/section>\n\t\t<div class=\"elementor-element elementor-element-f2c6e01 e-flex e-con-boxed e-con e-parent\" data-id=\"f2c6e01\" data-element_type=\"container\" data-e-type=\"container\">\n\t\t\t\t\t<div class=\"e-con-inner\">\n\t\t<div class=\"elementor-element elementor-element-75b6e5e e-con-full e-flex e-con e-child\" data-id=\"75b6e5e\" data-element_type=\"container\" data-e-type=\"container\">\n\t\t\t\t<div class=\"elementor-element elementor-element-c248328 elementor-widget elementor-widget-heading\" data-id=\"c248328\" data-element_type=\"widget\" data-e-type=\"widget\" data-widget_type=\"heading.default\">\n\t\t\t\t<div class=\"elementor-widget-container\">\n\t\t\t\t\t<h2 class=\"elementor-heading-title elementor-size-default\">Herunterladen erfolgreich abgeschlossen!<\/h2>\t\t\t\t<\/div>\n\t\t\t\t<\/div>\n\t\t\t\t<div class=\"elementor-element elementor-element-1a6d813 elementor-widget elementor-widget-heading\" data-id=\"1a6d813\" data-element_type=\"widget\" data-e-type=\"widget\" data-widget_type=\"heading.default\">\n\t\t\t\t<div class=\"elementor-widget-container\">\n\t\t\t\t\t<h3 class=\"elementor-heading-title elementor-size-default\">Wir sch\u00e4tzen es, dass Sie sich f\u00fcr 360 Antivirus Pro entschieden haben!<\/h3>\t\t\t\t<\/div>\n\t\t\t\t<\/div>\n\t\t\t\t<div class=\"elementor-element elementor-element-5e5093d elementor-widget elementor-widget-text-editor\" data-id=\"5e5093d\" data-element_type=\"widget\" data-e-type=\"widget\" data-widget_type=\"text-editor.default\">\n\t\t\t\t<div class=\"elementor-widget-container\">\n\t\t\t\t\t\t\t\t\t<p>Ihr Download wird automatisch gestartet. Wenn nicht, klicken Sie <a href=\"https:\/\/360antiviruspro.com\/360softwareexe\/360AntivirusProSetup.exe\"><strong>einfach hier<\/strong><\/a>.<\/p>\n\t\t\t\t\t\t\t\t<\/div>\n\t\t\t\t<\/div>\n\t\t\t\t<div class=\"elementor-element elementor-element-a3eaddc elementor-widget elementor-widget-heading\" data-id=\"a3eaddc\" data-element_type=\"widget\" data-e-type=\"widget\" data-widget_type=\"heading.default\">\n\t\t\t\t<div class=\"elementor-widget-container\">\n\t\t\t\t\t<h2 class=\"elementor-heading-title elementor-size-default\">Go to your Downloads and run your 360 Antivirus Pro<\/br>program to install it on your PC. \n\n\n<\/h2>\t\t\t\t<\/div>\n\t\t\t\t<\/div>\n\t\t\t\t<\/div>\n\t\t\t\t\t<\/div>\n\t\t\t\t<\/div>\n\t\t<div class=\"elementor-element elementor-element-aec735a e-flex e-con-boxed e-con e-parent\" data-id=\"aec735a\" data-element_type=\"container\" data-e-type=\"container\">\n\t\t\t\t\t<div class=\"e-con-inner\">\n\t\t\t\t<div class=\"elementor-element elementor-element-1d66eed elementor-widget elementor-widget-image\" data-id=\"1d66eed\" data-element_type=\"widget\" data-e-type=\"widget\" data-widget_type=\"image.default\">\n\t\t\t\t<div class=\"elementor-widget-container\">\n\t\t\t\t\t\t\t\t\t\t\t\t\t\t\t<img fetchpriority=\"high\" decoding=\"async\" width=\"480\" height=\"293\" src=\"https:\/\/www.360antiviruspro.com\/wp-content\/uploads\/2024\/11\/download-process1.jpg\" class=\"attachment-full size-full wp-image-26091\" alt=\"\" srcset=\"https:\/\/www.360antiviruspro.com\/wp-content\/uploads\/2024\/11\/download-process1.jpg 480w, https:\/\/www.360antiviruspro.com\/wp-content\/uploads\/2024\/11\/download-process1-300x183.jpg 300w\" sizes=\"(max-width: 480px) 100vw, 480px\" \/>\t\t\t\t\t\t\t\t\t\t\t\t\t\t\t<\/div>\n\t\t\t\t<\/div>\n\t\t\t\t\t<\/div>\n\t\t\t\t<\/div>\n\t\t\t\t<\/div>\n\t\t","protected":false},"excerpt":{"rendered":"<p>Danke f\u00fcr den Download Herunterladen erfolgreich abgeschlossen! Wir sch\u00e4tzen es, dass Sie sich f\u00fcr 360 Antivirus Pro entschieden haben! Ihr Download wird automatisch gestartet. Wenn nicht, klicken Sie einfach hier. Go to your Downloads and run your 360 Antivirus Proprogram to install it on your PC.<\/p>\n","protected":false},"author":5,"featured_media":0,"parent":0,"menu_order":0,"comment_status":"closed","ping_status":"closed","template":"elementor_header_footer","meta":{"_acf_changed":false,"footnotes":""},"class_list":["post-28123","page","type-page","status-publish","hentry"],"acf":[],"yoast_head":"<!-- This site is optimized with the Yoast SEO plugin v27.3 - https:\/\/yoast.com\/product\/yoast-seo-wordpress\/ -->\n<title>Danke f\u00fcr den Download - 360 Antivirus Pro<\/title>\n<meta name=\"description\" content=\"Vielen Dank, dass Sie 360 Antivirus Pro f\u00fcr Windows heruntergeladen haben! Verbessern Sie Ihre Sicherheit und optimieren Sie Ihr PC-Erlebnis mit unserer leistungsstarken Antivirenl\u00f6sung.\" \/>\n<meta name=\"robots\" content=\"noindex, nofollow\" \/>\n<meta property=\"og:locale\" content=\"de_DE\" \/>\n<meta property=\"og:type\" content=\"article\" \/>\n<meta property=\"og:title\" content=\"Danke f\u00fcr den Download - 360 Antivirus Pro\" \/>\n<meta property=\"og:description\" content=\"Vielen Dank, dass Sie 360 Antivirus Pro f\u00fcr Windows heruntergeladen haben! Verbessern Sie Ihre Sicherheit und optimieren Sie Ihr PC-Erlebnis mit unserer leistungsstarken Antivirenl\u00f6sung.\" \/>\n<meta property=\"og:url\" content=\"https:\/\/www.360antiviruspro.com\/de\/danke-fuer-den-download\" \/>\n<meta property=\"og:site_name\" content=\"360 Antivirus Pro\" \/>\n<meta property=\"article:modified_time\" content=\"2025-02-11T12:00:40+00:00\" \/>\n<meta property=\"og:image\" content=\"https:\/\/www.360antiviruspro.com\/wp-content\/uploads\/2024\/11\/download-process1.jpg\" \/>\n\t<meta property=\"og:image:width\" content=\"480\" \/>\n\t<meta property=\"og:image:height\" content=\"293\" \/>\n\t<meta property=\"og:image:type\" content=\"image\/jpeg\" \/>\n<meta name=\"twitter:card\" content=\"summary_large_image\" \/>\n<script type=\"application\/ld+json\" class=\"yoast-schema-graph\">{\"@context\":\"https:\\\/\\\/schema.org\",\"@graph\":[{\"@type\":\"WebPage\",\"@id\":\"https:\\\/\\\/www.360antiviruspro.com\\\/de\\\/danke-fuer-den-download\",\"url\":\"https:\\\/\\\/www.360antiviruspro.com\\\/de\\\/danke-fuer-den-download\",\"name\":\"Danke f\u00fcr den Download - 360 Antivirus Pro\",\"isPartOf\":{\"@id\":\"https:\\\/\\\/www.360antiviruspro.com\\\/de\\\/#website\"},\"primaryImageOfPage\":{\"@id\":\"https:\\\/\\\/www.360antiviruspro.com\\\/de\\\/danke-fuer-den-download#primaryimage\"},\"image\":{\"@id\":\"https:\\\/\\\/www.360antiviruspro.com\\\/de\\\/danke-fuer-den-download#primaryimage\"},\"thumbnailUrl\":\"https:\\\/\\\/www.360antiviruspro.com\\\/wp-content\\\/uploads\\\/2024\\\/11\\\/download-process1.jpg\",\"datePublished\":\"2024-11-14T09:29:03+00:00\",\"dateModified\":\"2025-02-11T12:00:40+00:00\",\"description\":\"Vielen Dank, dass Sie 360 Antivirus Pro f\u00fcr Windows heruntergeladen haben! Verbessern Sie Ihre Sicherheit und optimieren Sie Ihr PC-Erlebnis mit unserer leistungsstarken Antivirenl\u00f6sung.\",\"breadcrumb\":{\"@id\":\"https:\\\/\\\/www.360antiviruspro.com\\\/de\\\/danke-fuer-den-download#breadcrumb\"},\"inLanguage\":\"de\",\"potentialAction\":[{\"@type\":\"ReadAction\",\"target\":[\"https:\\\/\\\/www.360antiviruspro.com\\\/de\\\/danke-fuer-den-download\"]}]},{\"@type\":\"ImageObject\",\"inLanguage\":\"de\",\"@id\":\"https:\\\/\\\/www.360antiviruspro.com\\\/de\\\/danke-fuer-den-download#primaryimage\",\"url\":\"https:\\\/\\\/www.360antiviruspro.com\\\/wp-content\\\/uploads\\\/2024\\\/11\\\/download-process1.jpg\",\"contentUrl\":\"https:\\\/\\\/www.360antiviruspro.com\\\/wp-content\\\/uploads\\\/2024\\\/11\\\/download-process1.jpg\"},{\"@type\":\"BreadcrumbList\",\"@id\":\"https:\\\/\\\/www.360antiviruspro.com\\\/de\\\/danke-fuer-den-download#breadcrumb\",\"itemListElement\":[{\"@type\":\"ListItem\",\"position\":1,\"name\":\"Home\",\"item\":\"https:\\\/\\\/www.360antiviruspro.com\\\/\"},{\"@type\":\"ListItem\",\"position\":2,\"name\":\"Danke f\u00fcr den Download\"}]},{\"@type\":\"WebSite\",\"@id\":\"https:\\\/\\\/www.360antiviruspro.com\\\/de\\\/#website\",\"url\":\"https:\\\/\\\/www.360antiviruspro.com\\\/de\\\/\",\"name\":\"360 Antivirus Pro\",\"description\":\"Leaders in Antivirus Technology\",\"potentialAction\":[{\"@type\":\"SearchAction\",\"target\":{\"@type\":\"EntryPoint\",\"urlTemplate\":\"https:\\\/\\\/www.360antiviruspro.com\\\/de\\\/?s={search_term_string}\"},\"query-input\":{\"@type\":\"PropertyValueSpecification\",\"valueRequired\":true,\"valueName\":\"search_term_string\"}}],\"inLanguage\":\"de\"}]}<\/script>\n<!-- \/ Yoast SEO plugin. -->","yoast_head_json":{"title":"Danke f\u00fcr den Download - 360 Antivirus Pro","description":"Vielen Dank, dass Sie 360 Antivirus Pro f\u00fcr Windows heruntergeladen haben! Verbessern Sie Ihre Sicherheit und optimieren Sie Ihr PC-Erlebnis mit unserer leistungsstarken Antivirenl\u00f6sung.","robots":{"index":"noindex","follow":"nofollow"},"og_locale":"de_DE","og_type":"article","og_title":"Danke f\u00fcr den Download - 360 Antivirus Pro","og_description":"Vielen Dank, dass Sie 360 Antivirus Pro f\u00fcr Windows heruntergeladen haben! Verbessern Sie Ihre Sicherheit und optimieren Sie Ihr PC-Erlebnis mit unserer leistungsstarken Antivirenl\u00f6sung.","og_url":"https:\/\/www.360antiviruspro.com\/de\/danke-fuer-den-download","og_site_name":"360 Antivirus Pro","article_modified_time":"2025-02-11T12:00:40+00:00","og_image":[{"width":480,"height":293,"url":"https:\/\/www.360antiviruspro.com\/wp-content\/uploads\/2024\/11\/download-process1.jpg","type":"image\/jpeg"}],"twitter_card":"summary_large_image","schema":{"@context":"https:\/\/schema.org","@graph":[{"@type":"WebPage","@id":"https:\/\/www.360antiviruspro.com\/de\/danke-fuer-den-download","url":"https:\/\/www.360antiviruspro.com\/de\/danke-fuer-den-download","name":"Danke f\u00fcr den Download - 360 Antivirus Pro","isPartOf":{"@id":"https:\/\/www.360antiviruspro.com\/de\/#website"},"primaryImageOfPage":{"@id":"https:\/\/www.360antiviruspro.com\/de\/danke-fuer-den-download#primaryimage"},"image":{"@id":"https:\/\/www.360antiviruspro.com\/de\/danke-fuer-den-download#primaryimage"},"thumbnailUrl":"https:\/\/www.360antiviruspro.com\/wp-content\/uploads\/2024\/11\/download-process1.jpg","datePublished":"2024-11-14T09:29:03+00:00","dateModified":"2025-02-11T12:00:40+00:00","description":"Vielen Dank, dass Sie 360 Antivirus Pro f\u00fcr Windows heruntergeladen haben! Verbessern Sie Ihre Sicherheit und optimieren Sie Ihr PC-Erlebnis mit unserer leistungsstarken Antivirenl\u00f6sung.","breadcrumb":{"@id":"https:\/\/www.360antiviruspro.com\/de\/danke-fuer-den-download#breadcrumb"},"inLanguage":"de","potentialAction":[{"@type":"ReadAction","target":["https:\/\/www.360antiviruspro.com\/de\/danke-fuer-den-download"]}]},{"@type":"ImageObject","inLanguage":"de","@id":"https:\/\/www.360antiviruspro.com\/de\/danke-fuer-den-download#primaryimage","url":"https:\/\/www.360antiviruspro.com\/wp-content\/uploads\/2024\/11\/download-process1.jpg","contentUrl":"https:\/\/www.360antiviruspro.com\/wp-content\/uploads\/2024\/11\/download-process1.jpg"},{"@type":"BreadcrumbList","@id":"https:\/\/www.360antiviruspro.com\/de\/danke-fuer-den-download#breadcrumb","itemListElement":[{"@type":"ListItem","position":1,"name":"Home","item":"https:\/\/www.360antiviruspro.com\/"},{"@type":"ListItem","position":2,"name":"Danke f\u00fcr den Download"}]},{"@type":"WebSite","@id":"https:\/\/www.360antiviruspro.com\/de\/#website","url":"https:\/\/www.360antiviruspro.com\/de\/","name":"360 Antivirus Pro","description":"Leaders in Antivirus Technology","potentialAction":[{"@type":"SearchAction","target":{"@type":"EntryPoint","urlTemplate":"https:\/\/www.360antiviruspro.com\/de\/?s={search_term_string}"},"query-input":{"@type":"PropertyValueSpecification","valueRequired":true,"valueName":"search_term_string"}}],"inLanguage":"de"}]}},"_links":{"self":[{"href":"https:\/\/www.360antiviruspro.com\/de\/wp-json\/wp\/v2\/pages\/28123","targetHints":{"allow":["GET"]}}],"collection":[{"href":"https:\/\/www.360antiviruspro.com\/de\/wp-json\/wp\/v2\/pages"}],"about":[{"href":"https:\/\/www.360antiviruspro.com\/de\/wp-json\/wp\/v2\/types\/page"}],"author":[{"embeddable":true,"href":"https:\/\/www.360antiviruspro.com\/de\/wp-json\/wp\/v2\/users\/5"}],"replies":[{"embeddable":true,"href":"https:\/\/www.360antiviruspro.com\/de\/wp-json\/wp\/v2\/comments?post=28123"}],"version-history":[{"count":1,"href":"https:\/\/www.360antiviruspro.com\/de\/wp-json\/wp\/v2\/pages\/28123\/revisions"}],"predecessor-version":[{"id":28124,"href":"https:\/\/www.360antiviruspro.com\/de\/wp-json\/wp\/v2\/pages\/28123\/revisions\/28124"}],"wp:attachment":[{"href":"https:\/\/www.360antiviruspro.com\/de\/wp-json\/wp\/v2\/media?parent=28123"}],"curies":[{"name":"wp","href":"https:\/\/api.w.org\/{rel}","templated":true}]}}