{"id":19847,"date":"2023-09-04T08:21:47","date_gmt":"2023-09-04T02:51:47","guid":{"rendered":"https:\/\/www.360antiviruspro.com\/desinstalado"},"modified":"2025-02-10T18:22:00","modified_gmt":"2025-02-10T12:52:00","slug":"desinstalado","status":"publish","type":"page","link":"https:\/\/www.360antiviruspro.com\/es\/desinstalado","title":{"rendered":"desinstalado"},"content":{"rendered":"\t\t<div data-elementor-type=\"wp-page\" data-elementor-id=\"19847\" class=\"elementor elementor-19847 elementor-3357\" data-elementor-post-type=\"page\">\n\t\t\t\t\t\t<section class=\"elementor-section elementor-top-section elementor-element elementor-element-f5954f4 elementor-section-height-min-height elementor-section-boxed elementor-section-height-default elementor-section-items-middle\" data-id=\"f5954f4\" data-element_type=\"section\" data-e-type=\"section\" data-settings=\"{&quot;background_background&quot;:&quot;classic&quot;}\">\n\t\t\t\t\t\t\t<div class=\"elementor-background-overlay\"><\/div>\n\t\t\t\t\t\t\t<div class=\"elementor-container elementor-column-gap-default\">\n\t\t\t\t\t<div class=\"elementor-column elementor-col-100 elementor-top-column elementor-element elementor-element-5d7f220\" data-id=\"5d7f220\" data-element_type=\"column\" data-e-type=\"column\">\n\t\t\t<div class=\"elementor-widget-wrap elementor-element-populated\">\n\t\t\t\t\t\t<div class=\"elementor-element elementor-element-fe10b0a elementor-widget elementor-widget-heading\" data-id=\"fe10b0a\" data-element_type=\"widget\" data-e-type=\"widget\" data-widget_type=\"heading.default\">\n\t\t\t\t<div class=\"elementor-widget-container\">\n\t\t\t\t\t<h1 class=\"elementor-heading-title elementor-size-default\">desinstalado<\/h1>\t\t\t\t<\/div>\n\t\t\t\t<\/div>\n\t\t\t\t\t<\/div>\n\t\t<\/div>\n\t\t\t\t\t<\/div>\n\t\t<\/section>\n\t\t\t\t<section class=\"elementor-section elementor-top-section elementor-element elementor-element-e30e7c6 elementor-section-boxed elementor-section-height-default elementor-section-height-default\" data-id=\"e30e7c6\" data-element_type=\"section\" data-e-type=\"section\">\n\t\t\t\t\t\t<div class=\"elementor-container elementor-column-gap-default\">\n\t\t\t\t\t<div class=\"elementor-column elementor-col-33 elementor-top-column elementor-element elementor-element-a922190\" data-id=\"a922190\" data-element_type=\"column\" data-e-type=\"column\">\n\t\t\t<div class=\"elementor-widget-wrap elementor-element-populated\">\n\t\t\t\t\t\t<section class=\"elementor-section elementor-inner-section elementor-element elementor-element-c61cd24 elementor-section-boxed elementor-section-height-default elementor-section-height-default\" data-id=\"c61cd24\" data-element_type=\"section\" data-e-type=\"section\">\n\t\t\t\t\t\t<div class=\"elementor-container elementor-column-gap-default\">\n\t\t\t\t\t<div class=\"elementor-column elementor-col-100 elementor-inner-column elementor-element elementor-element-5096eff\" data-id=\"5096eff\" data-element_type=\"column\" data-e-type=\"column\">\n\t\t\t<div class=\"elementor-widget-wrap elementor-element-populated\">\n\t\t\t\t\t\t<div class=\"elementor-element elementor-element-136b19b elementor-widget elementor-widget-heading\" data-id=\"136b19b\" data-element_type=\"widget\" data-e-type=\"widget\" data-widget_type=\"heading.default\">\n\t\t\t\t<div class=\"elementor-widget-container\">\n\t\t\t\t\t<h4 class=\"elementor-heading-title elementor-size-default\">\u00a1Es desgarrador verte partir! <\/h4>\t\t\t\t<\/div>\n\t\t\t\t<\/div>\n\t\t\t\t\t<\/div>\n\t\t<\/div>\n\t\t\t\t\t<\/div>\n\t\t<\/section>\n\t\t\t\t<section class=\"elementor-section elementor-inner-section elementor-element elementor-element-0571091 elementor-section-boxed elementor-section-height-default elementor-section-height-default\" data-id=\"0571091\" data-element_type=\"section\" data-e-type=\"section\">\n\t\t\t\t\t\t<div class=\"elementor-container elementor-column-gap-default\">\n\t\t\t\t\t<div class=\"elementor-column elementor-col-100 elementor-inner-column elementor-element elementor-element-2ff3b93\" data-id=\"2ff3b93\" data-element_type=\"column\" data-e-type=\"column\">\n\t\t\t<div class=\"elementor-widget-wrap elementor-element-populated\">\n\t\t\t\t\t\t<div class=\"elementor-element elementor-element-7ce534a elementor-widget elementor-widget-heading\" data-id=\"7ce534a\" data-element_type=\"widget\" data-e-type=\"widget\" data-widget_type=\"heading.default\">\n\t\t\t\t<div class=\"elementor-widget-container\">\n\t\t\t\t\t<h6 class=\"elementor-heading-title elementor-size-default\">Lo siento si alguna vez no cumplimos con tus expectativas. <\/h6>\t\t\t\t<\/div>\n\t\t\t\t<\/div>\n\t\t\t\t\t<\/div>\n\t\t<\/div>\n\t\t\t\t\t<\/div>\n\t\t<\/section>\n\t\t\t\t<div class=\"elementor-element elementor-element-fb8e65a elementor-widget elementor-widget-image\" data-id=\"fb8e65a\" data-element_type=\"widget\" data-e-type=\"widget\" data-widget_type=\"image.default\">\n\t\t\t\t<div class=\"elementor-widget-container\">\n\t\t\t\t\t\t\t\t\t\t\t\t\t\t\t<img decoding=\"async\" src=\"https:\/\/360antiviruspro.com\/wp-content\/uploads\/2023\/09\/New-Project-9.png\" title=\"\" alt=\"\" loading=\"lazy\" \/>\t\t\t\t\t\t\t\t\t\t\t\t\t\t\t<\/div>\n\t\t\t\t<\/div>\n\t\t\t\t\t<\/div>\n\t\t<\/div>\n\t\t\t\t<div class=\"elementor-column elementor-col-66 elementor-top-column elementor-element elementor-element-71d1901\" data-id=\"71d1901\" data-element_type=\"column\" data-e-type=\"column\">\n\t\t\t<div class=\"elementor-widget-wrap elementor-element-populated\">\n\t\t\t\t\t\t<div class=\"elementor-element elementor-element-dfaa46f elementor-button-align-stretch elementor-widget elementor-widget-form\" data-id=\"dfaa46f\" data-element_type=\"widget\" data-e-type=\"widget\" data-settings=\"{&quot;step_next_label&quot;:&quot;Siguiente&quot;,&quot;step_previous_label&quot;:&quot;Anterior&quot;,&quot;button_width&quot;:&quot;100&quot;,&quot;step_type&quot;:&quot;number_text&quot;,&quot;step_icon_shape&quot;:&quot;circle&quot;}\" data-widget_type=\"form.default\">\n\t\t\t\t<div class=\"elementor-widget-container\">\n\t\t\t\t\t\t\t<form class=\"elementor-form\" method=\"post\" name=\"Nueva forma\" aria-label=\"Nueva forma\">\n\t\t\t<input type=\"hidden\" name=\"post_id\" value=\"19847\"\/>\n\t\t\t<input type=\"hidden\" name=\"form_id\" value=\"dfaa46f\"\/>\n\t\t\t<input type=\"hidden\" name=\"referer_title\" value=\"360 Antivirus Pro\" \/>\n\n\t\t\t\n\t\t\t<div class=\"elementor-form-fields-wrapper elementor-labels-\">\n\t\t\t\t\t\t\t\t<div class=\"elementor-field-type-html elementor-field-group elementor-column elementor-field-group-field_dbaffbd elementor-col-100\">\n\t\t\t\t\t<h4>Por favor, t\u00f3mese un momento para hacernos saber sus razones para desinstalar.<\/h4>\n<p><strong>Agradecer\u00edamos su opini\u00f3n sobre por qu\u00e9 desinstal\u00f3 el software. Nos ayudar\u00e1 a abordar el problema y mejorar nuestros servicios.  <\/strong><\/p>\t\t\t\t<\/div>\n\t\t\t\t\t\t\t\t<div class=\"elementor-field-type-radio elementor-field-group elementor-column elementor-field-group-message elementor-col-100 elementor-field-required\">\n\t\t\t\t\t\t\t\t\t\t\t\t<label for=\"form-field-message\" class=\"elementor-field-label elementor-screen-only\">\n\t\t\t\t\t\t\t\tMensaje\t\t\t\t\t\t\t<\/label>\n\t\t\t\t\t\t<div class=\"elementor-field-subgroup  \"><span class=\"elementor-field-option\"><input type=\"radio\" value=\" Usa demasiados recursos, ralentiza el sistema.\" id=\"form-field-message-0\" name=\"form_fields[message]\" required=\"required\"> <label for=\"form-field-message-0\">Usa demasiados recursos, ralentiza el sistema<\/label><\/span><span class=\"elementor-field-option\"><input type=\"radio\" value=\"Considera algunos archivos y programas como malware\" id=\"form-field-message-1\" name=\"form_fields[message]\" required=\"required\"> <label for=\"form-field-message-1\">Considera algunos archivos y programas como malware<\/label><\/span><span class=\"elementor-field-option\"><input type=\"radio\" value=\"Creo que la versi\u00f3n de pago del software es cara. Creo que la versi\u00f3n de pago del software es cara. Creo que la versi\u00f3n de pago del software es cara.\" id=\"form-field-message-2\" name=\"form_fields[message]\" required=\"required\"> <label for=\"form-field-message-2\">Creo que la versi\u00f3n de pago del software es cara. Creo que la versi\u00f3n de pago del software es cara. Creo que la versi\u00f3n de pago del software es cara.<\/label><\/span><span class=\"elementor-field-option\"><input type=\"radio\" value=\"Emite demasiadas notificaciones innecesarias\" id=\"form-field-message-3\" name=\"form_fields[message]\" required=\"required\"> <label for=\"form-field-message-3\">Emite demasiadas notificaciones innecesarias<\/label><\/span><span class=\"elementor-field-option\"><input type=\"radio\" value=\"No funcion\u00f3 bien en mi sistema. No funcion\u00f3 bien en mi sistema. No funcion\u00f3 bien en mi sistema.\" id=\"form-field-message-4\" name=\"form_fields[message]\" required=\"required\"> <label for=\"form-field-message-4\">No funcion\u00f3 bien en mi sistema. No funcion\u00f3 bien en mi sistema. No funcion\u00f3 bien en mi sistema.<\/label><\/span><span class=\"elementor-field-option\"><input type=\"radio\" value=\"Identifica archivos o aplicaciones seguros como malware\" id=\"form-field-message-5\" name=\"form_fields[message]\" required=\"required\"> <label for=\"form-field-message-5\">Identifica archivos o aplicaciones seguros como malware<\/label><\/span><span class=\"elementor-field-option\"><input type=\"radio\" value=\"Est\u00e1 utilizando demasiado espacio y recursos del sistema. Est\u00e1 utilizando demasiado espacio y recursos del sistema.\" id=\"form-field-message-6\" name=\"form_fields[message]\" required=\"required\"> <label for=\"form-field-message-6\">Est\u00e1 utilizando demasiado espacio y recursos del sistema. Est\u00e1 utilizando demasiado espacio y recursos del sistema.<\/label><\/span><span class=\"elementor-field-option\"><input type=\"radio\" value=\"No es compatible con otras aplicaciones y programas. No es compatible con otras aplicaciones y programas.\" id=\"form-field-message-7\" name=\"form_fields[message]\" required=\"required\"> <label for=\"form-field-message-7\">No es compatible con otras aplicaciones y programas. No es compatible con otras aplicaciones y programas.<\/label><\/span><span class=\"elementor-field-option\"><input type=\"radio\" value=\"Es un desaf\u00edo ejecutar y gestionar en el sistema\" id=\"form-field-message-8\" name=\"form_fields[message]\" required=\"required\"> <label for=\"form-field-message-8\">Es un desaf\u00edo ejecutar y gestionar en el sistema<\/label><\/span><span class=\"elementor-field-option\"><input type=\"radio\" value=\"Algunos otros problemas\" id=\"form-field-message-9\" name=\"form_fields[message]\" required=\"required\"> <label for=\"form-field-message-9\">Algunos otros problemas<\/label><\/span><\/div>\t\t\t\t<\/div>\n\t\t\t\t\t\t\t\t<div class=\"elementor-field-group elementor-column elementor-field-type-submit elementor-col-100 e-form__buttons\">\n\t\t\t\t\t<button class=\"elementor-button elementor-size-sm\" type=\"submit\">\n\t\t\t\t\t\t<span class=\"elementor-button-content-wrapper\">\n\t\t\t\t\t\t\t\t\t\t\t\t\t\t\t\t\t\t\t\t\t\t<span class=\"elementor-button-text\">Enviar<\/span>\n\t\t\t\t\t\t\t\t\t\t\t\t\t<\/span>\n\t\t\t\t\t<\/button>\n\t\t\t\t<\/div>\n\t\t\t<\/div>\n\t\t<\/form>\n\t\t\t\t\t\t<\/div>\n\t\t\t\t<\/div>\n\t\t\t\t\t<\/div>\n\t\t<\/div>\n\t\t\t\t\t<\/div>\n\t\t<\/section>\n\t\t\t\t<\/div>\n\t\t","protected":false},"excerpt":{"rendered":"<p>desinstalado \u00a1Es desgarrador verte partir! Lo siento si alguna vez no cumplimos con tus expectativas.<\/p>\n","protected":false},"author":1,"featured_media":0,"parent":0,"menu_order":0,"comment_status":"closed","ping_status":"closed","template":"elementor_header_footer","meta":{"_acf_changed":false,"footnotes":""},"class_list":["post-19847","page","type-page","status-publish","hentry"],"acf":[],"yoast_head":"<!-- This site is optimized with the Yoast SEO plugin v27.3 - https:\/\/yoast.com\/product\/yoast-seo-wordpress\/ -->\n<title>desinstalado - 360 Antivirus Pro<\/title>\n<meta name=\"description\" content=\"360 Antivirus Pro Security se ha desinstalado con \u00e9xito de su dispositivo Windows. Comparte tus comentarios, por qu\u00e9 decidiste desinstalar el software antivirus.\" \/>\n<meta name=\"robots\" content=\"index, follow, max-snippet:-1, max-image-preview:large, max-video-preview:-1\" \/>\n<link rel=\"canonical\" href=\"https:\/\/www.360antiviruspro.com\/es\/desinstalado\" \/>\n<meta property=\"og:locale\" content=\"es_ES\" \/>\n<meta property=\"og:type\" content=\"article\" \/>\n<meta property=\"og:title\" content=\"desinstalado - 360 Antivirus Pro\" \/>\n<meta property=\"og:description\" content=\"360 Antivirus Pro Security se ha desinstalado con \u00e9xito de su dispositivo Windows. Comparte tus comentarios, por qu\u00e9 decidiste desinstalar el software antivirus.\" \/>\n<meta property=\"og:url\" content=\"https:\/\/www.360antiviruspro.com\/es\/desinstalado\" \/>\n<meta property=\"og:site_name\" content=\"360 Antivirus Pro\" \/>\n<meta property=\"article:modified_time\" content=\"2025-02-10T12:52:00+00:00\" \/>\n<meta property=\"og:image\" content=\"https:\/\/360antiviruspro.com\/wp-content\/uploads\/2023\/09\/New-Project-9.png\" \/>\n<meta name=\"twitter:card\" content=\"summary_large_image\" \/>\n<meta name=\"twitter:label1\" content=\"Tiempo de lectura\" \/>\n\t<meta name=\"twitter:data1\" content=\"1 minuto\" \/>\n<script type=\"application\/ld+json\" class=\"yoast-schema-graph\">{\"@context\":\"https:\\\/\\\/schema.org\",\"@graph\":[{\"@type\":\"WebPage\",\"@id\":\"https:\\\/\\\/www.360antiviruspro.com\\\/es\\\/desinstalado\",\"url\":\"https:\\\/\\\/www.360antiviruspro.com\\\/es\\\/desinstalado\",\"name\":\"desinstalado - 360 Antivirus Pro\",\"isPartOf\":{\"@id\":\"https:\\\/\\\/www.360antiviruspro.com\\\/es\\\/#website\"},\"primaryImageOfPage\":{\"@id\":\"https:\\\/\\\/www.360antiviruspro.com\\\/es\\\/desinstalado#primaryimage\"},\"image\":{\"@id\":\"https:\\\/\\\/www.360antiviruspro.com\\\/es\\\/desinstalado#primaryimage\"},\"thumbnailUrl\":\"https:\\\/\\\/360antiviruspro.com\\\/wp-content\\\/uploads\\\/2023\\\/09\\\/New-Project-9.png\",\"datePublished\":\"2023-09-04T02:51:47+00:00\",\"dateModified\":\"2025-02-10T12:52:00+00:00\",\"description\":\"360 Antivirus Pro Security se ha desinstalado con \u00e9xito de su dispositivo Windows. Comparte tus comentarios, por qu\u00e9 decidiste desinstalar el software antivirus.\",\"breadcrumb\":{\"@id\":\"https:\\\/\\\/www.360antiviruspro.com\\\/es\\\/desinstalado#breadcrumb\"},\"inLanguage\":\"es\",\"potentialAction\":[{\"@type\":\"ReadAction\",\"target\":[\"https:\\\/\\\/www.360antiviruspro.com\\\/es\\\/desinstalado\"]}]},{\"@type\":\"ImageObject\",\"inLanguage\":\"es\",\"@id\":\"https:\\\/\\\/www.360antiviruspro.com\\\/es\\\/desinstalado#primaryimage\",\"url\":\"https:\\\/\\\/360antiviruspro.com\\\/wp-content\\\/uploads\\\/2023\\\/09\\\/New-Project-9.png\",\"contentUrl\":\"https:\\\/\\\/360antiviruspro.com\\\/wp-content\\\/uploads\\\/2023\\\/09\\\/New-Project-9.png\"},{\"@type\":\"BreadcrumbList\",\"@id\":\"https:\\\/\\\/www.360antiviruspro.com\\\/es\\\/desinstalado#breadcrumb\",\"itemListElement\":[{\"@type\":\"ListItem\",\"position\":1,\"name\":\"Home\",\"item\":\"https:\\\/\\\/www.360antiviruspro.com\\\/\"},{\"@type\":\"ListItem\",\"position\":2,\"name\":\"desinstalado\"}]},{\"@type\":\"WebSite\",\"@id\":\"https:\\\/\\\/www.360antiviruspro.com\\\/es\\\/#website\",\"url\":\"https:\\\/\\\/www.360antiviruspro.com\\\/es\\\/\",\"name\":\"360 Antivirus Pro\",\"description\":\"Leaders in Antivirus Technology\",\"potentialAction\":[{\"@type\":\"SearchAction\",\"target\":{\"@type\":\"EntryPoint\",\"urlTemplate\":\"https:\\\/\\\/www.360antiviruspro.com\\\/es\\\/?s={search_term_string}\"},\"query-input\":{\"@type\":\"PropertyValueSpecification\",\"valueRequired\":true,\"valueName\":\"search_term_string\"}}],\"inLanguage\":\"es\"}]}<\/script>\n<!-- \/ Yoast SEO plugin. -->","yoast_head_json":{"title":"desinstalado - 360 Antivirus Pro","description":"360 Antivirus Pro Security se ha desinstalado con \u00e9xito de su dispositivo Windows. Comparte tus comentarios, por qu\u00e9 decidiste desinstalar el software antivirus.","robots":{"index":"index","follow":"follow","max-snippet":"max-snippet:-1","max-image-preview":"max-image-preview:large","max-video-preview":"max-video-preview:-1"},"canonical":"https:\/\/www.360antiviruspro.com\/es\/desinstalado","og_locale":"es_ES","og_type":"article","og_title":"desinstalado - 360 Antivirus Pro","og_description":"360 Antivirus Pro Security se ha desinstalado con \u00e9xito de su dispositivo Windows. Comparte tus comentarios, por qu\u00e9 decidiste desinstalar el software antivirus.","og_url":"https:\/\/www.360antiviruspro.com\/es\/desinstalado","og_site_name":"360 Antivirus Pro","article_modified_time":"2025-02-10T12:52:00+00:00","og_image":[{"url":"https:\/\/360antiviruspro.com\/wp-content\/uploads\/2023\/09\/New-Project-9.png","type":"","width":"","height":""}],"twitter_card":"summary_large_image","twitter_misc":{"Tiempo de lectura":"1 minuto"},"schema":{"@context":"https:\/\/schema.org","@graph":[{"@type":"WebPage","@id":"https:\/\/www.360antiviruspro.com\/es\/desinstalado","url":"https:\/\/www.360antiviruspro.com\/es\/desinstalado","name":"desinstalado - 360 Antivirus Pro","isPartOf":{"@id":"https:\/\/www.360antiviruspro.com\/es\/#website"},"primaryImageOfPage":{"@id":"https:\/\/www.360antiviruspro.com\/es\/desinstalado#primaryimage"},"image":{"@id":"https:\/\/www.360antiviruspro.com\/es\/desinstalado#primaryimage"},"thumbnailUrl":"https:\/\/360antiviruspro.com\/wp-content\/uploads\/2023\/09\/New-Project-9.png","datePublished":"2023-09-04T02:51:47+00:00","dateModified":"2025-02-10T12:52:00+00:00","description":"360 Antivirus Pro Security se ha desinstalado con \u00e9xito de su dispositivo Windows. Comparte tus comentarios, por qu\u00e9 decidiste desinstalar el software antivirus.","breadcrumb":{"@id":"https:\/\/www.360antiviruspro.com\/es\/desinstalado#breadcrumb"},"inLanguage":"es","potentialAction":[{"@type":"ReadAction","target":["https:\/\/www.360antiviruspro.com\/es\/desinstalado"]}]},{"@type":"ImageObject","inLanguage":"es","@id":"https:\/\/www.360antiviruspro.com\/es\/desinstalado#primaryimage","url":"https:\/\/360antiviruspro.com\/wp-content\/uploads\/2023\/09\/New-Project-9.png","contentUrl":"https:\/\/360antiviruspro.com\/wp-content\/uploads\/2023\/09\/New-Project-9.png"},{"@type":"BreadcrumbList","@id":"https:\/\/www.360antiviruspro.com\/es\/desinstalado#breadcrumb","itemListElement":[{"@type":"ListItem","position":1,"name":"Home","item":"https:\/\/www.360antiviruspro.com\/"},{"@type":"ListItem","position":2,"name":"desinstalado"}]},{"@type":"WebSite","@id":"https:\/\/www.360antiviruspro.com\/es\/#website","url":"https:\/\/www.360antiviruspro.com\/es\/","name":"360 Antivirus Pro","description":"Leaders in Antivirus Technology","potentialAction":[{"@type":"SearchAction","target":{"@type":"EntryPoint","urlTemplate":"https:\/\/www.360antiviruspro.com\/es\/?s={search_term_string}"},"query-input":{"@type":"PropertyValueSpecification","valueRequired":true,"valueName":"search_term_string"}}],"inLanguage":"es"}]}},"_links":{"self":[{"href":"https:\/\/www.360antiviruspro.com\/es\/wp-json\/wp\/v2\/pages\/19847","targetHints":{"allow":["GET"]}}],"collection":[{"href":"https:\/\/www.360antiviruspro.com\/es\/wp-json\/wp\/v2\/pages"}],"about":[{"href":"https:\/\/www.360antiviruspro.com\/es\/wp-json\/wp\/v2\/types\/page"}],"author":[{"embeddable":true,"href":"https:\/\/www.360antiviruspro.com\/es\/wp-json\/wp\/v2\/users\/1"}],"replies":[{"embeddable":true,"href":"https:\/\/www.360antiviruspro.com\/es\/wp-json\/wp\/v2\/comments?post=19847"}],"version-history":[{"count":3,"href":"https:\/\/www.360antiviruspro.com\/es\/wp-json\/wp\/v2\/pages\/19847\/revisions"}],"predecessor-version":[{"id":28102,"href":"https:\/\/www.360antiviruspro.com\/es\/wp-json\/wp\/v2\/pages\/19847\/revisions\/28102"}],"wp:attachment":[{"href":"https:\/\/www.360antiviruspro.com\/es\/wp-json\/wp\/v2\/media?parent=19847"}],"curies":[{"name":"wp","href":"https:\/\/api.w.org\/{rel}","templated":true}]}}