{"id":19877,"date":"2024-02-07T10:52:03","date_gmt":"2024-02-07T05:22:03","guid":{"rendered":"https:\/\/www.360antiviruspro.com\/derechos-de-autor-y-marcas-registradas-de-terceros"},"modified":"2024-08-30T16:49:34","modified_gmt":"2024-08-30T11:19:34","slug":"derechos-de-autor-y-marcas-registradas-de-terceros","status":"publish","type":"page","link":"https:\/\/www.360antiviruspro.com\/es\/derechos-de-autor-y-marcas-registradas-de-terceros","title":{"rendered":"Derechos de autor y marcas registradas de terceros"},"content":{"rendered":"\t\t<div data-elementor-type=\"wp-page\" data-elementor-id=\"19877\" class=\"elementor elementor-19877 elementor-8271\" data-elementor-post-type=\"page\">\n\t\t\t\t<div class=\"elementor-element elementor-element-ab3094f e-flex e-con-boxed e-con e-parent\" data-id=\"ab3094f\" data-element_type=\"container\" data-e-type=\"container\" data-settings=\"{&quot;background_background&quot;:&quot;classic&quot;}\">\n\t\t\t\t\t<div class=\"e-con-inner\">\n\t\t<div class=\"elementor-element elementor-element-7693fd2 e-con-full e-flex e-con e-child\" data-id=\"7693fd2\" data-element_type=\"container\" data-e-type=\"container\">\n\t\t\t\t<div class=\"elementor-element elementor-element-376827d elementor-widget elementor-widget-heading\" data-id=\"376827d\" data-element_type=\"widget\" data-e-type=\"widget\" data-widget_type=\"heading.default\">\n\t\t\t\t<div class=\"elementor-widget-container\">\n\t\t\t\t\t<h1 class=\"elementor-heading-title elementor-size-default\">Derechos de autor y marcas registradas de terceros<\/h1>\t\t\t\t<\/div>\n\t\t\t\t<\/div>\n\t\t\t\t<div class=\"elementor-element elementor-element-6fa44e5 elementor-icon-list--layout-inline elementor-align-center elementor-list-item-link-full_width elementor-widget elementor-widget-icon-list\" data-id=\"6fa44e5\" data-element_type=\"widget\" data-e-type=\"widget\" data-widget_type=\"icon-list.default\">\n\t\t\t\t<div class=\"elementor-widget-container\">\n\t\t\t\t\t\t\t<ul class=\"elementor-icon-list-items elementor-inline-items\">\n\t\t\t\t\t\t\t<li class=\"elementor-icon-list-item elementor-inline-item\">\n\t\t\t\t\t\t\t\t\t\t\t<a href=\"https:\/\/www.360antiviruspro.com\/es\">\n\n\t\t\t\t\t\t\t\t\t\t\t<span class=\"elementor-icon-list-text\">Inicio<\/span>\n\t\t\t\t\t\t\t\t\t\t\t<\/a>\n\t\t\t\t\t\t\t\t\t<\/li>\n\t\t\t\t\t\t\t\t<li class=\"elementor-icon-list-item elementor-inline-item\">\n\t\t\t\t\t\t\t\t\t\t\t<span class=\"elementor-icon-list-icon\">\n\t\t\t\t\t\t\t<svg aria-hidden=\"true\" class=\"e-font-icon-svg e-fas-chevron-right\" viewBox=\"0 0 320 512\" xmlns=\"http:\/\/www.w3.org\/2000\/svg\"><path d=\"M285.476 272.971L91.132 467.314c-9.373 9.373-24.569 9.373-33.941 0l-22.667-22.667c-9.357-9.357-9.375-24.522-.04-33.901L188.505 256 34.484 101.255c-9.335-9.379-9.317-24.544.04-33.901l22.667-22.667c9.373-9.373 24.569-9.373 33.941 0L285.475 239.03c9.373 9.372 9.373 24.568.001 33.941z\"><\/path><\/svg>\t\t\t\t\t\t<\/span>\n\t\t\t\t\t\t\t\t\t\t<span class=\"elementor-icon-list-text\">Derechos de autor y marcas registradas de terceros<\/span>\n\t\t\t\t\t\t\t\t\t<\/li>\n\t\t\t\t\t\t<\/ul>\n\t\t\t\t\t\t<\/div>\n\t\t\t\t<\/div>\n\t\t\t\t<\/div>\n\t\t\t\t\t<\/div>\n\t\t\t\t<\/div>\n\t\t<div class=\"elementor-element elementor-element-0cea753 e-flex e-con-boxed elementor-invisible e-con e-parent\" data-id=\"0cea753\" data-element_type=\"container\" data-e-type=\"container\" data-settings=\"{&quot;animation&quot;:&quot;fadeInUp&quot;}\">\n\t\t\t\t\t<div class=\"e-con-inner\">\n\t\t\t\t<div class=\"elementor-element elementor-element-4dec4bb elementor-widget elementor-widget-text-editor\" data-id=\"4dec4bb\" data-element_type=\"widget\" data-e-type=\"widget\" data-widget_type=\"text-editor.default\">\n\t\t\t\t<div class=\"elementor-widget-container\">\n\t\t\t\t\t\t\t\t\t<p>Este aviso es para informarle que respetamos los derechos de propiedad intelectual de los dem\u00e1s. Hacemos nuestro mejor esfuerzo para cumplir con las leyes de derechos de autor y marcas registradas aplicables. Por lo tanto, proclamamos que todas las marcas registradas de terceros, s\u00edmbolos, logotipos, nombres de marcas, im\u00e1genes y otras cosas exhibidas, referenciadas y mencionadas en nuestro sitio web son propiedad de sus respectivos due\u00f1os. Si alguien cree que hay un error, problema o discrepancia en t\u00e9rminos de derechos de propiedad o uso de contenido de terceros en nuestro sitio web, puede contactarnos e informarnos al respecto. Rectificaremos las discrepancias y resolveremos los problemas en consecuencia.     <\/p>\n\t\t\t\t\t\t\t\t<\/div>\n\t\t\t\t<\/div>\n\t\t\t\t\t<\/div>\n\t\t\t\t<\/div>\n\t\t\t\t<\/div>\n\t\t","protected":false},"excerpt":{"rendered":"<p>Inicio Este aviso es para informarle que respetamos los derechos de propiedad intelectual de los dem\u00e1s. Hacemos nuestro mejor esfuerzo para cumplir con las leyes de derechos de autor y marcas registradas aplicables. Por lo tanto, proclamamos que todas las marcas registradas de terceros, s\u00edmbolos, logotipos, nombres de marcas, im\u00e1genes y otras cosas exhibidas, referenciadas [&hellip;]<\/p>\n","protected":false},"author":1,"featured_media":0,"parent":0,"menu_order":0,"comment_status":"closed","ping_status":"closed","template":"elementor_header_footer","meta":{"_acf_changed":false,"footnotes":""},"class_list":["post-19877","page","type-page","status-publish","hentry"],"acf":[],"yoast_head":"<!-- This site is optimized with the Yoast SEO plugin v27.3 - https:\/\/yoast.com\/product\/yoast-seo-wordpress\/ -->\n<title>Marcas registradas y derechos de autor de terceros - 360 Antivirus Pro<\/title>\n<meta name=\"description\" content=\"Respete la propiedad de las marcas registradas. Reconocemos que todas las marcas registradas y derechos de autor de terceros son propiedades valiosas de sus respectivos propietarios.\" \/>\n<meta name=\"robots\" content=\"index, follow, max-snippet:-1, max-image-preview:large, max-video-preview:-1\" \/>\n<link rel=\"canonical\" href=\"https:\/\/www.360antiviruspro.com\/es\/derechos-de-autor-y-marcas-registradas-de-terceros\" \/>\n<meta property=\"og:locale\" content=\"es_ES\" \/>\n<meta property=\"og:type\" content=\"article\" \/>\n<meta property=\"og:title\" content=\"Marcas registradas y derechos de autor de terceros - 360 Antivirus Pro\" \/>\n<meta property=\"og:description\" content=\"Respete la propiedad de las marcas registradas. Reconocemos que todas las marcas registradas y derechos de autor de terceros son propiedades valiosas de sus respectivos propietarios.\" \/>\n<meta property=\"og:url\" content=\"https:\/\/www.360antiviruspro.com\/es\/derechos-de-autor-y-marcas-registradas-de-terceros\" \/>\n<meta property=\"og:site_name\" content=\"360 Antivirus Pro\" \/>\n<meta property=\"article:modified_time\" content=\"2024-08-30T11:19:34+00:00\" \/>\n<meta name=\"twitter:card\" content=\"summary_large_image\" \/>\n<meta name=\"twitter:label1\" content=\"Tiempo de lectura\" \/>\n\t<meta name=\"twitter:data1\" content=\"1 minuto\" \/>\n<script type=\"application\/ld+json\" class=\"yoast-schema-graph\">{\"@context\":\"https:\\\/\\\/schema.org\",\"@graph\":[{\"@type\":\"WebPage\",\"@id\":\"https:\\\/\\\/www.360antiviruspro.com\\\/es\\\/derechos-de-autor-y-marcas-registradas-de-terceros\",\"url\":\"https:\\\/\\\/www.360antiviruspro.com\\\/es\\\/derechos-de-autor-y-marcas-registradas-de-terceros\",\"name\":\"Marcas registradas y derechos de autor de terceros - 360 Antivirus Pro\",\"isPartOf\":{\"@id\":\"https:\\\/\\\/www.360antiviruspro.com\\\/es\\\/#website\"},\"datePublished\":\"2024-02-07T05:22:03+00:00\",\"dateModified\":\"2024-08-30T11:19:34+00:00\",\"description\":\"Respete la propiedad de las marcas registradas. Reconocemos que todas las marcas registradas y derechos de autor de terceros son propiedades valiosas de sus respectivos propietarios.\",\"breadcrumb\":{\"@id\":\"https:\\\/\\\/www.360antiviruspro.com\\\/es\\\/derechos-de-autor-y-marcas-registradas-de-terceros#breadcrumb\"},\"inLanguage\":\"es\",\"potentialAction\":[{\"@type\":\"ReadAction\",\"target\":[\"https:\\\/\\\/www.360antiviruspro.com\\\/es\\\/derechos-de-autor-y-marcas-registradas-de-terceros\"]}]},{\"@type\":\"BreadcrumbList\",\"@id\":\"https:\\\/\\\/www.360antiviruspro.com\\\/es\\\/derechos-de-autor-y-marcas-registradas-de-terceros#breadcrumb\",\"itemListElement\":[{\"@type\":\"ListItem\",\"position\":1,\"name\":\"Home\",\"item\":\"https:\\\/\\\/www.360antiviruspro.com\\\/\"},{\"@type\":\"ListItem\",\"position\":2,\"name\":\"Derechos de autor y marcas registradas de terceros\"}]},{\"@type\":\"WebSite\",\"@id\":\"https:\\\/\\\/www.360antiviruspro.com\\\/es\\\/#website\",\"url\":\"https:\\\/\\\/www.360antiviruspro.com\\\/es\\\/\",\"name\":\"360 Antivirus Pro\",\"description\":\"Leaders in Antivirus Technology\",\"potentialAction\":[{\"@type\":\"SearchAction\",\"target\":{\"@type\":\"EntryPoint\",\"urlTemplate\":\"https:\\\/\\\/www.360antiviruspro.com\\\/es\\\/?s={search_term_string}\"},\"query-input\":{\"@type\":\"PropertyValueSpecification\",\"valueRequired\":true,\"valueName\":\"search_term_string\"}}],\"inLanguage\":\"es\"}]}<\/script>\n<!-- \/ Yoast SEO plugin. -->","yoast_head_json":{"title":"Marcas registradas y derechos de autor de terceros - 360 Antivirus Pro","description":"Respete la propiedad de las marcas registradas. Reconocemos que todas las marcas registradas y derechos de autor de terceros son propiedades valiosas de sus respectivos propietarios.","robots":{"index":"index","follow":"follow","max-snippet":"max-snippet:-1","max-image-preview":"max-image-preview:large","max-video-preview":"max-video-preview:-1"},"canonical":"https:\/\/www.360antiviruspro.com\/es\/derechos-de-autor-y-marcas-registradas-de-terceros","og_locale":"es_ES","og_type":"article","og_title":"Marcas registradas y derechos de autor de terceros - 360 Antivirus Pro","og_description":"Respete la propiedad de las marcas registradas. Reconocemos que todas las marcas registradas y derechos de autor de terceros son propiedades valiosas de sus respectivos propietarios.","og_url":"https:\/\/www.360antiviruspro.com\/es\/derechos-de-autor-y-marcas-registradas-de-terceros","og_site_name":"360 Antivirus Pro","article_modified_time":"2024-08-30T11:19:34+00:00","twitter_card":"summary_large_image","twitter_misc":{"Tiempo de lectura":"1 minuto"},"schema":{"@context":"https:\/\/schema.org","@graph":[{"@type":"WebPage","@id":"https:\/\/www.360antiviruspro.com\/es\/derechos-de-autor-y-marcas-registradas-de-terceros","url":"https:\/\/www.360antiviruspro.com\/es\/derechos-de-autor-y-marcas-registradas-de-terceros","name":"Marcas registradas y derechos de autor de terceros - 360 Antivirus Pro","isPartOf":{"@id":"https:\/\/www.360antiviruspro.com\/es\/#website"},"datePublished":"2024-02-07T05:22:03+00:00","dateModified":"2024-08-30T11:19:34+00:00","description":"Respete la propiedad de las marcas registradas. Reconocemos que todas las marcas registradas y derechos de autor de terceros son propiedades valiosas de sus respectivos propietarios.","breadcrumb":{"@id":"https:\/\/www.360antiviruspro.com\/es\/derechos-de-autor-y-marcas-registradas-de-terceros#breadcrumb"},"inLanguage":"es","potentialAction":[{"@type":"ReadAction","target":["https:\/\/www.360antiviruspro.com\/es\/derechos-de-autor-y-marcas-registradas-de-terceros"]}]},{"@type":"BreadcrumbList","@id":"https:\/\/www.360antiviruspro.com\/es\/derechos-de-autor-y-marcas-registradas-de-terceros#breadcrumb","itemListElement":[{"@type":"ListItem","position":1,"name":"Home","item":"https:\/\/www.360antiviruspro.com\/"},{"@type":"ListItem","position":2,"name":"Derechos de autor y marcas registradas de terceros"}]},{"@type":"WebSite","@id":"https:\/\/www.360antiviruspro.com\/es\/#website","url":"https:\/\/www.360antiviruspro.com\/es\/","name":"360 Antivirus Pro","description":"Leaders in Antivirus Technology","potentialAction":[{"@type":"SearchAction","target":{"@type":"EntryPoint","urlTemplate":"https:\/\/www.360antiviruspro.com\/es\/?s={search_term_string}"},"query-input":{"@type":"PropertyValueSpecification","valueRequired":true,"valueName":"search_term_string"}}],"inLanguage":"es"}]}},"_links":{"self":[{"href":"https:\/\/www.360antiviruspro.com\/es\/wp-json\/wp\/v2\/pages\/19877","targetHints":{"allow":["GET"]}}],"collection":[{"href":"https:\/\/www.360antiviruspro.com\/es\/wp-json\/wp\/v2\/pages"}],"about":[{"href":"https:\/\/www.360antiviruspro.com\/es\/wp-json\/wp\/v2\/types\/page"}],"author":[{"embeddable":true,"href":"https:\/\/www.360antiviruspro.com\/es\/wp-json\/wp\/v2\/users\/1"}],"replies":[{"embeddable":true,"href":"https:\/\/www.360antiviruspro.com\/es\/wp-json\/wp\/v2\/comments?post=19877"}],"version-history":[{"count":0,"href":"https:\/\/www.360antiviruspro.com\/es\/wp-json\/wp\/v2\/pages\/19877\/revisions"}],"wp:attachment":[{"href":"https:\/\/www.360antiviruspro.com\/es\/wp-json\/wp\/v2\/media?parent=19877"}],"curies":[{"name":"wp","href":"https:\/\/api.w.org\/{rel}","templated":true}]}}