{"id":20178,"date":"2023-06-26T08:15:35","date_gmt":"2023-06-26T02:45:35","guid":{"rendered":"https:\/\/www.360antiviruspro.com\/60-dias-de-devolucion-de-dinero"},"modified":"2024-08-30T17:40:41","modified_gmt":"2024-08-30T12:10:41","slug":"60-dias-de-devolucion-de-dinero","status":"publish","type":"page","link":"https:\/\/www.360antiviruspro.com\/es\/60-dias-de-devolucion-de-dinero","title":{"rendered":"60 D\u00edas de Devoluci\u00f3n de Dinero"},"content":{"rendered":"\t\t<div data-elementor-type=\"wp-page\" data-elementor-id=\"20178\" class=\"elementor elementor-20178 elementor-1363\" data-elementor-post-type=\"page\">\n\t\t\t\t\t\t<section class=\"elementor-section elementor-top-section elementor-element elementor-element-33013e8 elementor-section-height-min-height elementor-section-boxed elementor-section-height-default elementor-section-items-middle\" data-id=\"33013e8\" data-element_type=\"section\" data-e-type=\"section\" data-settings=\"{&quot;background_background&quot;:&quot;classic&quot;}\">\n\t\t\t\t\t\t\t<div class=\"elementor-background-overlay\"><\/div>\n\t\t\t\t\t\t\t<div class=\"elementor-container elementor-column-gap-default\">\n\t\t\t\t\t<div class=\"elementor-column elementor-col-100 elementor-top-column elementor-element elementor-element-9bbfc97\" data-id=\"9bbfc97\" data-element_type=\"column\" data-e-type=\"column\">\n\t\t\t<div class=\"elementor-widget-wrap elementor-element-populated\">\n\t\t\t\t\t\t<div class=\"elementor-element elementor-element-77007fb elementor-widget elementor-widget-heading\" data-id=\"77007fb\" data-element_type=\"widget\" data-e-type=\"widget\" data-widget_type=\"heading.default\">\n\t\t\t\t<div class=\"elementor-widget-container\">\n\t\t\t\t\t<h1 class=\"elementor-heading-title elementor-size-default\">Garant\u00eda de devoluci\u00f3n de dinero de 60 d\u00edas<\/h1>\t\t\t\t<\/div>\n\t\t\t\t<\/div>\n\t\t\t\t<div class=\"elementor-element elementor-element-1ea009e elementor-icon-list--layout-inline elementor-align-center elementor-mobile-align-center elementor-list-item-link-full_width elementor-widget elementor-widget-icon-list\" data-id=\"1ea009e\" data-element_type=\"widget\" data-e-type=\"widget\" data-widget_type=\"icon-list.default\">\n\t\t\t\t<div class=\"elementor-widget-container\">\n\t\t\t\t\t\t\t<ul class=\"elementor-icon-list-items elementor-inline-items\">\n\t\t\t\t\t\t\t<li class=\"elementor-icon-list-item elementor-inline-item\">\n\t\t\t\t\t\t\t\t\t\t\t<a href=\"https:\/\/360antiviruspro.com\/\/\">\n\n\t\t\t\t\t\t\t\t\t\t\t<span class=\"elementor-icon-list-text\">Inicio<\/span>\n\t\t\t\t\t\t\t\t\t\t\t<\/a>\n\t\t\t\t\t\t\t\t\t<\/li>\n\t\t\t\t\t\t\t\t<li class=\"elementor-icon-list-item elementor-inline-item\">\n\t\t\t\t\t\t\t\t\t\t\t<span class=\"elementor-icon-list-icon\">\n\t\t\t\t\t\t\t<svg aria-hidden=\"true\" class=\"e-font-icon-svg e-fas-chevron-right\" viewBox=\"0 0 320 512\" xmlns=\"http:\/\/www.w3.org\/2000\/svg\"><path d=\"M285.476 272.971L91.132 467.314c-9.373 9.373-24.569 9.373-33.941 0l-22.667-22.667c-9.357-9.357-9.375-24.522-.04-33.901L188.505 256 34.484 101.255c-9.335-9.379-9.317-24.544.04-33.901l22.667-22.667c9.373-9.373 24.569-9.373 33.941 0L285.475 239.03c9.373 9.372 9.373 24.568.001 33.941z\"><\/path><\/svg>\t\t\t\t\t\t<\/span>\n\t\t\t\t\t\t\t\t\t\t<span class=\"elementor-icon-list-text\">Garant\u00eda de devoluci\u00f3n de dinero de 60 d\u00edas.<\/span>\n\t\t\t\t\t\t\t\t\t<\/li>\n\t\t\t\t\t\t<\/ul>\n\t\t\t\t\t\t<\/div>\n\t\t\t\t<\/div>\n\t\t\t\t\t<\/div>\n\t\t<\/div>\n\t\t\t\t\t<\/div>\n\t\t<\/section>\n\t\t<div class=\"elementor-element elementor-element-21470dd e-flex e-con-boxed e-con e-parent\" data-id=\"21470dd\" data-element_type=\"container\" data-e-type=\"container\">\n\t\t\t\t\t<div class=\"e-con-inner\">\n\t\t<div class=\"elementor-element elementor-element-71046f6 e-con-full e-flex e-con e-child\" data-id=\"71046f6\" data-element_type=\"container\" data-e-type=\"container\">\n\t\t\t\t<div class=\"elementor-element elementor-element-d73f201 elementor-widget elementor-widget-heading\" data-id=\"d73f201\" data-element_type=\"widget\" data-e-type=\"widget\" data-widget_type=\"heading.default\">\n\t\t\t\t<div class=\"elementor-widget-container\">\n\t\t\t\t\t<h2 class=\"elementor-heading-title elementor-size-default\"><q>Garant\u00eda de devoluci\u00f3n de dinero del 100% durante 60 d\u00edas: Su protecci\u00f3n, nuestra promesa.<\/q><\/h2>\t\t\t\t<\/div>\n\t\t\t\t<\/div>\n\t\t\t\t<div class=\"elementor-element elementor-element-15481f3 elementor-widget elementor-widget-text-editor\" data-id=\"15481f3\" data-element_type=\"widget\" data-e-type=\"widget\" data-widget_type=\"text-editor.default\">\n\t\t\t\t<div class=\"elementor-widget-container\">\n\t\t\t\t\t\t\t\t\t<p>360 Antivirus Pro se adhiere a principios comerciales \u00e9ticos para satisfacer las necesidades de los clientes y ofrecer una experiencia excepcional al cliente. Estamos seguros de que nuestro software antivirus es impecable en dise\u00f1o y caracter\u00edsticas cuando se trata de combatir amenazas de malware. Su tranquilidad y seguridad son nuestra prioridad, y utilizamos todas las medidas necesarias para garantizar su completa satisfacci\u00f3n. Por eso ofrecemos una garant\u00eda de devoluci\u00f3n de dinero de 60 d\u00edas en cada compra.   <\/p>\n\t\t\t\t\t\t\t\t<\/div>\n\t\t\t\t<\/div>\n\t\t\t\t<div class=\"elementor-element elementor-element-2c206d6 elementor-mobile-align-center elementor-widget elementor-widget-button\" data-id=\"2c206d6\" data-element_type=\"widget\" data-e-type=\"widget\" data-widget_type=\"button.default\">\n\t\t\t\t<div class=\"elementor-widget-container\">\n\t\t\t\t\t\t\t\t\t<div class=\"elementor-button-wrapper\">\n\t\t\t\t\t<a class=\"elementor-button elementor-button-link elementor-size-sm elementor-animation-float\" href=\"#elementor-action%3Aaction%3Dpopup%3Aopen%26settings%3DeyJpZCI6MjM1NiwidG9nZ2xlIjpmYWxzZX0%3D\">\n\t\t\t\t\t\t<span class=\"elementor-button-content-wrapper\">\n\t\t\t\t\t\t<span class=\"elementor-button-icon\">\n\t\t\t\t<svg aria-hidden=\"true\" class=\"e-font-icon-svg e-fab-windows\" viewBox=\"0 0 448 512\" xmlns=\"http:\/\/www.w3.org\/2000\/svg\"><path d=\"M0 93.7l183.6-25.3v177.4H0V93.7zm0 324.6l183.6 25.3V268.4H0v149.9zm203.8 28L448 480V268.4H203.8v177.9zm0-380.6v180.1H448V32L203.8 65.7z\"><\/path><\/svg>\t\t\t<\/span>\n\t\t\t\t\t\t\t\t\t<span class=\"elementor-button-text\">Descarga 360 Antivirus Pro GRATIS.<\/span>\n\t\t\t\t\t<\/span>\n\t\t\t\t\t<\/a>\n\t\t\t\t<\/div>\n\t\t\t\t\t\t\t\t<\/div>\n\t\t\t\t<\/div>\n\t\t\t\t<\/div>\n\t\t<div class=\"elementor-element elementor-element-8cae47b e-con-full e-flex e-con e-child\" data-id=\"8cae47b\" data-element_type=\"container\" data-e-type=\"container\">\n\t\t\t\t<div class=\"elementor-element elementor-element-7b3a26d elementor-widget elementor-widget-image\" data-id=\"7b3a26d\" data-element_type=\"widget\" data-e-type=\"widget\" data-widget_type=\"image.default\">\n\t\t\t\t<div class=\"elementor-widget-container\">\n\t\t\t\t\t\t\t\t\t\t\t\t\t\t\t<img fetchpriority=\"high\" decoding=\"async\" width=\"329\" height=\"340\" src=\"https:\/\/www.360antiviruspro.com\/wp-content\/uploads\/2024\/02\/money-back-1.png\" class=\"attachment-full size-full wp-image-20179\" alt=\"\" srcset=\"https:\/\/www.360antiviruspro.com\/wp-content\/uploads\/2024\/02\/money-back-1.png 329w, https:\/\/www.360antiviruspro.com\/wp-content\/uploads\/2024\/02\/money-back-1-290x300.png 290w\" sizes=\"(max-width: 329px) 100vw, 329px\" \/>\t\t\t\t\t\t\t\t\t\t\t\t\t\t\t<\/div>\n\t\t\t\t<\/div>\n\t\t\t\t<\/div>\n\t\t\t\t\t<\/div>\n\t\t\t\t<\/div>\n\t\t\t\t<section class=\"elementor-section elementor-top-section elementor-element elementor-element-b482ac4 elementor-section-boxed elementor-section-height-default elementor-section-height-default\" data-id=\"b482ac4\" data-element_type=\"section\" data-e-type=\"section\">\n\t\t\t\t\t\t<div class=\"elementor-container elementor-column-gap-default\">\n\t\t\t\t\t<div class=\"elementor-column elementor-col-100 elementor-top-column elementor-element elementor-element-ea066c2\" data-id=\"ea066c2\" data-element_type=\"column\" data-e-type=\"column\">\n\t\t\t<div class=\"elementor-widget-wrap elementor-element-populated\">\n\t\t\t\t\t\t<div class=\"elementor-element elementor-element-0132fd4 elementor-widget elementor-widget-heading\" data-id=\"0132fd4\" data-element_type=\"widget\" data-e-type=\"widget\" data-widget_type=\"heading.default\">\n\t\t\t\t<div class=\"elementor-widget-container\">\n\t\t\t\t\t<h2 class=\"elementor-heading-title elementor-size-default\">\u00bfC\u00f3mo funciona?<\/h2>\t\t\t\t<\/div>\n\t\t\t\t<\/div>\n\t\t\t\t<div class=\"elementor-element elementor-element-6dff0e6 elementor-widget elementor-widget-text-editor\" data-id=\"6dff0e6\" data-element_type=\"widget\" data-e-type=\"widget\" data-widget_type=\"text-editor.default\">\n\t\t\t\t<div class=\"elementor-widget-container\">\n\t\t\t\t\t\t\t\t\t<p>\u00a1Aqu\u00ed est\u00e1 el proceso simple! Le ofrecemos una prueba gratuita de siete d\u00edas de nuestro s<a href=\"\">oftware de protecci\u00f3n para PC con Windows<\/a>. Durante este tiempo, puedes evaluar y experimentar las caracter\u00edsticas, funciones y efectividad del software. Una vez que termine tu prueba gratuita de siete d\u00edas, tendr\u00e1s que pasar a la versi\u00f3n de pago del programa. Con la versi\u00f3n de pago, podr\u00e1s disfrutar de todas las funciones premium de seguridad y escaneo de virus. Si, por cualquier motivo, no est\u00e1 satisfecho con su compra dentro de los 60 d\u00edas, puede solicitar un reembolso completo del precio de su compra. Para hacerlo, puede conectarse a nuestros <a href=\"\">servicios de atenci\u00f3n al cliente<\/a>. Ellos escuchar\u00e1n tus consultas y procesar\u00e1n tu solicitud de reembolso por la compra. Despu\u00e9s de esto, se te devolver\u00e1 tu dinero.         Queremos que experimentes todo el potencial de nuestras avanzadas soluciones de sistema con total tranquilidad.<\/p>\n\t\t\t\t\t\t\t\t<\/div>\n\t\t\t\t<\/div>\n\t\t\t\t<div class=\"elementor-element elementor-element-a7a10d1 elementor-widget elementor-widget-heading\" data-id=\"a7a10d1\" data-element_type=\"widget\" data-e-type=\"widget\" data-widget_type=\"heading.default\">\n\t\t\t\t<div class=\"elementor-widget-container\">\n\t\t\t\t\t<h3 class=\"elementor-heading-title elementor-size-default\">As\u00ed es como funciona nuestro reembolso:<\/h3>\t\t\t\t<\/div>\n\t\t\t\t<\/div>\n\t\t\t\t<div class=\"elementor-element elementor-element-7708398 elementor-icon-list--layout-traditional elementor-list-item-link-full_width elementor-widget elementor-widget-icon-list\" data-id=\"7708398\" data-element_type=\"widget\" data-e-type=\"widget\" data-widget_type=\"icon-list.default\">\n\t\t\t\t<div class=\"elementor-widget-container\">\n\t\t\t\t\t\t\t<ul class=\"elementor-icon-list-items\">\n\t\t\t\t\t\t\t<li class=\"elementor-icon-list-item\">\n\t\t\t\t\t\t\t\t\t\t\t<span class=\"elementor-icon-list-icon\">\n\t\t\t\t\t\t\t<svg aria-hidden=\"true\" class=\"e-font-icon-svg e-fas-check\" viewBox=\"0 0 512 512\" xmlns=\"http:\/\/www.w3.org\/2000\/svg\"><path d=\"M173.898 439.404l-166.4-166.4c-9.997-9.997-9.997-26.206 0-36.204l36.203-36.204c9.997-9.998 26.207-9.998 36.204 0L192 312.69 432.095 72.596c9.997-9.997 26.207-9.997 36.204 0l36.203 36.204c9.997 9.997 9.997 26.206 0 36.204l-294.4 294.401c-9.998 9.997-26.207 9.997-36.204-.001z\"><\/path><\/svg>\t\t\t\t\t\t<\/span>\n\t\t\t\t\t\t\t\t\t\t<span class=\"elementor-icon-list-text\"> <b>Reembolsos instant\u00e1neos<\/b>: En caso de insatisfacci\u00f3n con el rendimiento de nuestro producto dentro de los 60 d\u00edas, simplemente comun\u00edquese con nuestro servicio al cliente. Procesaremos el reembolso de su compra de manera c\u00f3moda y sin ninguna demora. <\/span>\n\t\t\t\t\t\t\t\t\t<\/li>\n\t\t\t\t\t\t\t\t<li class=\"elementor-icon-list-item\">\n\t\t\t\t\t\t\t\t\t\t\t<span class=\"elementor-icon-list-icon\">\n\t\t\t\t\t\t\t<svg aria-hidden=\"true\" class=\"e-font-icon-svg e-fas-check\" viewBox=\"0 0 512 512\" xmlns=\"http:\/\/www.w3.org\/2000\/svg\"><path d=\"M173.898 439.404l-166.4-166.4c-9.997-9.997-9.997-26.206 0-36.204l36.203-36.204c9.997-9.998 26.207-9.998 36.204 0L192 312.69 432.095 72.596c9.997-9.997 26.207-9.997 36.204 0l36.203 36.204c9.997 9.997 9.997 26.206 0 36.204l-294.4 294.401c-9.998 9.997-26.207 9.997-36.204-.001z\"><\/path><\/svg>\t\t\t\t\t\t<\/span>\n\t\t\t\t\t\t\t\t\t\t<span class=\"elementor-icon-list-text\"><b>Centrado en el cliente<\/b>: audazSu satisfacci\u00f3n es nuestra prioridad, y respaldamos nuestros productos con una promesa de devoluci\u00f3n de dinero. Nuestro objetivo es brindarle la mejor seguridad y servicio en cada paso. <\/span>\n\t\t\t\t\t\t\t\t\t<\/li>\n\t\t\t\t\t\t<\/ul>\n\t\t\t\t\t\t<\/div>\n\t\t\t\t<\/div>\n\t\t\t\t<div class=\"elementor-element elementor-element-5410380 elementor-widget elementor-widget-heading\" data-id=\"5410380\" data-element_type=\"widget\" data-e-type=\"widget\" data-widget_type=\"heading.default\">\n\t\t\t\t<div class=\"elementor-widget-container\">\n\t\t\t\t\t<h2 class=\"elementor-heading-title elementor-size-default\">60 D\u00edas Para Decidir: Su Satisfacci\u00f3n, Nuestra Misi\u00f3n<\/h2>\t\t\t\t<\/div>\n\t\t\t\t<\/div>\n\t\t\t\t<div class=\"elementor-element elementor-element-6799d3d elementor-widget elementor-widget-text-editor\" data-id=\"6799d3d\" data-element_type=\"widget\" data-e-type=\"widget\" data-widget_type=\"text-editor.default\">\n\t\t\t\t<div class=\"elementor-widget-container\">\n\t\t\t\t\t\t\t\t\t<p>No m\u00e1s incertidumbres sobre c\u00f3mo elegir el s<a href=\"https:\/\/www.360antiviruspro.com\/es\">oftware antivirus adecuado para<\/a> tu computadora: aprovecha la prueba y eval\u00faa c\u00f3mo nuestro antimalware puede satisfacer con precisi\u00f3n tus necesidades de seguridad. Pru\u00e9balo sin riesgo y \u00fanete a las filas de usuarios satisfechos que han encontrado tranquilidad en sus actividades en l\u00ednea. Aprovecha al m\u00e1ximo esta oportunidad y eleva tus defensas digitales con nuestro confiable y avanzado defensor de PC. \u00a1Toma el control de tu vida digital a partir de hoy!   <\/p>\n\t\t\t\t\t\t\t\t<\/div>\n\t\t\t\t<\/div>\n\t\t\t\t<div class=\"elementor-element elementor-element-419a366 elementor-widget elementor-widget-heading\" data-id=\"419a366\" data-element_type=\"widget\" data-e-type=\"widget\" data-widget_type=\"heading.default\">\n\t\t\t\t<div class=\"elementor-widget-container\">\n\t\t\t\t\t<h3 class=\"elementor-heading-title elementor-size-default\">Invierte en la excelencia de la ciberseguridad sin ning\u00fan riesgo.<\/h3>\t\t\t\t<\/div>\n\t\t\t\t<\/div>\n\t\t\t\t<div class=\"elementor-element elementor-element-44ae9e6 elementor-widget elementor-widget-text-editor\" data-id=\"44ae9e6\" data-element_type=\"widget\" data-e-type=\"widget\" data-widget_type=\"text-editor.default\">\n\t\t\t\t<div class=\"elementor-widget-container\">\n\t\t\t\t\t\t\t\t\t<p>Somos su socio confiable en la entrega de soluciones antimalware sin riesgos. Equipamos tu mundo digital con inmunidad proactiva contra ciberataques hostiles. Con nuestra promesa de devoluci\u00f3n de dinero, queremos que te sientas seguro en tu decisi\u00f3n de elegir el software de seguridad de Windows de pr\u00f3xima generaci\u00f3n como tu soluci\u00f3n integral de ciberseguridad. \u00a1As\u00ed que elige la defensa que resista la prueba sin dudar!   <\/p>\n\t\t\t\t\t\t\t\t<\/div>\n\t\t\t\t<\/div>\n\t\t\t\t\t<\/div>\n\t\t<\/div>\n\t\t\t\t\t<\/div>\n\t\t<\/section>\n\t\t<div class=\"elementor-element elementor-element-00fe6d6 e-flex e-con-boxed e-con e-parent\" data-id=\"00fe6d6\" data-element_type=\"container\" data-e-type=\"container\">\n\t\t\t\t\t<div class=\"e-con-inner\">\n\t\t\t\t<div class=\"elementor-element elementor-element-2d86823 elementor-widget elementor-widget-button\" data-id=\"2d86823\" data-element_type=\"widget\" data-e-type=\"widget\" data-widget_type=\"button.default\">\n\t\t\t\t<div class=\"elementor-widget-container\">\n\t\t\t\t\t\t\t\t\t<div class=\"elementor-button-wrapper\">\n\t\t\t\t\t<a class=\"elementor-button elementor-button-link elementor-size-sm elementor-animation-float\" href=\"#elementor-action%3Aaction%3Dpopup%3Aopen%26settings%3DeyJpZCI6MjM1NiwidG9nZ2xlIjpmYWxzZX0%3D\">\n\t\t\t\t\t\t<span class=\"elementor-button-content-wrapper\">\n\t\t\t\t\t\t<span class=\"elementor-button-icon\">\n\t\t\t\t<svg aria-hidden=\"true\" class=\"e-font-icon-svg e-fab-windows\" viewBox=\"0 0 448 512\" xmlns=\"http:\/\/www.w3.org\/2000\/svg\"><path d=\"M0 93.7l183.6-25.3v177.4H0V93.7zm0 324.6l183.6 25.3V268.4H0v149.9zm203.8 28L448 480V268.4H203.8v177.9zm0-380.6v180.1H448V32L203.8 65.7z\"><\/path><\/svg>\t\t\t<\/span>\n\t\t\t\t\t\t\t\t\t<span class=\"elementor-button-text\">Descarga 360 Antivirus Pro GRATIS.<\/span>\n\t\t\t\t\t<\/span>\n\t\t\t\t\t<\/a>\n\t\t\t\t<\/div>\n\t\t\t\t\t\t\t\t<\/div>\n\t\t\t\t<\/div>\n\t\t\t\t\t<\/div>\n\t\t\t\t<\/div>\n\t\t\t\t<\/div>\n\t\t","protected":false},"excerpt":{"rendered":"<p>Garant\u00eda de devoluci\u00f3n de dinero de 60 d\u00edas Inicio Garant\u00eda de devoluci\u00f3n de dinero de 60 d\u00edas. Garant\u00eda de devoluci\u00f3n de dinero del 100% durante 60 d\u00edas: Su protecci\u00f3n, nuestra promesa. 360 Antivirus Pro se adhiere a principios comerciales \u00e9ticos para satisfacer las necesidades de los clientes y ofrecer una experiencia excepcional al cliente. Estamos [&hellip;]<\/p>\n","protected":false},"author":1,"featured_media":0,"parent":0,"menu_order":0,"comment_status":"closed","ping_status":"closed","template":"elementor_header_footer","meta":{"_acf_changed":false,"footnotes":""},"class_list":["post-20178","page","type-page","status-publish","hentry"],"acf":[],"yoast_head":"<!-- This site is optimized with the Yoast SEO plugin v27.3 - https:\/\/yoast.com\/product\/yoast-seo-wordpress\/ -->\n<title>Garant\u00eda de devoluci\u00f3n de dinero de 60 d\u00edas - 360 Antivirus Pro<\/title>\n<meta name=\"description\" content=\"Su satisfacci\u00f3n es nuestra m\u00e1xima prioridad. Respaldamos la calidad de nuestro producto, 360 Antivirus Pro, con una garant\u00eda de devoluci\u00f3n de dinero de 60 d\u00edas. \u00a1Compra sin riesgo!\" \/>\n<meta name=\"robots\" content=\"index, follow, max-snippet:-1, max-image-preview:large, max-video-preview:-1\" \/>\n<link rel=\"canonical\" href=\"https:\/\/www.360antiviruspro.com\/es\/60-dias-de-devolucion-de-dinero\" \/>\n<meta property=\"og:locale\" content=\"es_ES\" \/>\n<meta property=\"og:type\" content=\"article\" \/>\n<meta property=\"og:title\" content=\"Garant\u00eda de devoluci\u00f3n de dinero de 60 d\u00edas - 360 Antivirus Pro\" \/>\n<meta property=\"og:description\" content=\"Su satisfacci\u00f3n es nuestra m\u00e1xima prioridad. Respaldamos la calidad de nuestro producto, 360 Antivirus Pro, con una garant\u00eda de devoluci\u00f3n de dinero de 60 d\u00edas. \u00a1Compra sin riesgo!\" \/>\n<meta property=\"og:url\" content=\"https:\/\/www.360antiviruspro.com\/es\/60-dias-de-devolucion-de-dinero\" \/>\n<meta property=\"og:site_name\" content=\"360 Antivirus Pro\" \/>\n<meta property=\"article:modified_time\" content=\"2024-08-30T12:10:41+00:00\" \/>\n<meta property=\"og:image\" content=\"https:\/\/www.360antiviruspro.com\/wp-content\/uploads\/2024\/02\/money-back-1.png\" \/>\n<meta name=\"twitter:card\" content=\"summary_large_image\" \/>\n<meta name=\"twitter:label1\" content=\"Tiempo de lectura\" \/>\n\t<meta name=\"twitter:data1\" content=\"3 minutos\" \/>\n<script type=\"application\/ld+json\" class=\"yoast-schema-graph\">{\"@context\":\"https:\\\/\\\/schema.org\",\"@graph\":[{\"@type\":\"WebPage\",\"@id\":\"https:\\\/\\\/www.360antiviruspro.com\\\/es\\\/60-dias-de-devolucion-de-dinero\",\"url\":\"https:\\\/\\\/www.360antiviruspro.com\\\/es\\\/60-dias-de-devolucion-de-dinero\",\"name\":\"Garant\u00eda de devoluci\u00f3n de dinero de 60 d\u00edas - 360 Antivirus Pro\",\"isPartOf\":{\"@id\":\"https:\\\/\\\/www.360antiviruspro.com\\\/es\\\/#website\"},\"primaryImageOfPage\":{\"@id\":\"https:\\\/\\\/www.360antiviruspro.com\\\/es\\\/60-dias-de-devolucion-de-dinero#primaryimage\"},\"image\":{\"@id\":\"https:\\\/\\\/www.360antiviruspro.com\\\/es\\\/60-dias-de-devolucion-de-dinero#primaryimage\"},\"thumbnailUrl\":\"https:\\\/\\\/www.360antiviruspro.com\\\/wp-content\\\/uploads\\\/2024\\\/02\\\/money-back-1.png\",\"datePublished\":\"2023-06-26T02:45:35+00:00\",\"dateModified\":\"2024-08-30T12:10:41+00:00\",\"description\":\"Su satisfacci\u00f3n es nuestra m\u00e1xima prioridad. Respaldamos la calidad de nuestro producto, 360 Antivirus Pro, con una garant\u00eda de devoluci\u00f3n de dinero de 60 d\u00edas. \u00a1Compra sin riesgo!\",\"breadcrumb\":{\"@id\":\"https:\\\/\\\/www.360antiviruspro.com\\\/es\\\/60-dias-de-devolucion-de-dinero#breadcrumb\"},\"inLanguage\":\"es\",\"potentialAction\":[{\"@type\":\"ReadAction\",\"target\":[\"https:\\\/\\\/www.360antiviruspro.com\\\/es\\\/60-dias-de-devolucion-de-dinero\"]}]},{\"@type\":\"ImageObject\",\"inLanguage\":\"es\",\"@id\":\"https:\\\/\\\/www.360antiviruspro.com\\\/es\\\/60-dias-de-devolucion-de-dinero#primaryimage\",\"url\":\"https:\\\/\\\/www.360antiviruspro.com\\\/wp-content\\\/uploads\\\/2024\\\/02\\\/money-back-1.png\",\"contentUrl\":\"https:\\\/\\\/www.360antiviruspro.com\\\/wp-content\\\/uploads\\\/2024\\\/02\\\/money-back-1.png\"},{\"@type\":\"BreadcrumbList\",\"@id\":\"https:\\\/\\\/www.360antiviruspro.com\\\/es\\\/60-dias-de-devolucion-de-dinero#breadcrumb\",\"itemListElement\":[{\"@type\":\"ListItem\",\"position\":1,\"name\":\"Home\",\"item\":\"https:\\\/\\\/www.360antiviruspro.com\\\/\"},{\"@type\":\"ListItem\",\"position\":2,\"name\":\"60 D\u00edas de Devoluci\u00f3n de Dinero\"}]},{\"@type\":\"WebSite\",\"@id\":\"https:\\\/\\\/www.360antiviruspro.com\\\/es\\\/#website\",\"url\":\"https:\\\/\\\/www.360antiviruspro.com\\\/es\\\/\",\"name\":\"360 Antivirus Pro\",\"description\":\"Leaders in Antivirus Technology\",\"potentialAction\":[{\"@type\":\"SearchAction\",\"target\":{\"@type\":\"EntryPoint\",\"urlTemplate\":\"https:\\\/\\\/www.360antiviruspro.com\\\/es\\\/?s={search_term_string}\"},\"query-input\":{\"@type\":\"PropertyValueSpecification\",\"valueRequired\":true,\"valueName\":\"search_term_string\"}}],\"inLanguage\":\"es\"}]}<\/script>\n<!-- \/ Yoast SEO plugin. -->","yoast_head_json":{"title":"Garant\u00eda de devoluci\u00f3n de dinero de 60 d\u00edas - 360 Antivirus Pro","description":"Su satisfacci\u00f3n es nuestra m\u00e1xima prioridad. Respaldamos la calidad de nuestro producto, 360 Antivirus Pro, con una garant\u00eda de devoluci\u00f3n de dinero de 60 d\u00edas. \u00a1Compra sin riesgo!","robots":{"index":"index","follow":"follow","max-snippet":"max-snippet:-1","max-image-preview":"max-image-preview:large","max-video-preview":"max-video-preview:-1"},"canonical":"https:\/\/www.360antiviruspro.com\/es\/60-dias-de-devolucion-de-dinero","og_locale":"es_ES","og_type":"article","og_title":"Garant\u00eda de devoluci\u00f3n de dinero de 60 d\u00edas - 360 Antivirus Pro","og_description":"Su satisfacci\u00f3n es nuestra m\u00e1xima prioridad. Respaldamos la calidad de nuestro producto, 360 Antivirus Pro, con una garant\u00eda de devoluci\u00f3n de dinero de 60 d\u00edas. \u00a1Compra sin riesgo!","og_url":"https:\/\/www.360antiviruspro.com\/es\/60-dias-de-devolucion-de-dinero","og_site_name":"360 Antivirus Pro","article_modified_time":"2024-08-30T12:10:41+00:00","og_image":[{"url":"https:\/\/www.360antiviruspro.com\/wp-content\/uploads\/2024\/02\/money-back-1.png","type":"","width":"","height":""}],"twitter_card":"summary_large_image","twitter_misc":{"Tiempo de lectura":"3 minutos"},"schema":{"@context":"https:\/\/schema.org","@graph":[{"@type":"WebPage","@id":"https:\/\/www.360antiviruspro.com\/es\/60-dias-de-devolucion-de-dinero","url":"https:\/\/www.360antiviruspro.com\/es\/60-dias-de-devolucion-de-dinero","name":"Garant\u00eda de devoluci\u00f3n de dinero de 60 d\u00edas - 360 Antivirus Pro","isPartOf":{"@id":"https:\/\/www.360antiviruspro.com\/es\/#website"},"primaryImageOfPage":{"@id":"https:\/\/www.360antiviruspro.com\/es\/60-dias-de-devolucion-de-dinero#primaryimage"},"image":{"@id":"https:\/\/www.360antiviruspro.com\/es\/60-dias-de-devolucion-de-dinero#primaryimage"},"thumbnailUrl":"https:\/\/www.360antiviruspro.com\/wp-content\/uploads\/2024\/02\/money-back-1.png","datePublished":"2023-06-26T02:45:35+00:00","dateModified":"2024-08-30T12:10:41+00:00","description":"Su satisfacci\u00f3n es nuestra m\u00e1xima prioridad. Respaldamos la calidad de nuestro producto, 360 Antivirus Pro, con una garant\u00eda de devoluci\u00f3n de dinero de 60 d\u00edas. \u00a1Compra sin riesgo!","breadcrumb":{"@id":"https:\/\/www.360antiviruspro.com\/es\/60-dias-de-devolucion-de-dinero#breadcrumb"},"inLanguage":"es","potentialAction":[{"@type":"ReadAction","target":["https:\/\/www.360antiviruspro.com\/es\/60-dias-de-devolucion-de-dinero"]}]},{"@type":"ImageObject","inLanguage":"es","@id":"https:\/\/www.360antiviruspro.com\/es\/60-dias-de-devolucion-de-dinero#primaryimage","url":"https:\/\/www.360antiviruspro.com\/wp-content\/uploads\/2024\/02\/money-back-1.png","contentUrl":"https:\/\/www.360antiviruspro.com\/wp-content\/uploads\/2024\/02\/money-back-1.png"},{"@type":"BreadcrumbList","@id":"https:\/\/www.360antiviruspro.com\/es\/60-dias-de-devolucion-de-dinero#breadcrumb","itemListElement":[{"@type":"ListItem","position":1,"name":"Home","item":"https:\/\/www.360antiviruspro.com\/"},{"@type":"ListItem","position":2,"name":"60 D\u00edas de Devoluci\u00f3n de Dinero"}]},{"@type":"WebSite","@id":"https:\/\/www.360antiviruspro.com\/es\/#website","url":"https:\/\/www.360antiviruspro.com\/es\/","name":"360 Antivirus Pro","description":"Leaders in Antivirus Technology","potentialAction":[{"@type":"SearchAction","target":{"@type":"EntryPoint","urlTemplate":"https:\/\/www.360antiviruspro.com\/es\/?s={search_term_string}"},"query-input":{"@type":"PropertyValueSpecification","valueRequired":true,"valueName":"search_term_string"}}],"inLanguage":"es"}]}},"_links":{"self":[{"href":"https:\/\/www.360antiviruspro.com\/es\/wp-json\/wp\/v2\/pages\/20178","targetHints":{"allow":["GET"]}}],"collection":[{"href":"https:\/\/www.360antiviruspro.com\/es\/wp-json\/wp\/v2\/pages"}],"about":[{"href":"https:\/\/www.360antiviruspro.com\/es\/wp-json\/wp\/v2\/types\/page"}],"author":[{"embeddable":true,"href":"https:\/\/www.360antiviruspro.com\/es\/wp-json\/wp\/v2\/users\/1"}],"replies":[{"embeddable":true,"href":"https:\/\/www.360antiviruspro.com\/es\/wp-json\/wp\/v2\/comments?post=20178"}],"version-history":[{"count":0,"href":"https:\/\/www.360antiviruspro.com\/es\/wp-json\/wp\/v2\/pages\/20178\/revisions"}],"wp:attachment":[{"href":"https:\/\/www.360antiviruspro.com\/es\/wp-json\/wp\/v2\/media?parent=20178"}],"curies":[{"name":"wp","href":"https:\/\/api.w.org\/{rel}","templated":true}]}}