{"id":18734,"date":"2023-06-26T08:15:35","date_gmt":"2023-06-26T02:45:35","guid":{"rendered":"https:\/\/www.360antiviruspro.com\/60-jours-de-remboursement"},"modified":"2024-08-30T17:56:39","modified_gmt":"2024-08-30T12:26:39","slug":"60-jours-de-remboursement","status":"publish","type":"page","link":"https:\/\/www.360antiviruspro.com\/fr\/60-jours-de-remboursement","title":{"rendered":"60 jours de remboursement"},"content":{"rendered":"\t\t<div data-elementor-type=\"wp-page\" data-elementor-id=\"18734\" class=\"elementor elementor-18734 elementor-1363\" data-elementor-post-type=\"page\">\n\t\t\t\t\t\t<section class=\"elementor-section elementor-top-section elementor-element elementor-element-33013e8 elementor-section-height-min-height elementor-section-boxed elementor-section-height-default elementor-section-items-middle\" data-id=\"33013e8\" data-element_type=\"section\" data-e-type=\"section\" data-settings=\"{&quot;background_background&quot;:&quot;classic&quot;}\">\n\t\t\t\t\t\t\t<div class=\"elementor-background-overlay\"><\/div>\n\t\t\t\t\t\t\t<div class=\"elementor-container elementor-column-gap-default\">\n\t\t\t\t\t<div class=\"elementor-column elementor-col-100 elementor-top-column elementor-element elementor-element-9bbfc97\" data-id=\"9bbfc97\" data-element_type=\"column\" data-e-type=\"column\">\n\t\t\t<div class=\"elementor-widget-wrap elementor-element-populated\">\n\t\t\t\t\t\t<div class=\"elementor-element elementor-element-77007fb elementor-widget elementor-widget-heading\" data-id=\"77007fb\" data-element_type=\"widget\" data-e-type=\"widget\" data-widget_type=\"heading.default\">\n\t\t\t\t<div class=\"elementor-widget-container\">\n\t\t\t\t\t<h1 class=\"elementor-heading-title elementor-size-default\">Garantie de remboursement de 60 jours<\/h1>\t\t\t\t<\/div>\n\t\t\t\t<\/div>\n\t\t\t\t<div class=\"elementor-element elementor-element-1ea009e elementor-icon-list--layout-inline elementor-align-center elementor-mobile-align-center elementor-list-item-link-full_width elementor-widget elementor-widget-icon-list\" data-id=\"1ea009e\" data-element_type=\"widget\" data-e-type=\"widget\" data-widget_type=\"icon-list.default\">\n\t\t\t\t<div class=\"elementor-widget-container\">\n\t\t\t\t\t\t\t<ul class=\"elementor-icon-list-items elementor-inline-items\">\n\t\t\t\t\t\t\t<li class=\"elementor-icon-list-item elementor-inline-item\">\n\t\t\t\t\t\t\t\t\t\t\t<a href=\"https:\/\/360antiviruspro.com\/\/\">\n\n\t\t\t\t\t\t\t\t\t\t\t<span class=\"elementor-icon-list-text\">Accueil<\/span>\n\t\t\t\t\t\t\t\t\t\t\t<\/a>\n\t\t\t\t\t\t\t\t\t<\/li>\n\t\t\t\t\t\t\t\t<li class=\"elementor-icon-list-item elementor-inline-item\">\n\t\t\t\t\t\t\t\t\t\t\t<span class=\"elementor-icon-list-icon\">\n\t\t\t\t\t\t\t<svg aria-hidden=\"true\" class=\"e-font-icon-svg e-fas-chevron-right\" viewBox=\"0 0 320 512\" xmlns=\"http:\/\/www.w3.org\/2000\/svg\"><path d=\"M285.476 272.971L91.132 467.314c-9.373 9.373-24.569 9.373-33.941 0l-22.667-22.667c-9.357-9.357-9.375-24.522-.04-33.901L188.505 256 34.484 101.255c-9.335-9.379-9.317-24.544.04-33.901l22.667-22.667c9.373-9.373 24.569-9.373 33.941 0L285.475 239.03c9.373 9.372 9.373 24.568.001 33.941z\"><\/path><\/svg>\t\t\t\t\t\t<\/span>\n\t\t\t\t\t\t\t\t\t\t<span class=\"elementor-icon-list-text\">Garantie de remboursement de 60 jours<\/span>\n\t\t\t\t\t\t\t\t\t<\/li>\n\t\t\t\t\t\t<\/ul>\n\t\t\t\t\t\t<\/div>\n\t\t\t\t<\/div>\n\t\t\t\t\t<\/div>\n\t\t<\/div>\n\t\t\t\t\t<\/div>\n\t\t<\/section>\n\t\t<div class=\"elementor-element elementor-element-21470dd e-flex e-con-boxed e-con e-parent\" data-id=\"21470dd\" data-element_type=\"container\" data-e-type=\"container\">\n\t\t\t\t\t<div class=\"e-con-inner\">\n\t\t<div class=\"elementor-element elementor-element-71046f6 e-con-full e-flex e-con e-child\" data-id=\"71046f6\" data-element_type=\"container\" data-e-type=\"container\">\n\t\t\t\t<div class=\"elementor-element elementor-element-d73f201 elementor-widget elementor-widget-heading\" data-id=\"d73f201\" data-element_type=\"widget\" data-e-type=\"widget\" data-widget_type=\"heading.default\">\n\t\t\t\t<div class=\"elementor-widget-container\">\n\t\t\t\t\t<h2 class=\"elementor-heading-title elementor-size-default\"><q>Garantie de remboursement \u00e0 100 % dans les 60 jours : Votre protection, notre promesse<\/q><\/h2>\t\t\t\t<\/div>\n\t\t\t\t<\/div>\n\t\t\t\t<div class=\"elementor-element elementor-element-15481f3 elementor-widget elementor-widget-text-editor\" data-id=\"15481f3\" data-element_type=\"widget\" data-e-type=\"widget\" data-widget_type=\"text-editor.default\">\n\t\t\t\t<div class=\"elementor-widget-container\">\n\t\t\t\t\t\t\t\t\t<p>360 Antivirus Pro adh\u00e8re \u00e0 des principes commerciaux \u00e9thiques afin de r\u00e9pondre aux besoins des clients et de leur offrir une exp\u00e9rience exceptionnelle.<br \/>\nNous sommes convaincus que notre logiciel antivirus est immacul\u00e9 dans sa conception et ses caract\u00e9ristiques lorsqu&rsquo;il s&rsquo;agit de combattre les menaces des logiciels malveillants.<br \/>\nVotre tranquillit\u00e9 d&rsquo;esprit et votre s\u00e9curit\u00e9 sont nos priorit\u00e9s, et nous mettons tout en \u0153uvre pour vous satisfaire pleinement.<br \/>\nC&rsquo;est pourquoi nous offrons une garantie de remboursement de 60 jours pour chaque achat.   <\/p>\n\t\t\t\t\t\t\t\t<\/div>\n\t\t\t\t<\/div>\n\t\t\t\t<div class=\"elementor-element elementor-element-2c206d6 elementor-mobile-align-center elementor-widget elementor-widget-button\" data-id=\"2c206d6\" data-element_type=\"widget\" data-e-type=\"widget\" data-widget_type=\"button.default\">\n\t\t\t\t<div class=\"elementor-widget-container\">\n\t\t\t\t\t\t\t\t\t<div class=\"elementor-button-wrapper\">\n\t\t\t\t\t<a class=\"elementor-button elementor-button-link elementor-size-sm elementor-animation-float\" href=\"#elementor-action%3Aaction%3Dpopup%3Aopen%26settings%3DeyJpZCI6MjM1NiwidG9nZ2xlIjpmYWxzZX0%3D\">\n\t\t\t\t\t\t<span class=\"elementor-button-content-wrapper\">\n\t\t\t\t\t\t<span class=\"elementor-button-icon\">\n\t\t\t\t<svg aria-hidden=\"true\" class=\"e-font-icon-svg e-fab-windows\" viewBox=\"0 0 448 512\" xmlns=\"http:\/\/www.w3.org\/2000\/svg\"><path d=\"M0 93.7l183.6-25.3v177.4H0V93.7zm0 324.6l183.6 25.3V268.4H0v149.9zm203.8 28L448 480V268.4H203.8v177.9zm0-380.6v180.1H448V32L203.8 65.7z\"><\/path><\/svg>\t\t\t<\/span>\n\t\t\t\t\t\t\t\t\t<span class=\"elementor-button-text\">T\u00e9l\u00e9chargez 360 Antivirus Pro GRATUIT<\/span>\n\t\t\t\t\t<\/span>\n\t\t\t\t\t<\/a>\n\t\t\t\t<\/div>\n\t\t\t\t\t\t\t\t<\/div>\n\t\t\t\t<\/div>\n\t\t\t\t<\/div>\n\t\t<div class=\"elementor-element elementor-element-8cae47b e-con-full e-flex e-con e-child\" data-id=\"8cae47b\" data-element_type=\"container\" data-e-type=\"container\">\n\t\t\t\t<div class=\"elementor-element elementor-element-7b3a26d elementor-widget elementor-widget-image\" data-id=\"7b3a26d\" data-element_type=\"widget\" data-e-type=\"widget\" data-widget_type=\"image.default\">\n\t\t\t\t<div class=\"elementor-widget-container\">\n\t\t\t\t\t\t\t\t\t\t\t\t\t\t\t<img fetchpriority=\"high\" decoding=\"async\" width=\"329\" height=\"340\" src=\"https:\/\/www.360antiviruspro.com\/wp-content\/uploads\/2024\/02\/money-back-1.png\" class=\"attachment-full size-full wp-image-18735\" alt=\"\" srcset=\"https:\/\/www.360antiviruspro.com\/wp-content\/uploads\/2024\/02\/money-back-1.png 329w, https:\/\/www.360antiviruspro.com\/wp-content\/uploads\/2024\/02\/money-back-1-290x300.png 290w\" sizes=\"(max-width: 329px) 100vw, 329px\" \/>\t\t\t\t\t\t\t\t\t\t\t\t\t\t\t<\/div>\n\t\t\t\t<\/div>\n\t\t\t\t<\/div>\n\t\t\t\t\t<\/div>\n\t\t\t\t<\/div>\n\t\t\t\t<section class=\"elementor-section elementor-top-section elementor-element elementor-element-b482ac4 elementor-section-boxed elementor-section-height-default elementor-section-height-default\" data-id=\"b482ac4\" data-element_type=\"section\" data-e-type=\"section\">\n\t\t\t\t\t\t<div class=\"elementor-container elementor-column-gap-default\">\n\t\t\t\t\t<div class=\"elementor-column elementor-col-100 elementor-top-column elementor-element elementor-element-ea066c2\" data-id=\"ea066c2\" data-element_type=\"column\" data-e-type=\"column\">\n\t\t\t<div class=\"elementor-widget-wrap elementor-element-populated\">\n\t\t\t\t\t\t<div class=\"elementor-element elementor-element-0132fd4 elementor-widget elementor-widget-heading\" data-id=\"0132fd4\" data-element_type=\"widget\" data-e-type=\"widget\" data-widget_type=\"heading.default\">\n\t\t\t\t<div class=\"elementor-widget-container\">\n\t\t\t\t\t<h2 class=\"elementor-heading-title elementor-size-default\">Comment cela fonctionne-t-il ?<\/h2>\t\t\t\t<\/div>\n\t\t\t\t<\/div>\n\t\t\t\t<div class=\"elementor-element elementor-element-6dff0e6 elementor-widget elementor-widget-text-editor\" data-id=\"6dff0e6\" data-element_type=\"widget\" data-e-type=\"widget\" data-widget_type=\"text-editor.default\">\n\t\t\t\t<div class=\"elementor-widget-container\">\n\t\t\t\t\t\t\t\t\t<p>Voici le processus simple ! Nous vous offrons un essai gratuit de sept jours de notre <a href=\"\">logiciel de protection pour PC Windows<\/a>. Pendant cette p\u00e9riode, vous pouvez \u00e9valuer et exp\u00e9rimenter les fonctionnalit\u00e9s, les fonctions et l&rsquo;efficacit\u00e9 du logiciel. Une fois votre essai gratuit de sept jours termin\u00e9, vous devez passer \u00e0 la version payante du programme. Avec la version payante, vous pourrez profiter de toutes les fonctionnalit\u00e9s de s\u00e9curit\u00e9 premium et de scan de virus. Si, pour une raison quelconque, vous n&rsquo;\u00eates pas satisfait de votre achat dans les 60 jours, vous pouvez demander un remboursement int\u00e9gral de votre prix d&rsquo;achat. Pour ce faire, vous pouvez vous connecter \u00e0 nos <a href=\"\">services d&rsquo;assistance client\u00e8le<\/a>. Ils \u00e9couteront vos questions et traiteront votre demande de remboursement. Apr\u00e8s cela, vous serez rembours\u00e9 de votre argent.         Nous voulons que vous puissiez profiter pleinement du potentiel de nos solutions avanc\u00e9es en toute tranquillit\u00e9 d&rsquo;esprit.<\/p>\n\t\t\t\t\t\t\t\t<\/div>\n\t\t\t\t<\/div>\n\t\t\t\t<div class=\"elementor-element elementor-element-a7a10d1 elementor-widget elementor-widget-heading\" data-id=\"a7a10d1\" data-element_type=\"widget\" data-e-type=\"widget\" data-widget_type=\"heading.default\">\n\t\t\t\t<div class=\"elementor-widget-container\">\n\t\t\t\t\t<h3 class=\"elementor-heading-title elementor-size-default\">Voici comment fonctionne notre remboursement :<\/h3>\t\t\t\t<\/div>\n\t\t\t\t<\/div>\n\t\t\t\t<div class=\"elementor-element elementor-element-7708398 elementor-icon-list--layout-traditional elementor-list-item-link-full_width elementor-widget elementor-widget-icon-list\" data-id=\"7708398\" data-element_type=\"widget\" data-e-type=\"widget\" data-widget_type=\"icon-list.default\">\n\t\t\t\t<div class=\"elementor-widget-container\">\n\t\t\t\t\t\t\t<ul class=\"elementor-icon-list-items\">\n\t\t\t\t\t\t\t<li class=\"elementor-icon-list-item\">\n\t\t\t\t\t\t\t\t\t\t\t<span class=\"elementor-icon-list-icon\">\n\t\t\t\t\t\t\t<svg aria-hidden=\"true\" class=\"e-font-icon-svg e-fas-check\" viewBox=\"0 0 512 512\" xmlns=\"http:\/\/www.w3.org\/2000\/svg\"><path d=\"M173.898 439.404l-166.4-166.4c-9.997-9.997-9.997-26.206 0-36.204l36.203-36.204c9.997-9.998 26.207-9.998 36.204 0L192 312.69 432.095 72.596c9.997-9.997 26.207-9.997 36.204 0l36.203 36.204c9.997 9.997 9.997 26.206 0 36.204l-294.4 294.401c-9.998 9.997-26.207 9.997-36.204-.001z\"><\/path><\/svg>\t\t\t\t\t\t<\/span>\n\t\t\t\t\t\t\t\t\t\t<span class=\"elementor-icon-list-text\"> <b>Remboursement imm\u00e9diat : <\/b> Si vous n'\u00eates pas satisfait des performances de notre produit dans les 60 jours, il vous suffit de contacter notre service client\u00e8le. Nous proc\u00e9derons au remboursement de votre achat dans les meilleurs d\u00e9lais. <\/span>\n\t\t\t\t\t\t\t\t\t<\/li>\n\t\t\t\t\t\t\t\t<li class=\"elementor-icon-list-item\">\n\t\t\t\t\t\t\t\t\t\t\t<span class=\"elementor-icon-list-icon\">\n\t\t\t\t\t\t\t<svg aria-hidden=\"true\" class=\"e-font-icon-svg e-fas-check\" viewBox=\"0 0 512 512\" xmlns=\"http:\/\/www.w3.org\/2000\/svg\"><path d=\"M173.898 439.404l-166.4-166.4c-9.997-9.997-9.997-26.206 0-36.204l36.203-36.204c9.997-9.998 26.207-9.998 36.204 0L192 312.69 432.095 72.596c9.997-9.997 26.207-9.997 36.204 0l36.203 36.204c9.997 9.997 9.997 26.206 0 36.204l-294.4 294.401c-9.998 9.997-26.207 9.997-36.204-.001z\"><\/path><\/svg>\t\t\t\t\t\t<\/span>\n\t\t\t\t\t\t\t\t\t\t<span class=\"elementor-icon-list-text\"><b>Centr\u00e9 sur le client : <\/b>votre satisfaction est notre priorit\u00e9, et nous garantissons nos produits en les remboursant.\nNotre objectif est de vous fournir la meilleure s\u00e9curit\u00e9 et le meilleur service \u00e0 chaque \u00e9tape. <\/span>\n\t\t\t\t\t\t\t\t\t<\/li>\n\t\t\t\t\t\t<\/ul>\n\t\t\t\t\t\t<\/div>\n\t\t\t\t<\/div>\n\t\t\t\t<div class=\"elementor-element elementor-element-5410380 elementor-widget elementor-widget-heading\" data-id=\"5410380\" data-element_type=\"widget\" data-e-type=\"widget\" data-widget_type=\"heading.default\">\n\t\t\t\t<div class=\"elementor-widget-container\">\n\t\t\t\t\t<h2 class=\"elementor-heading-title elementor-size-default\">60 jours pour d\u00e9cider : Votre satisfaction, notre mission<\/h2>\t\t\t\t<\/div>\n\t\t\t\t<\/div>\n\t\t\t\t<div class=\"elementor-element elementor-element-6799d3d elementor-widget elementor-widget-text-editor\" data-id=\"6799d3d\" data-element_type=\"widget\" data-e-type=\"widget\" data-widget_type=\"text-editor.default\">\n\t\t\t\t<div class=\"elementor-widget-container\">\n\t\t\t\t\t\t\t\t\t<p>Plus d&rsquo;incertitudes sur le choix du bon. <br \/><a href=\"https:\/\/www.360antiviruspro.com\/fr\">logiciel antivirus pour ordinateur<\/a> \u2013 profitez de l&rsquo;essai et \u00e9valuez comment notre antimalware peut pr\u00e9cis\u00e9ment r\u00e9pondre \u00e0 vos besoins en mati\u00e8re de s\u00e9curit\u00e9. Essayez-le sans risque et rejoignez les rangs des utilisateurs satisfaits qui ont trouv\u00e9 la tranquillit\u00e9 d&rsquo;esprit dans leurs activit\u00e9s en ligne. Profitez au maximum de cette opportunit\u00e9 et renforcez vos d\u00e9fenses num\u00e9riques avec notre d\u00e9fenseur PC fiable et avanc\u00e9. Prenez le contr\u00f4le de votre vie num\u00e9rique d\u00e8s aujourd&rsquo;hui !   <\/p>\n\t\t\t\t\t\t\t\t<\/div>\n\t\t\t\t<\/div>\n\t\t\t\t<div class=\"elementor-element elementor-element-419a366 elementor-widget elementor-widget-heading\" data-id=\"419a366\" data-element_type=\"widget\" data-e-type=\"widget\" data-widget_type=\"heading.default\">\n\t\t\t\t<div class=\"elementor-widget-container\">\n\t\t\t\t\t<h3 class=\"elementor-heading-title elementor-size-default\">Investissez dans l'excellence en mati\u00e8re de cybers\u00e9curit\u00e9 sans prendre de risque<\/h3>\t\t\t\t<\/div>\n\t\t\t\t<\/div>\n\t\t\t\t<div class=\"elementor-element elementor-element-44ae9e6 elementor-widget elementor-widget-text-editor\" data-id=\"44ae9e6\" data-element_type=\"widget\" data-e-type=\"widget\" data-widget_type=\"text-editor.default\">\n\t\t\t\t<div class=\"elementor-widget-container\">\n\t\t\t\t\t\t\t\t\t<p>Nous sommes votre partenaire fiable dans la fourniture de solutions antimalware sans risque.<br \/>\nNous \u00e9quipons votre monde num\u00e9rique d&rsquo;une immunit\u00e9 proactive contre les cyberattaques hostiles.<br \/>\nAvec notre promesse de remboursement, nous voulons que vous soyez confiant dans votre d\u00e9cision de choisir le logiciel de s\u00e9curit\u00e9 Windows de nouvelle g\u00e9n\u00e9ration comme votre solution de cybers\u00e9curit\u00e9 globale.<br \/>\nChoisissez donc la d\u00e9fense qui r\u00e9siste \u00e0 l&rsquo;\u00e9preuve sans h\u00e9sitation !   <\/p>\n\t\t\t\t\t\t\t\t<\/div>\n\t\t\t\t<\/div>\n\t\t\t\t\t<\/div>\n\t\t<\/div>\n\t\t\t\t\t<\/div>\n\t\t<\/section>\n\t\t<div class=\"elementor-element elementor-element-00fe6d6 e-flex e-con-boxed e-con e-parent\" data-id=\"00fe6d6\" data-element_type=\"container\" data-e-type=\"container\">\n\t\t\t\t\t<div class=\"e-con-inner\">\n\t\t\t\t<div class=\"elementor-element elementor-element-2d86823 elementor-widget elementor-widget-button\" data-id=\"2d86823\" data-element_type=\"widget\" data-e-type=\"widget\" data-widget_type=\"button.default\">\n\t\t\t\t<div class=\"elementor-widget-container\">\n\t\t\t\t\t\t\t\t\t<div class=\"elementor-button-wrapper\">\n\t\t\t\t\t<a class=\"elementor-button elementor-button-link elementor-size-sm elementor-animation-float\" href=\"#elementor-action%3Aaction%3Dpopup%3Aopen%26settings%3DeyJpZCI6MjM1NiwidG9nZ2xlIjpmYWxzZX0%3D\">\n\t\t\t\t\t\t<span class=\"elementor-button-content-wrapper\">\n\t\t\t\t\t\t<span class=\"elementor-button-icon\">\n\t\t\t\t<svg aria-hidden=\"true\" class=\"e-font-icon-svg e-fab-windows\" viewBox=\"0 0 448 512\" xmlns=\"http:\/\/www.w3.org\/2000\/svg\"><path d=\"M0 93.7l183.6-25.3v177.4H0V93.7zm0 324.6l183.6 25.3V268.4H0v149.9zm203.8 28L448 480V268.4H203.8v177.9zm0-380.6v180.1H448V32L203.8 65.7z\"><\/path><\/svg>\t\t\t<\/span>\n\t\t\t\t\t\t\t\t\t<span class=\"elementor-button-text\">T\u00e9l\u00e9chargez 360 Antivirus Pro GRATUIT<\/span>\n\t\t\t\t\t<\/span>\n\t\t\t\t\t<\/a>\n\t\t\t\t<\/div>\n\t\t\t\t\t\t\t\t<\/div>\n\t\t\t\t<\/div>\n\t\t\t\t\t<\/div>\n\t\t\t\t<\/div>\n\t\t\t\t<\/div>\n\t\t","protected":false},"excerpt":{"rendered":"<p>Garantie de remboursement de 60 jours Accueil Garantie de remboursement de 60 jours Garantie de remboursement \u00e0 100 % dans les 60 jours : Votre protection, notre promesse 360 Antivirus Pro adh\u00e8re \u00e0 des principes commerciaux \u00e9thiques afin de r\u00e9pondre aux besoins des clients et de leur offrir une exp\u00e9rience exceptionnelle. Nous sommes convaincus que [&hellip;]<\/p>\n","protected":false},"author":1,"featured_media":0,"parent":0,"menu_order":0,"comment_status":"closed","ping_status":"closed","template":"elementor_header_footer","meta":{"_acf_changed":false,"footnotes":""},"class_list":["post-18734","page","type-page","status-publish","hentry"],"acf":[],"yoast_head":"<!-- This site is optimized with the Yoast SEO plugin v27.3 - https:\/\/yoast.com\/product\/yoast-seo-wordpress\/ -->\n<title>Garantie de remboursement de 60 jours - 360 Antivirus Pro<\/title>\n<meta name=\"description\" content=\"Votre satisfaction est notre priorit\u00e9 absolue. Nous garantissons la qualit\u00e9 de notre produit, 360 Antivirus Pro, avec une garantie de remboursement de 60 jours. Achetez sans risque !\" \/>\n<meta name=\"robots\" content=\"index, follow, max-snippet:-1, max-image-preview:large, max-video-preview:-1\" \/>\n<link rel=\"canonical\" href=\"https:\/\/www.360antiviruspro.com\/fr\/60-jours-de-remboursement\" \/>\n<meta property=\"og:locale\" content=\"fr_FR\" \/>\n<meta property=\"og:type\" content=\"article\" \/>\n<meta property=\"og:title\" content=\"Garantie de remboursement de 60 jours - 360 Antivirus Pro\" \/>\n<meta property=\"og:description\" content=\"Votre satisfaction est notre priorit\u00e9 absolue. Nous garantissons la qualit\u00e9 de notre produit, 360 Antivirus Pro, avec une garantie de remboursement de 60 jours. Achetez sans risque !\" \/>\n<meta property=\"og:url\" content=\"https:\/\/www.360antiviruspro.com\/fr\/60-jours-de-remboursement\" \/>\n<meta property=\"og:site_name\" content=\"360 Antivirus Pro\" \/>\n<meta property=\"article:modified_time\" content=\"2024-08-30T12:26:39+00:00\" \/>\n<meta property=\"og:image\" content=\"https:\/\/www.360antiviruspro.com\/wp-content\/uploads\/2024\/02\/money-back-1.png\" \/>\n<meta name=\"twitter:card\" content=\"summary_large_image\" \/>\n<meta name=\"twitter:label1\" content=\"Dur\u00e9e de lecture estim\u00e9e\" \/>\n\t<meta name=\"twitter:data1\" content=\"3 minutes\" \/>\n<script type=\"application\/ld+json\" class=\"yoast-schema-graph\">{\"@context\":\"https:\\\/\\\/schema.org\",\"@graph\":[{\"@type\":\"WebPage\",\"@id\":\"https:\\\/\\\/www.360antiviruspro.com\\\/fr\\\/60-jours-de-remboursement\",\"url\":\"https:\\\/\\\/www.360antiviruspro.com\\\/fr\\\/60-jours-de-remboursement\",\"name\":\"Garantie de remboursement de 60 jours - 360 Antivirus Pro\",\"isPartOf\":{\"@id\":\"https:\\\/\\\/www.360antiviruspro.com\\\/fr\\\/#website\"},\"primaryImageOfPage\":{\"@id\":\"https:\\\/\\\/www.360antiviruspro.com\\\/fr\\\/60-jours-de-remboursement#primaryimage\"},\"image\":{\"@id\":\"https:\\\/\\\/www.360antiviruspro.com\\\/fr\\\/60-jours-de-remboursement#primaryimage\"},\"thumbnailUrl\":\"https:\\\/\\\/www.360antiviruspro.com\\\/wp-content\\\/uploads\\\/2024\\\/02\\\/money-back-1.png\",\"datePublished\":\"2023-06-26T02:45:35+00:00\",\"dateModified\":\"2024-08-30T12:26:39+00:00\",\"description\":\"Votre satisfaction est notre priorit\u00e9 absolue. Nous garantissons la qualit\u00e9 de notre produit, 360 Antivirus Pro, avec une garantie de remboursement de 60 jours. Achetez sans risque !\",\"breadcrumb\":{\"@id\":\"https:\\\/\\\/www.360antiviruspro.com\\\/fr\\\/60-jours-de-remboursement#breadcrumb\"},\"inLanguage\":\"fr-FR\",\"potentialAction\":[{\"@type\":\"ReadAction\",\"target\":[\"https:\\\/\\\/www.360antiviruspro.com\\\/fr\\\/60-jours-de-remboursement\"]}]},{\"@type\":\"ImageObject\",\"inLanguage\":\"fr-FR\",\"@id\":\"https:\\\/\\\/www.360antiviruspro.com\\\/fr\\\/60-jours-de-remboursement#primaryimage\",\"url\":\"https:\\\/\\\/www.360antiviruspro.com\\\/wp-content\\\/uploads\\\/2024\\\/02\\\/money-back-1.png\",\"contentUrl\":\"https:\\\/\\\/www.360antiviruspro.com\\\/wp-content\\\/uploads\\\/2024\\\/02\\\/money-back-1.png\"},{\"@type\":\"BreadcrumbList\",\"@id\":\"https:\\\/\\\/www.360antiviruspro.com\\\/fr\\\/60-jours-de-remboursement#breadcrumb\",\"itemListElement\":[{\"@type\":\"ListItem\",\"position\":1,\"name\":\"Home\",\"item\":\"https:\\\/\\\/www.360antiviruspro.com\\\/\"},{\"@type\":\"ListItem\",\"position\":2,\"name\":\"60 jours de remboursement\"}]},{\"@type\":\"WebSite\",\"@id\":\"https:\\\/\\\/www.360antiviruspro.com\\\/fr\\\/#website\",\"url\":\"https:\\\/\\\/www.360antiviruspro.com\\\/fr\\\/\",\"name\":\"360 Antivirus Pro\",\"description\":\"Leaders in Antivirus Technology\",\"potentialAction\":[{\"@type\":\"SearchAction\",\"target\":{\"@type\":\"EntryPoint\",\"urlTemplate\":\"https:\\\/\\\/www.360antiviruspro.com\\\/fr\\\/?s={search_term_string}\"},\"query-input\":{\"@type\":\"PropertyValueSpecification\",\"valueRequired\":true,\"valueName\":\"search_term_string\"}}],\"inLanguage\":\"fr-FR\"}]}<\/script>\n<!-- \/ Yoast SEO plugin. -->","yoast_head_json":{"title":"Garantie de remboursement de 60 jours - 360 Antivirus Pro","description":"Votre satisfaction est notre priorit\u00e9 absolue. Nous garantissons la qualit\u00e9 de notre produit, 360 Antivirus Pro, avec une garantie de remboursement de 60 jours. Achetez sans risque !","robots":{"index":"index","follow":"follow","max-snippet":"max-snippet:-1","max-image-preview":"max-image-preview:large","max-video-preview":"max-video-preview:-1"},"canonical":"https:\/\/www.360antiviruspro.com\/fr\/60-jours-de-remboursement","og_locale":"fr_FR","og_type":"article","og_title":"Garantie de remboursement de 60 jours - 360 Antivirus Pro","og_description":"Votre satisfaction est notre priorit\u00e9 absolue. Nous garantissons la qualit\u00e9 de notre produit, 360 Antivirus Pro, avec une garantie de remboursement de 60 jours. Achetez sans risque !","og_url":"https:\/\/www.360antiviruspro.com\/fr\/60-jours-de-remboursement","og_site_name":"360 Antivirus Pro","article_modified_time":"2024-08-30T12:26:39+00:00","og_image":[{"url":"https:\/\/www.360antiviruspro.com\/wp-content\/uploads\/2024\/02\/money-back-1.png","type":"","width":"","height":""}],"twitter_card":"summary_large_image","twitter_misc":{"Dur\u00e9e de lecture estim\u00e9e":"3 minutes"},"schema":{"@context":"https:\/\/schema.org","@graph":[{"@type":"WebPage","@id":"https:\/\/www.360antiviruspro.com\/fr\/60-jours-de-remboursement","url":"https:\/\/www.360antiviruspro.com\/fr\/60-jours-de-remboursement","name":"Garantie de remboursement de 60 jours - 360 Antivirus Pro","isPartOf":{"@id":"https:\/\/www.360antiviruspro.com\/fr\/#website"},"primaryImageOfPage":{"@id":"https:\/\/www.360antiviruspro.com\/fr\/60-jours-de-remboursement#primaryimage"},"image":{"@id":"https:\/\/www.360antiviruspro.com\/fr\/60-jours-de-remboursement#primaryimage"},"thumbnailUrl":"https:\/\/www.360antiviruspro.com\/wp-content\/uploads\/2024\/02\/money-back-1.png","datePublished":"2023-06-26T02:45:35+00:00","dateModified":"2024-08-30T12:26:39+00:00","description":"Votre satisfaction est notre priorit\u00e9 absolue. Nous garantissons la qualit\u00e9 de notre produit, 360 Antivirus Pro, avec une garantie de remboursement de 60 jours. Achetez sans risque !","breadcrumb":{"@id":"https:\/\/www.360antiviruspro.com\/fr\/60-jours-de-remboursement#breadcrumb"},"inLanguage":"fr-FR","potentialAction":[{"@type":"ReadAction","target":["https:\/\/www.360antiviruspro.com\/fr\/60-jours-de-remboursement"]}]},{"@type":"ImageObject","inLanguage":"fr-FR","@id":"https:\/\/www.360antiviruspro.com\/fr\/60-jours-de-remboursement#primaryimage","url":"https:\/\/www.360antiviruspro.com\/wp-content\/uploads\/2024\/02\/money-back-1.png","contentUrl":"https:\/\/www.360antiviruspro.com\/wp-content\/uploads\/2024\/02\/money-back-1.png"},{"@type":"BreadcrumbList","@id":"https:\/\/www.360antiviruspro.com\/fr\/60-jours-de-remboursement#breadcrumb","itemListElement":[{"@type":"ListItem","position":1,"name":"Home","item":"https:\/\/www.360antiviruspro.com\/"},{"@type":"ListItem","position":2,"name":"60 jours de remboursement"}]},{"@type":"WebSite","@id":"https:\/\/www.360antiviruspro.com\/fr\/#website","url":"https:\/\/www.360antiviruspro.com\/fr\/","name":"360 Antivirus Pro","description":"Leaders in Antivirus Technology","potentialAction":[{"@type":"SearchAction","target":{"@type":"EntryPoint","urlTemplate":"https:\/\/www.360antiviruspro.com\/fr\/?s={search_term_string}"},"query-input":{"@type":"PropertyValueSpecification","valueRequired":true,"valueName":"search_term_string"}}],"inLanguage":"fr-FR"}]}},"_links":{"self":[{"href":"https:\/\/www.360antiviruspro.com\/fr\/wp-json\/wp\/v2\/pages\/18734","targetHints":{"allow":["GET"]}}],"collection":[{"href":"https:\/\/www.360antiviruspro.com\/fr\/wp-json\/wp\/v2\/pages"}],"about":[{"href":"https:\/\/www.360antiviruspro.com\/fr\/wp-json\/wp\/v2\/types\/page"}],"author":[{"embeddable":true,"href":"https:\/\/www.360antiviruspro.com\/fr\/wp-json\/wp\/v2\/users\/1"}],"replies":[{"embeddable":true,"href":"https:\/\/www.360antiviruspro.com\/fr\/wp-json\/wp\/v2\/comments?post=18734"}],"version-history":[{"count":0,"href":"https:\/\/www.360antiviruspro.com\/fr\/wp-json\/wp\/v2\/pages\/18734\/revisions"}],"wp:attachment":[{"href":"https:\/\/www.360antiviruspro.com\/fr\/wp-json\/wp\/v2\/media?parent=18734"}],"curies":[{"name":"wp","href":"https:\/\/api.w.org\/{rel}","templated":true}]}}