{"id":19671,"date":"2023-09-04T08:21:47","date_gmt":"2023-09-04T02:51:47","guid":{"rendered":"https:\/\/www.360antiviruspro.com\/desinstalle"},"modified":"2025-02-10T17:18:28","modified_gmt":"2025-02-10T11:48:28","slug":"desinstalle","status":"publish","type":"page","link":"https:\/\/www.360antiviruspro.com\/fr\/desinstalle","title":{"rendered":"d\u00e9sinstall\u00e9"},"content":{"rendered":"\t\t<div data-elementor-type=\"wp-page\" data-elementor-id=\"19671\" class=\"elementor elementor-19671 elementor-3357\" data-elementor-post-type=\"page\">\n\t\t\t\t\t\t<section class=\"elementor-section elementor-top-section elementor-element elementor-element-f5954f4 elementor-section-height-min-height elementor-section-boxed elementor-section-height-default elementor-section-items-middle\" data-id=\"f5954f4\" data-element_type=\"section\" data-e-type=\"section\" data-settings=\"{&quot;background_background&quot;:&quot;classic&quot;}\">\n\t\t\t\t\t\t\t<div class=\"elementor-background-overlay\"><\/div>\n\t\t\t\t\t\t\t<div class=\"elementor-container elementor-column-gap-default\">\n\t\t\t\t\t<div class=\"elementor-column elementor-col-100 elementor-top-column elementor-element elementor-element-5d7f220\" data-id=\"5d7f220\" data-element_type=\"column\" data-e-type=\"column\">\n\t\t\t<div class=\"elementor-widget-wrap elementor-element-populated\">\n\t\t\t\t\t\t<div class=\"elementor-element elementor-element-fe10b0a elementor-widget elementor-widget-heading\" data-id=\"fe10b0a\" data-element_type=\"widget\" data-e-type=\"widget\" data-widget_type=\"heading.default\">\n\t\t\t\t<div class=\"elementor-widget-container\">\n\t\t\t\t\t<h1 class=\"elementor-heading-title elementor-size-default\">d\u00e9sinstall\u00e9<\/h1>\t\t\t\t<\/div>\n\t\t\t\t<\/div>\n\t\t\t\t\t<\/div>\n\t\t<\/div>\n\t\t\t\t\t<\/div>\n\t\t<\/section>\n\t\t\t\t<section class=\"elementor-section elementor-top-section elementor-element elementor-element-e30e7c6 elementor-section-boxed elementor-section-height-default elementor-section-height-default\" data-id=\"e30e7c6\" data-element_type=\"section\" data-e-type=\"section\">\n\t\t\t\t\t\t<div class=\"elementor-container elementor-column-gap-default\">\n\t\t\t\t\t<div class=\"elementor-column elementor-col-33 elementor-top-column elementor-element elementor-element-a922190\" data-id=\"a922190\" data-element_type=\"column\" data-e-type=\"column\">\n\t\t\t<div class=\"elementor-widget-wrap elementor-element-populated\">\n\t\t\t\t\t\t<section class=\"elementor-section elementor-inner-section elementor-element elementor-element-c61cd24 elementor-section-boxed elementor-section-height-default elementor-section-height-default\" data-id=\"c61cd24\" data-element_type=\"section\" data-e-type=\"section\">\n\t\t\t\t\t\t<div class=\"elementor-container elementor-column-gap-default\">\n\t\t\t\t\t<div class=\"elementor-column elementor-col-100 elementor-inner-column elementor-element elementor-element-5096eff\" data-id=\"5096eff\" data-element_type=\"column\" data-e-type=\"column\">\n\t\t\t<div class=\"elementor-widget-wrap elementor-element-populated\">\n\t\t\t\t\t\t<div class=\"elementor-element elementor-element-136b19b elementor-widget elementor-widget-heading\" data-id=\"136b19b\" data-element_type=\"widget\" data-e-type=\"widget\" data-widget_type=\"heading.default\">\n\t\t\t\t<div class=\"elementor-widget-container\">\n\t\t\t\t\t<h4 class=\"elementor-heading-title elementor-size-default\">C'est d\u00e9chirant de te voir partir ! <\/h4>\t\t\t\t<\/div>\n\t\t\t\t<\/div>\n\t\t\t\t\t<\/div>\n\t\t<\/div>\n\t\t\t\t\t<\/div>\n\t\t<\/section>\n\t\t\t\t<section class=\"elementor-section elementor-inner-section elementor-element elementor-element-0571091 elementor-section-boxed elementor-section-height-default elementor-section-height-default\" data-id=\"0571091\" data-element_type=\"section\" data-e-type=\"section\">\n\t\t\t\t\t\t<div class=\"elementor-container elementor-column-gap-default\">\n\t\t\t\t\t<div class=\"elementor-column elementor-col-100 elementor-inner-column elementor-element elementor-element-2ff3b93\" data-id=\"2ff3b93\" data-element_type=\"column\" data-e-type=\"column\">\n\t\t\t<div class=\"elementor-widget-wrap elementor-element-populated\">\n\t\t\t\t\t\t<div class=\"elementor-element elementor-element-7ce534a elementor-widget elementor-widget-heading\" data-id=\"7ce534a\" data-element_type=\"widget\" data-e-type=\"widget\" data-widget_type=\"heading.default\">\n\t\t\t\t<div class=\"elementor-widget-container\">\n\t\t\t\t\t<h6 class=\"elementor-heading-title elementor-size-default\">D\u00e9sol\u00e9 si nous n'avons jamais \u00e9t\u00e9 \u00e0 la hauteur de vos attentes. <\/h6>\t\t\t\t<\/div>\n\t\t\t\t<\/div>\n\t\t\t\t\t<\/div>\n\t\t<\/div>\n\t\t\t\t\t<\/div>\n\t\t<\/section>\n\t\t\t\t<div class=\"elementor-element elementor-element-fb8e65a elementor-widget elementor-widget-image\" data-id=\"fb8e65a\" data-element_type=\"widget\" data-e-type=\"widget\" data-widget_type=\"image.default\">\n\t\t\t\t<div class=\"elementor-widget-container\">\n\t\t\t\t\t\t\t\t\t\t\t\t\t\t\t<img decoding=\"async\" src=\"https:\/\/360antiviruspro.com\/wp-content\/uploads\/2023\/09\/New-Project-9.png\" title=\"\" alt=\"\" loading=\"lazy\" \/>\t\t\t\t\t\t\t\t\t\t\t\t\t\t\t<\/div>\n\t\t\t\t<\/div>\n\t\t\t\t\t<\/div>\n\t\t<\/div>\n\t\t\t\t<div class=\"elementor-column elementor-col-66 elementor-top-column elementor-element elementor-element-71d1901\" data-id=\"71d1901\" data-element_type=\"column\" data-e-type=\"column\">\n\t\t\t<div class=\"elementor-widget-wrap elementor-element-populated\">\n\t\t\t\t\t\t<div class=\"elementor-element elementor-element-dfaa46f elementor-button-align-stretch elementor-widget elementor-widget-form\" data-id=\"dfaa46f\" data-element_type=\"widget\" data-e-type=\"widget\" data-settings=\"{&quot;step_next_label&quot;:&quot;Suivant&quot;,&quot;step_previous_label&quot;:&quot;Pr\\u00e9c\\u00e9dent&quot;,&quot;button_width&quot;:&quot;100&quot;,&quot;step_type&quot;:&quot;number_text&quot;,&quot;step_icon_shape&quot;:&quot;circle&quot;}\" data-widget_type=\"form.default\">\n\t\t\t\t<div class=\"elementor-widget-container\">\n\t\t\t\t\t\t\t<form class=\"elementor-form\" method=\"post\" name=\"Nouvelle Forme\" aria-label=\"Nouvelle Forme\">\n\t\t\t<input type=\"hidden\" name=\"post_id\" value=\"19671\"\/>\n\t\t\t<input type=\"hidden\" name=\"form_id\" value=\"dfaa46f\"\/>\n\t\t\t<input type=\"hidden\" name=\"referer_title\" value=\"d\u00e9sinstall\u00e9 - 360 Antivirus Pro\" \/>\n\n\t\t\t\t\t\t\t<input type=\"hidden\" name=\"queried_id\" value=\"19671\"\/>\n\t\t\t\n\t\t\t<div class=\"elementor-form-fields-wrapper elementor-labels-\">\n\t\t\t\t\t\t\t\t<div class=\"elementor-field-type-html elementor-field-group elementor-column elementor-field-group-field_dbaffbd elementor-col-100\">\n\t\t\t\t\t<h4>Veuillez prendre un moment pour nous faire part de vos raisons de d\u00e9sinstallation.<\/h4>\n<p><strong>Nous appr\u00e9cierions vos retours sur les raisons pour lesquelles vous avez d\u00e9sinstall\u00e9 le logiciel. Cela nous aidera \u00e0 r\u00e9soudre le probl\u00e8me et \u00e0 am\u00e9liorer nos services.  <\/strong><\/p>\t\t\t\t<\/div>\n\t\t\t\t\t\t\t\t<div class=\"elementor-field-type-radio elementor-field-group elementor-column elementor-field-group-message elementor-col-100 elementor-field-required\">\n\t\t\t\t\t\t\t\t\t\t\t\t<label for=\"form-field-message\" class=\"elementor-field-label elementor-screen-only\">\n\t\t\t\t\t\t\t\tMessage\t\t\t\t\t\t\t<\/label>\n\t\t\t\t\t\t<div class=\"elementor-field-subgroup  \"><span class=\"elementor-field-option\"><input type=\"radio\" value=\"Il utilise trop de ressources, ralentit le syst\u00e8me. Il utilise trop de ressources, ralentit le syst\u00e8me.\" id=\"form-field-message-0\" name=\"form_fields[message]\" required=\"required\"> <label for=\"form-field-message-0\">Il utilise trop de ressources, ralentit le syst\u00e8me. Il utilise trop de ressources, ralentit le syst\u00e8me.<\/label><\/span><span class=\"elementor-field-option\"><input type=\"radio\" value=\"Il consid\u00e8re certains fichiers et programmes comme des logiciels malveillants\" id=\"form-field-message-1\" name=\"form_fields[message]\" required=\"required\"> <label for=\"form-field-message-1\">Il consid\u00e8re certains fichiers et programmes comme des logiciels malveillants<\/label><\/span><span class=\"elementor-field-option\"><input type=\"radio\" value=\"Je crois que la version payante du logiciel est ch\u00e8re. Je crois que la version payante du logiciel est ch\u00e8re. Je crois que la version payante du logiciel est ch\u00e8re.\" id=\"form-field-message-2\" name=\"form_fields[message]\" required=\"required\"> <label for=\"form-field-message-2\">Je crois que la version payante du logiciel est ch\u00e8re. Je crois que la version payante du logiciel est ch\u00e8re. Je crois que la version payante du logiciel est ch\u00e8re.<\/label><\/span><span class=\"elementor-field-option\"><input type=\"radio\" value=\"Il \u00e9met trop de notifications inutiles.\" id=\"form-field-message-3\" name=\"form_fields[message]\" required=\"required\"> <label for=\"form-field-message-3\">Il \u00e9met trop de notifications inutiles.<\/label><\/span><span class=\"elementor-field-option\"><input type=\"radio\" value=\"Cela n&#039;a pas bien fonctionn\u00e9 sur mon syst\u00e8me. Cela n&#039;a pas bien fonctionn\u00e9 sur mon syst\u00e8me. Cela n&#039;a pas bien fonctionn\u00e9 sur mon syst\u00e8me.\" id=\"form-field-message-4\" name=\"form_fields[message]\" required=\"required\"> <label for=\"form-field-message-4\">Cela n'a pas bien fonctionn\u00e9 sur mon syst\u00e8me. Cela n'a pas bien fonctionn\u00e9 sur mon syst\u00e8me. Cela n'a pas bien fonctionn\u00e9 sur mon syst\u00e8me.<\/label><\/span><span class=\"elementor-field-option\"><input type=\"radio\" value=\"Il identifie des fichiers ou des applications s\u00fbrs comme des logiciels malveillants\" id=\"form-field-message-5\" name=\"form_fields[message]\" required=\"required\"> <label for=\"form-field-message-5\">Il identifie des fichiers ou des applications s\u00fbrs comme des logiciels malveillants<\/label><\/span><span class=\"elementor-field-option\"><input type=\"radio\" value=\"Cela utilise trop d&#039;espace et de ressources syst\u00e8me\" id=\"form-field-message-6\" name=\"form_fields[message]\" required=\"required\"> <label for=\"form-field-message-6\">Cela utilise trop d'espace et de ressources syst\u00e8me. <\/label><\/span><span class=\"elementor-field-option\"><input type=\"radio\" value=\"Il n&#039;est pas compatible avec d&#039;autres applications et programmes\" id=\"form-field-message-7\" name=\"form_fields[message]\" required=\"required\"> <label for=\"form-field-message-7\">Ce n'est pas compatible avec d'autres applications et programmes. <\/label><\/span><span class=\"elementor-field-option\"><input type=\"radio\" value=\"Il est difficile de faire fonctionner et de g\u00e9rer le syst\u00e8me.\" id=\"form-field-message-8\" name=\"form_fields[message]\" required=\"required\"> <label for=\"form-field-message-8\">Il est difficile de faire fonctionner et de g\u00e9rer le syst\u00e8me.<\/label><\/span><span class=\"elementor-field-option\"><input type=\"radio\" value=\"D&#039;autres probl\u00e8mes\" id=\"form-field-message-9\" name=\"form_fields[message]\" required=\"required\"> <label for=\"form-field-message-9\">D'autres probl\u00e8mes<\/label><\/span><\/div>\t\t\t\t<\/div>\n\t\t\t\t\t\t\t\t<div class=\"elementor-field-group elementor-column elementor-field-type-submit elementor-col-100 e-form__buttons\">\n\t\t\t\t\t<button class=\"elementor-button elementor-size-sm\" type=\"submit\">\n\t\t\t\t\t\t<span class=\"elementor-button-content-wrapper\">\n\t\t\t\t\t\t\t\t\t\t\t\t\t\t\t\t\t\t\t\t\t\t<span class=\"elementor-button-text\">Envoyer<\/span>\n\t\t\t\t\t\t\t\t\t\t\t\t\t<\/span>\n\t\t\t\t\t<\/button>\n\t\t\t\t<\/div>\n\t\t\t<\/div>\n\t\t<\/form>\n\t\t\t\t\t\t<\/div>\n\t\t\t\t<\/div>\n\t\t\t\t\t<\/div>\n\t\t<\/div>\n\t\t\t\t\t<\/div>\n\t\t<\/section>\n\t\t\t\t<\/div>\n\t\t","protected":false},"excerpt":{"rendered":"<p>d\u00e9sinstall\u00e9 C&rsquo;est d\u00e9chirant de te voir partir ! D\u00e9sol\u00e9 si nous n&rsquo;avons jamais \u00e9t\u00e9 \u00e0 la hauteur de vos attentes.<\/p>\n","protected":false},"author":1,"featured_media":0,"parent":0,"menu_order":0,"comment_status":"closed","ping_status":"closed","template":"elementor_header_footer","meta":{"_acf_changed":false,"footnotes":""},"class_list":["post-19671","page","type-page","status-publish","hentry"],"acf":[],"yoast_head":"<!-- This site is optimized with the Yoast SEO plugin v27.3 - https:\/\/yoast.com\/product\/yoast-seo-wordpress\/ -->\n<title>d\u00e9sinstall\u00e9 - 360 Antivirus Pro<\/title>\n<meta name=\"description\" content=\"360 Antivirus Pro Security a \u00e9t\u00e9 d\u00e9sinstall\u00e9 avec succ\u00e8s de votre appareil Windows. Partagez vos commentaires, pourquoi avez-vous choisi de d\u00e9sinstaller le logiciel antivirus ?\" \/>\n<meta name=\"robots\" content=\"index, follow, max-snippet:-1, max-image-preview:large, max-video-preview:-1\" \/>\n<link rel=\"canonical\" href=\"https:\/\/www.360antiviruspro.com\/fr\/desinstalle\" \/>\n<meta property=\"og:locale\" content=\"fr_FR\" \/>\n<meta property=\"og:type\" content=\"article\" \/>\n<meta property=\"og:title\" content=\"d\u00e9sinstall\u00e9 - 360 Antivirus Pro\" \/>\n<meta property=\"og:description\" content=\"360 Antivirus Pro Security a \u00e9t\u00e9 d\u00e9sinstall\u00e9 avec succ\u00e8s de votre appareil Windows. Partagez vos commentaires, pourquoi avez-vous choisi de d\u00e9sinstaller le logiciel antivirus ?\" \/>\n<meta property=\"og:url\" content=\"https:\/\/www.360antiviruspro.com\/fr\/desinstalle\" \/>\n<meta property=\"og:site_name\" content=\"360 Antivirus Pro\" \/>\n<meta property=\"article:modified_time\" content=\"2025-02-10T11:48:28+00:00\" \/>\n<meta property=\"og:image\" content=\"https:\/\/360antiviruspro.com\/wp-content\/uploads\/2023\/09\/New-Project-9.png\" \/>\n<meta name=\"twitter:card\" content=\"summary_large_image\" \/>\n<meta name=\"twitter:label1\" content=\"Dur\u00e9e de lecture estim\u00e9e\" \/>\n\t<meta name=\"twitter:data1\" content=\"2 minutes\" \/>\n<script type=\"application\/ld+json\" class=\"yoast-schema-graph\">{\"@context\":\"https:\\\/\\\/schema.org\",\"@graph\":[{\"@type\":\"WebPage\",\"@id\":\"https:\\\/\\\/www.360antiviruspro.com\\\/fr\\\/desinstalle\",\"url\":\"https:\\\/\\\/www.360antiviruspro.com\\\/fr\\\/desinstalle\",\"name\":\"d\u00e9sinstall\u00e9 - 360 Antivirus Pro\",\"isPartOf\":{\"@id\":\"https:\\\/\\\/www.360antiviruspro.com\\\/fr\\\/#website\"},\"primaryImageOfPage\":{\"@id\":\"https:\\\/\\\/www.360antiviruspro.com\\\/fr\\\/desinstalle#primaryimage\"},\"image\":{\"@id\":\"https:\\\/\\\/www.360antiviruspro.com\\\/fr\\\/desinstalle#primaryimage\"},\"thumbnailUrl\":\"https:\\\/\\\/360antiviruspro.com\\\/wp-content\\\/uploads\\\/2023\\\/09\\\/New-Project-9.png\",\"datePublished\":\"2023-09-04T02:51:47+00:00\",\"dateModified\":\"2025-02-10T11:48:28+00:00\",\"description\":\"360 Antivirus Pro Security a \u00e9t\u00e9 d\u00e9sinstall\u00e9 avec succ\u00e8s de votre appareil Windows. Partagez vos commentaires, pourquoi avez-vous choisi de d\u00e9sinstaller le logiciel antivirus ?\",\"breadcrumb\":{\"@id\":\"https:\\\/\\\/www.360antiviruspro.com\\\/fr\\\/desinstalle#breadcrumb\"},\"inLanguage\":\"fr-FR\",\"potentialAction\":[{\"@type\":\"ReadAction\",\"target\":[\"https:\\\/\\\/www.360antiviruspro.com\\\/fr\\\/desinstalle\"]}]},{\"@type\":\"ImageObject\",\"inLanguage\":\"fr-FR\",\"@id\":\"https:\\\/\\\/www.360antiviruspro.com\\\/fr\\\/desinstalle#primaryimage\",\"url\":\"https:\\\/\\\/360antiviruspro.com\\\/wp-content\\\/uploads\\\/2023\\\/09\\\/New-Project-9.png\",\"contentUrl\":\"https:\\\/\\\/360antiviruspro.com\\\/wp-content\\\/uploads\\\/2023\\\/09\\\/New-Project-9.png\"},{\"@type\":\"BreadcrumbList\",\"@id\":\"https:\\\/\\\/www.360antiviruspro.com\\\/fr\\\/desinstalle#breadcrumb\",\"itemListElement\":[{\"@type\":\"ListItem\",\"position\":1,\"name\":\"Home\",\"item\":\"https:\\\/\\\/www.360antiviruspro.com\\\/\"},{\"@type\":\"ListItem\",\"position\":2,\"name\":\"d\u00e9sinstall\u00e9\"}]},{\"@type\":\"WebSite\",\"@id\":\"https:\\\/\\\/www.360antiviruspro.com\\\/fr\\\/#website\",\"url\":\"https:\\\/\\\/www.360antiviruspro.com\\\/fr\\\/\",\"name\":\"360 Antivirus Pro\",\"description\":\"Leaders in Antivirus Technology\",\"potentialAction\":[{\"@type\":\"SearchAction\",\"target\":{\"@type\":\"EntryPoint\",\"urlTemplate\":\"https:\\\/\\\/www.360antiviruspro.com\\\/fr\\\/?s={search_term_string}\"},\"query-input\":{\"@type\":\"PropertyValueSpecification\",\"valueRequired\":true,\"valueName\":\"search_term_string\"}}],\"inLanguage\":\"fr-FR\"}]}<\/script>\n<!-- \/ Yoast SEO plugin. -->","yoast_head_json":{"title":"d\u00e9sinstall\u00e9 - 360 Antivirus Pro","description":"360 Antivirus Pro Security a \u00e9t\u00e9 d\u00e9sinstall\u00e9 avec succ\u00e8s de votre appareil Windows. Partagez vos commentaires, pourquoi avez-vous choisi de d\u00e9sinstaller le logiciel antivirus ?","robots":{"index":"index","follow":"follow","max-snippet":"max-snippet:-1","max-image-preview":"max-image-preview:large","max-video-preview":"max-video-preview:-1"},"canonical":"https:\/\/www.360antiviruspro.com\/fr\/desinstalle","og_locale":"fr_FR","og_type":"article","og_title":"d\u00e9sinstall\u00e9 - 360 Antivirus Pro","og_description":"360 Antivirus Pro Security a \u00e9t\u00e9 d\u00e9sinstall\u00e9 avec succ\u00e8s de votre appareil Windows. Partagez vos commentaires, pourquoi avez-vous choisi de d\u00e9sinstaller le logiciel antivirus ?","og_url":"https:\/\/www.360antiviruspro.com\/fr\/desinstalle","og_site_name":"360 Antivirus Pro","article_modified_time":"2025-02-10T11:48:28+00:00","og_image":[{"url":"https:\/\/360antiviruspro.com\/wp-content\/uploads\/2023\/09\/New-Project-9.png","type":"","width":"","height":""}],"twitter_card":"summary_large_image","twitter_misc":{"Dur\u00e9e de lecture estim\u00e9e":"2 minutes"},"schema":{"@context":"https:\/\/schema.org","@graph":[{"@type":"WebPage","@id":"https:\/\/www.360antiviruspro.com\/fr\/desinstalle","url":"https:\/\/www.360antiviruspro.com\/fr\/desinstalle","name":"d\u00e9sinstall\u00e9 - 360 Antivirus Pro","isPartOf":{"@id":"https:\/\/www.360antiviruspro.com\/fr\/#website"},"primaryImageOfPage":{"@id":"https:\/\/www.360antiviruspro.com\/fr\/desinstalle#primaryimage"},"image":{"@id":"https:\/\/www.360antiviruspro.com\/fr\/desinstalle#primaryimage"},"thumbnailUrl":"https:\/\/360antiviruspro.com\/wp-content\/uploads\/2023\/09\/New-Project-9.png","datePublished":"2023-09-04T02:51:47+00:00","dateModified":"2025-02-10T11:48:28+00:00","description":"360 Antivirus Pro Security a \u00e9t\u00e9 d\u00e9sinstall\u00e9 avec succ\u00e8s de votre appareil Windows. Partagez vos commentaires, pourquoi avez-vous choisi de d\u00e9sinstaller le logiciel antivirus ?","breadcrumb":{"@id":"https:\/\/www.360antiviruspro.com\/fr\/desinstalle#breadcrumb"},"inLanguage":"fr-FR","potentialAction":[{"@type":"ReadAction","target":["https:\/\/www.360antiviruspro.com\/fr\/desinstalle"]}]},{"@type":"ImageObject","inLanguage":"fr-FR","@id":"https:\/\/www.360antiviruspro.com\/fr\/desinstalle#primaryimage","url":"https:\/\/360antiviruspro.com\/wp-content\/uploads\/2023\/09\/New-Project-9.png","contentUrl":"https:\/\/360antiviruspro.com\/wp-content\/uploads\/2023\/09\/New-Project-9.png"},{"@type":"BreadcrumbList","@id":"https:\/\/www.360antiviruspro.com\/fr\/desinstalle#breadcrumb","itemListElement":[{"@type":"ListItem","position":1,"name":"Home","item":"https:\/\/www.360antiviruspro.com\/"},{"@type":"ListItem","position":2,"name":"d\u00e9sinstall\u00e9"}]},{"@type":"WebSite","@id":"https:\/\/www.360antiviruspro.com\/fr\/#website","url":"https:\/\/www.360antiviruspro.com\/fr\/","name":"360 Antivirus Pro","description":"Leaders in Antivirus Technology","potentialAction":[{"@type":"SearchAction","target":{"@type":"EntryPoint","urlTemplate":"https:\/\/www.360antiviruspro.com\/fr\/?s={search_term_string}"},"query-input":{"@type":"PropertyValueSpecification","valueRequired":true,"valueName":"search_term_string"}}],"inLanguage":"fr-FR"}]}},"_links":{"self":[{"href":"https:\/\/www.360antiviruspro.com\/fr\/wp-json\/wp\/v2\/pages\/19671","targetHints":{"allow":["GET"]}}],"collection":[{"href":"https:\/\/www.360antiviruspro.com\/fr\/wp-json\/wp\/v2\/pages"}],"about":[{"href":"https:\/\/www.360antiviruspro.com\/fr\/wp-json\/wp\/v2\/types\/page"}],"author":[{"embeddable":true,"href":"https:\/\/www.360antiviruspro.com\/fr\/wp-json\/wp\/v2\/users\/1"}],"replies":[{"embeddable":true,"href":"https:\/\/www.360antiviruspro.com\/fr\/wp-json\/wp\/v2\/comments?post=19671"}],"version-history":[{"count":9,"href":"https:\/\/www.360antiviruspro.com\/fr\/wp-json\/wp\/v2\/pages\/19671\/revisions"}],"predecessor-version":[{"id":28059,"href":"https:\/\/www.360antiviruspro.com\/fr\/wp-json\/wp\/v2\/pages\/19671\/revisions\/28059"}],"wp:attachment":[{"href":"https:\/\/www.360antiviruspro.com\/fr\/wp-json\/wp\/v2\/media?parent=19671"}],"curies":[{"name":"wp","href":"https:\/\/api.w.org\/{rel}","templated":true}]}}