{"id":19853,"date":"2024-02-07T10:52:03","date_gmt":"2024-02-07T05:22:03","guid":{"rendered":"https:\/\/www.360antiviruspro.com\/droits-dauteur-et-marques-de-tiers"},"modified":"2024-08-30T16:56:11","modified_gmt":"2024-08-30T11:26:11","slug":"droits-dauteur-et-marques-de-tiers","status":"publish","type":"page","link":"https:\/\/www.360antiviruspro.com\/fr\/droits-dauteur-et-marques-de-tiers","title":{"rendered":"Droits d&rsquo;auteur et marques de tiers"},"content":{"rendered":"\t\t<div data-elementor-type=\"wp-page\" data-elementor-id=\"19853\" class=\"elementor elementor-19853 elementor-8271\" data-elementor-post-type=\"page\">\n\t\t\t\t<div class=\"elementor-element elementor-element-ab3094f e-flex e-con-boxed e-con e-parent\" data-id=\"ab3094f\" data-element_type=\"container\" data-e-type=\"container\" data-settings=\"{&quot;background_background&quot;:&quot;classic&quot;}\">\n\t\t\t\t\t<div class=\"e-con-inner\">\n\t\t<div class=\"elementor-element elementor-element-7693fd2 e-con-full e-flex e-con e-child\" data-id=\"7693fd2\" data-element_type=\"container\" data-e-type=\"container\">\n\t\t\t\t<div class=\"elementor-element elementor-element-376827d elementor-widget elementor-widget-heading\" data-id=\"376827d\" data-element_type=\"widget\" data-e-type=\"widget\" data-widget_type=\"heading.default\">\n\t\t\t\t<div class=\"elementor-widget-container\">\n\t\t\t\t\t<h1 class=\"elementor-heading-title elementor-size-default\">Droits d&rsquo;auteur et marques de tiers<\/h1>\t\t\t\t<\/div>\n\t\t\t\t<\/div>\n\t\t\t\t<div class=\"elementor-element elementor-element-6fa44e5 elementor-icon-list--layout-inline elementor-align-center elementor-list-item-link-full_width elementor-widget elementor-widget-icon-list\" data-id=\"6fa44e5\" data-element_type=\"widget\" data-e-type=\"widget\" data-widget_type=\"icon-list.default\">\n\t\t\t\t<div class=\"elementor-widget-container\">\n\t\t\t\t\t\t\t<ul class=\"elementor-icon-list-items elementor-inline-items\">\n\t\t\t\t\t\t\t<li class=\"elementor-icon-list-item elementor-inline-item\">\n\t\t\t\t\t\t\t\t\t\t\t<a href=\"https:\/\/www.360antiviruspro.com\/fr\">\n\n\t\t\t\t\t\t\t\t\t\t\t<span class=\"elementor-icon-list-text\">Accueil<\/span>\n\t\t\t\t\t\t\t\t\t\t\t<\/a>\n\t\t\t\t\t\t\t\t\t<\/li>\n\t\t\t\t\t\t\t\t<li class=\"elementor-icon-list-item elementor-inline-item\">\n\t\t\t\t\t\t\t\t\t\t\t<span class=\"elementor-icon-list-icon\">\n\t\t\t\t\t\t\t<svg aria-hidden=\"true\" class=\"e-font-icon-svg e-fas-chevron-right\" viewBox=\"0 0 320 512\" xmlns=\"http:\/\/www.w3.org\/2000\/svg\"><path d=\"M285.476 272.971L91.132 467.314c-9.373 9.373-24.569 9.373-33.941 0l-22.667-22.667c-9.357-9.357-9.375-24.522-.04-33.901L188.505 256 34.484 101.255c-9.335-9.379-9.317-24.544.04-33.901l22.667-22.667c9.373-9.373 24.569-9.373 33.941 0L285.475 239.03c9.373 9.372 9.373 24.568.001 33.941z\"><\/path><\/svg>\t\t\t\t\t\t<\/span>\n\t\t\t\t\t\t\t\t\t\t<span class=\"elementor-icon-list-text\">Droits d&rsquo;auteur et marques de tiers<\/span>\n\t\t\t\t\t\t\t\t\t<\/li>\n\t\t\t\t\t\t<\/ul>\n\t\t\t\t\t\t<\/div>\n\t\t\t\t<\/div>\n\t\t\t\t<\/div>\n\t\t\t\t\t<\/div>\n\t\t\t\t<\/div>\n\t\t<div class=\"elementor-element elementor-element-0cea753 e-flex e-con-boxed elementor-invisible e-con e-parent\" data-id=\"0cea753\" data-element_type=\"container\" data-e-type=\"container\" data-settings=\"{&quot;animation&quot;:&quot;fadeInUp&quot;}\">\n\t\t\t\t\t<div class=\"e-con-inner\">\n\t\t\t\t<div class=\"elementor-element elementor-element-4dec4bb elementor-widget elementor-widget-text-editor\" data-id=\"4dec4bb\" data-element_type=\"widget\" data-e-type=\"widget\" data-widget_type=\"text-editor.default\">\n\t\t\t\t<div class=\"elementor-widget-container\">\n\t\t\t\t\t\t\t\t\t<p>Cet avertissement a pour but de vous informer que nous respectons les droits de propri\u00e9t\u00e9 intellectuelle des autres. Nous faisons de notre mieux pour respecter les lois sur le droit d&rsquo;auteur et les marques d\u00e9pos\u00e9es applicables. Par cons\u00e9quent, nous proclamons que toutes les marques d\u00e9pos\u00e9es, symboles, logos, noms de marque, images et autres \u00e9l\u00e9ments affich\u00e9s, r\u00e9f\u00e9renc\u00e9s et mentionn\u00e9s sur notre site web sont la propri\u00e9t\u00e9 de leurs propri\u00e9taires respectifs. Si quelqu&rsquo;un pense qu&rsquo;il y a une erreur, un probl\u00e8me ou une divergence concernant les droits de propri\u00e9t\u00e9 ou l&rsquo;utilisation de contenu tiers sur notre site web, il peut nous contacter et nous en informer. Nous allons rectifier les divergences et r\u00e9soudre les probl\u00e8mes en cons\u00e9quence.     <\/p>\n\t\t\t\t\t\t\t\t<\/div>\n\t\t\t\t<\/div>\n\t\t\t\t\t<\/div>\n\t\t\t\t<\/div>\n\t\t\t\t<\/div>\n\t\t","protected":false},"excerpt":{"rendered":"<p>Accueil Cet avertissement a pour but de vous informer que nous respectons les droits de propri\u00e9t\u00e9 intellectuelle des autres. Nous faisons de notre mieux pour respecter les lois sur le droit d&rsquo;auteur et les marques d\u00e9pos\u00e9es applicables. Par cons\u00e9quent, nous proclamons que toutes les marques d\u00e9pos\u00e9es, symboles, logos, noms de marque, images et autres \u00e9l\u00e9ments [&hellip;]<\/p>\n","protected":false},"author":1,"featured_media":0,"parent":0,"menu_order":0,"comment_status":"closed","ping_status":"closed","template":"elementor_header_footer","meta":{"_acf_changed":false,"footnotes":""},"class_list":["post-19853","page","type-page","status-publish","hentry"],"acf":[],"yoast_head":"<!-- This site is optimized with the Yoast SEO plugin v27.3 - https:\/\/yoast.com\/product\/yoast-seo-wordpress\/ -->\n<title>Marques et droits d&#039;auteur de tiers - 360 Antivirus Pro<\/title>\n<meta name=\"description\" content=\"Respectez la propri\u00e9t\u00e9 des marques. Nous reconnaissons que toutes les marques d\u00e9pos\u00e9es et droits d&#039;auteur des tiers sont des biens pr\u00e9cieux de leurs propri\u00e9taires respectifs.\" \/>\n<meta name=\"robots\" content=\"index, follow, max-snippet:-1, max-image-preview:large, max-video-preview:-1\" \/>\n<link rel=\"canonical\" href=\"https:\/\/www.360antiviruspro.com\/fr\/droits-dauteur-et-marques-de-tiers\" \/>\n<meta property=\"og:locale\" content=\"fr_FR\" \/>\n<meta property=\"og:type\" content=\"article\" \/>\n<meta property=\"og:title\" content=\"Marques et droits d&#039;auteur de tiers - 360 Antivirus Pro\" \/>\n<meta property=\"og:description\" content=\"Respectez la propri\u00e9t\u00e9 des marques. Nous reconnaissons que toutes les marques d\u00e9pos\u00e9es et droits d&#039;auteur des tiers sont des biens pr\u00e9cieux de leurs propri\u00e9taires respectifs.\" \/>\n<meta property=\"og:url\" content=\"https:\/\/www.360antiviruspro.com\/fr\/droits-dauteur-et-marques-de-tiers\" \/>\n<meta property=\"og:site_name\" content=\"360 Antivirus Pro\" \/>\n<meta property=\"article:modified_time\" content=\"2024-08-30T11:26:11+00:00\" \/>\n<meta name=\"twitter:card\" content=\"summary_large_image\" \/>\n<meta name=\"twitter:label1\" content=\"Dur\u00e9e de lecture estim\u00e9e\" \/>\n\t<meta name=\"twitter:data1\" content=\"1 minute\" \/>\n<script type=\"application\/ld+json\" class=\"yoast-schema-graph\">{\"@context\":\"https:\\\/\\\/schema.org\",\"@graph\":[{\"@type\":\"WebPage\",\"@id\":\"https:\\\/\\\/www.360antiviruspro.com\\\/fr\\\/droits-dauteur-et-marques-de-tiers\",\"url\":\"https:\\\/\\\/www.360antiviruspro.com\\\/fr\\\/droits-dauteur-et-marques-de-tiers\",\"name\":\"Marques et droits d'auteur de tiers - 360 Antivirus Pro\",\"isPartOf\":{\"@id\":\"https:\\\/\\\/www.360antiviruspro.com\\\/fr\\\/#website\"},\"datePublished\":\"2024-02-07T05:22:03+00:00\",\"dateModified\":\"2024-08-30T11:26:11+00:00\",\"description\":\"Respectez la propri\u00e9t\u00e9 des marques. Nous reconnaissons que toutes les marques d\u00e9pos\u00e9es et droits d'auteur des tiers sont des biens pr\u00e9cieux de leurs propri\u00e9taires respectifs.\",\"breadcrumb\":{\"@id\":\"https:\\\/\\\/www.360antiviruspro.com\\\/fr\\\/droits-dauteur-et-marques-de-tiers#breadcrumb\"},\"inLanguage\":\"fr-FR\",\"potentialAction\":[{\"@type\":\"ReadAction\",\"target\":[\"https:\\\/\\\/www.360antiviruspro.com\\\/fr\\\/droits-dauteur-et-marques-de-tiers\"]}]},{\"@type\":\"BreadcrumbList\",\"@id\":\"https:\\\/\\\/www.360antiviruspro.com\\\/fr\\\/droits-dauteur-et-marques-de-tiers#breadcrumb\",\"itemListElement\":[{\"@type\":\"ListItem\",\"position\":1,\"name\":\"Home\",\"item\":\"https:\\\/\\\/www.360antiviruspro.com\\\/\"},{\"@type\":\"ListItem\",\"position\":2,\"name\":\"Droits d&#8217;auteur et marques de tiers\"}]},{\"@type\":\"WebSite\",\"@id\":\"https:\\\/\\\/www.360antiviruspro.com\\\/fr\\\/#website\",\"url\":\"https:\\\/\\\/www.360antiviruspro.com\\\/fr\\\/\",\"name\":\"360 Antivirus Pro\",\"description\":\"Leaders in Antivirus Technology\",\"potentialAction\":[{\"@type\":\"SearchAction\",\"target\":{\"@type\":\"EntryPoint\",\"urlTemplate\":\"https:\\\/\\\/www.360antiviruspro.com\\\/fr\\\/?s={search_term_string}\"},\"query-input\":{\"@type\":\"PropertyValueSpecification\",\"valueRequired\":true,\"valueName\":\"search_term_string\"}}],\"inLanguage\":\"fr-FR\"}]}<\/script>\n<!-- \/ Yoast SEO plugin. -->","yoast_head_json":{"title":"Marques et droits d'auteur de tiers - 360 Antivirus Pro","description":"Respectez la propri\u00e9t\u00e9 des marques. Nous reconnaissons que toutes les marques d\u00e9pos\u00e9es et droits d'auteur des tiers sont des biens pr\u00e9cieux de leurs propri\u00e9taires respectifs.","robots":{"index":"index","follow":"follow","max-snippet":"max-snippet:-1","max-image-preview":"max-image-preview:large","max-video-preview":"max-video-preview:-1"},"canonical":"https:\/\/www.360antiviruspro.com\/fr\/droits-dauteur-et-marques-de-tiers","og_locale":"fr_FR","og_type":"article","og_title":"Marques et droits d'auteur de tiers - 360 Antivirus Pro","og_description":"Respectez la propri\u00e9t\u00e9 des marques. Nous reconnaissons que toutes les marques d\u00e9pos\u00e9es et droits d'auteur des tiers sont des biens pr\u00e9cieux de leurs propri\u00e9taires respectifs.","og_url":"https:\/\/www.360antiviruspro.com\/fr\/droits-dauteur-et-marques-de-tiers","og_site_name":"360 Antivirus Pro","article_modified_time":"2024-08-30T11:26:11+00:00","twitter_card":"summary_large_image","twitter_misc":{"Dur\u00e9e de lecture estim\u00e9e":"1 minute"},"schema":{"@context":"https:\/\/schema.org","@graph":[{"@type":"WebPage","@id":"https:\/\/www.360antiviruspro.com\/fr\/droits-dauteur-et-marques-de-tiers","url":"https:\/\/www.360antiviruspro.com\/fr\/droits-dauteur-et-marques-de-tiers","name":"Marques et droits d'auteur de tiers - 360 Antivirus Pro","isPartOf":{"@id":"https:\/\/www.360antiviruspro.com\/fr\/#website"},"datePublished":"2024-02-07T05:22:03+00:00","dateModified":"2024-08-30T11:26:11+00:00","description":"Respectez la propri\u00e9t\u00e9 des marques. Nous reconnaissons que toutes les marques d\u00e9pos\u00e9es et droits d'auteur des tiers sont des biens pr\u00e9cieux de leurs propri\u00e9taires respectifs.","breadcrumb":{"@id":"https:\/\/www.360antiviruspro.com\/fr\/droits-dauteur-et-marques-de-tiers#breadcrumb"},"inLanguage":"fr-FR","potentialAction":[{"@type":"ReadAction","target":["https:\/\/www.360antiviruspro.com\/fr\/droits-dauteur-et-marques-de-tiers"]}]},{"@type":"BreadcrumbList","@id":"https:\/\/www.360antiviruspro.com\/fr\/droits-dauteur-et-marques-de-tiers#breadcrumb","itemListElement":[{"@type":"ListItem","position":1,"name":"Home","item":"https:\/\/www.360antiviruspro.com\/"},{"@type":"ListItem","position":2,"name":"Droits d&#8217;auteur et marques de tiers"}]},{"@type":"WebSite","@id":"https:\/\/www.360antiviruspro.com\/fr\/#website","url":"https:\/\/www.360antiviruspro.com\/fr\/","name":"360 Antivirus Pro","description":"Leaders in Antivirus Technology","potentialAction":[{"@type":"SearchAction","target":{"@type":"EntryPoint","urlTemplate":"https:\/\/www.360antiviruspro.com\/fr\/?s={search_term_string}"},"query-input":{"@type":"PropertyValueSpecification","valueRequired":true,"valueName":"search_term_string"}}],"inLanguage":"fr-FR"}]}},"_links":{"self":[{"href":"https:\/\/www.360antiviruspro.com\/fr\/wp-json\/wp\/v2\/pages\/19853","targetHints":{"allow":["GET"]}}],"collection":[{"href":"https:\/\/www.360antiviruspro.com\/fr\/wp-json\/wp\/v2\/pages"}],"about":[{"href":"https:\/\/www.360antiviruspro.com\/fr\/wp-json\/wp\/v2\/types\/page"}],"author":[{"embeddable":true,"href":"https:\/\/www.360antiviruspro.com\/fr\/wp-json\/wp\/v2\/users\/1"}],"replies":[{"embeddable":true,"href":"https:\/\/www.360antiviruspro.com\/fr\/wp-json\/wp\/v2\/comments?post=19853"}],"version-history":[{"count":0,"href":"https:\/\/www.360antiviruspro.com\/fr\/wp-json\/wp\/v2\/pages\/19853\/revisions"}],"wp:attachment":[{"href":"https:\/\/www.360antiviruspro.com\/fr\/wp-json\/wp\/v2\/media?parent=19853"}],"curies":[{"name":"wp","href":"https:\/\/api.w.org\/{rel}","templated":true}]}}