{"id":20186,"date":"2023-06-26T08:15:35","date_gmt":"2023-06-26T02:45:35","guid":{"rendered":"https:\/\/www.360antiviruspro.com\/60-giorni-di-rimborso"},"modified":"2024-08-30T17:51:12","modified_gmt":"2024-08-30T12:21:12","slug":"60-giorni-di-rimborso","status":"publish","type":"page","link":"https:\/\/www.360antiviruspro.com\/it\/60-giorni-di-rimborso","title":{"rendered":"60 giorni di rimborso."},"content":{"rendered":"\t\t<div data-elementor-type=\"wp-page\" data-elementor-id=\"20186\" class=\"elementor elementor-20186 elementor-1363\" data-elementor-post-type=\"page\">\n\t\t\t\t\t\t<section class=\"elementor-section elementor-top-section elementor-element elementor-element-33013e8 elementor-section-height-min-height elementor-section-boxed elementor-section-height-default elementor-section-items-middle\" data-id=\"33013e8\" data-element_type=\"section\" data-e-type=\"section\" data-settings=\"{&quot;background_background&quot;:&quot;classic&quot;}\">\n\t\t\t\t\t\t\t<div class=\"elementor-background-overlay\"><\/div>\n\t\t\t\t\t\t\t<div class=\"elementor-container elementor-column-gap-default\">\n\t\t\t\t\t<div class=\"elementor-column elementor-col-100 elementor-top-column elementor-element elementor-element-9bbfc97\" data-id=\"9bbfc97\" data-element_type=\"column\" data-e-type=\"column\">\n\t\t\t<div class=\"elementor-widget-wrap elementor-element-populated\">\n\t\t\t\t\t\t<div class=\"elementor-element elementor-element-77007fb elementor-widget elementor-widget-heading\" data-id=\"77007fb\" data-element_type=\"widget\" data-e-type=\"widget\" data-widget_type=\"heading.default\">\n\t\t\t\t<div class=\"elementor-widget-container\">\n\t\t\t\t\t<h1 class=\"elementor-heading-title elementor-size-default\">Garanzia di rimborso di 60 giorni<\/h1>\t\t\t\t<\/div>\n\t\t\t\t<\/div>\n\t\t\t\t<div class=\"elementor-element elementor-element-1ea009e elementor-icon-list--layout-inline elementor-align-center elementor-mobile-align-center elementor-list-item-link-full_width elementor-widget elementor-widget-icon-list\" data-id=\"1ea009e\" data-element_type=\"widget\" data-e-type=\"widget\" data-widget_type=\"icon-list.default\">\n\t\t\t\t<div class=\"elementor-widget-container\">\n\t\t\t\t\t\t\t<ul class=\"elementor-icon-list-items elementor-inline-items\">\n\t\t\t\t\t\t\t<li class=\"elementor-icon-list-item elementor-inline-item\">\n\t\t\t\t\t\t\t\t\t\t\t<a href=\"https:\/\/360antiviruspro.com\/\/\">\n\n\t\t\t\t\t\t\t\t\t\t\t<span class=\"elementor-icon-list-text\">Casa<\/span>\n\t\t\t\t\t\t\t\t\t\t\t<\/a>\n\t\t\t\t\t\t\t\t\t<\/li>\n\t\t\t\t\t\t\t\t<li class=\"elementor-icon-list-item elementor-inline-item\">\n\t\t\t\t\t\t\t\t\t\t\t<span class=\"elementor-icon-list-icon\">\n\t\t\t\t\t\t\t<svg aria-hidden=\"true\" class=\"e-font-icon-svg e-fas-chevron-right\" viewBox=\"0 0 320 512\" xmlns=\"http:\/\/www.w3.org\/2000\/svg\"><path d=\"M285.476 272.971L91.132 467.314c-9.373 9.373-24.569 9.373-33.941 0l-22.667-22.667c-9.357-9.357-9.375-24.522-.04-33.901L188.505 256 34.484 101.255c-9.335-9.379-9.317-24.544.04-33.901l22.667-22.667c9.373-9.373 24.569-9.373 33.941 0L285.475 239.03c9.373 9.372 9.373 24.568.001 33.941z\"><\/path><\/svg>\t\t\t\t\t\t<\/span>\n\t\t\t\t\t\t\t\t\t\t<span class=\"elementor-icon-list-text\">Garanzia di rimborso di 60 giorni<\/span>\n\t\t\t\t\t\t\t\t\t<\/li>\n\t\t\t\t\t\t<\/ul>\n\t\t\t\t\t\t<\/div>\n\t\t\t\t<\/div>\n\t\t\t\t\t<\/div>\n\t\t<\/div>\n\t\t\t\t\t<\/div>\n\t\t<\/section>\n\t\t<div class=\"elementor-element elementor-element-21470dd e-flex e-con-boxed e-con e-parent\" data-id=\"21470dd\" data-element_type=\"container\" data-e-type=\"container\">\n\t\t\t\t\t<div class=\"e-con-inner\">\n\t\t<div class=\"elementor-element elementor-element-71046f6 e-con-full e-flex e-con e-child\" data-id=\"71046f6\" data-element_type=\"container\" data-e-type=\"container\">\n\t\t\t\t<div class=\"elementor-element elementor-element-d73f201 elementor-widget elementor-widget-heading\" data-id=\"d73f201\" data-element_type=\"widget\" data-e-type=\"widget\" data-widget_type=\"heading.default\">\n\t\t\t\t<div class=\"elementor-widget-container\">\n\t\t\t\t\t<h2 class=\"elementor-heading-title elementor-size-default\"><q>Garanzia di rimborso al 100% per 60 giorni: La tua protezione, la nostra promessa.<\/q><\/h2>\t\t\t\t<\/div>\n\t\t\t\t<\/div>\n\t\t\t\t<div class=\"elementor-element elementor-element-15481f3 elementor-widget elementor-widget-text-editor\" data-id=\"15481f3\" data-element_type=\"widget\" data-e-type=\"widget\" data-widget_type=\"text-editor.default\">\n\t\t\t\t<div class=\"elementor-widget-container\">\n\t\t\t\t\t\t\t\t\t<p>360 Antivirus Pro si attiene a principi aziendali etici per soddisfare le esigenze dei clienti e offrire un&#8217;esperienza cliente eccezionale. Siamo certi che il nostro software antivirus sia impeccabile nel design e nelle funzionalit\u00e0 quando si tratta di combattere le minacce malware. La tua tranquillit\u00e0 e sicurezza sono la nostra priorit\u00e0, e utilizziamo ogni mezzo per garantire la completa soddisfazione. Ecco perch\u00e9 offriamo una garanzia di rimborso di 60 giorni su ogni acquisto.   <\/p>\n\t\t\t\t\t\t\t\t<\/div>\n\t\t\t\t<\/div>\n\t\t\t\t<div class=\"elementor-element elementor-element-2c206d6 elementor-mobile-align-center elementor-widget elementor-widget-button\" data-id=\"2c206d6\" data-element_type=\"widget\" data-e-type=\"widget\" data-widget_type=\"button.default\">\n\t\t\t\t<div class=\"elementor-widget-container\">\n\t\t\t\t\t\t\t\t\t<div class=\"elementor-button-wrapper\">\n\t\t\t\t\t<a class=\"elementor-button elementor-button-link elementor-size-sm elementor-animation-float\" href=\"#elementor-action%3Aaction%3Dpopup%3Aopen%26settings%3DeyJpZCI6MjM1NiwidG9nZ2xlIjpmYWxzZX0%3D\">\n\t\t\t\t\t\t<span class=\"elementor-button-content-wrapper\">\n\t\t\t\t\t\t<span class=\"elementor-button-icon\">\n\t\t\t\t<svg aria-hidden=\"true\" class=\"e-font-icon-svg e-fab-windows\" viewBox=\"0 0 448 512\" xmlns=\"http:\/\/www.w3.org\/2000\/svg\"><path d=\"M0 93.7l183.6-25.3v177.4H0V93.7zm0 324.6l183.6 25.3V268.4H0v149.9zm203.8 28L448 480V268.4H203.8v177.9zm0-380.6v180.1H448V32L203.8 65.7z\"><\/path><\/svg>\t\t\t<\/span>\n\t\t\t\t\t\t\t\t\t<span class=\"elementor-button-text\">Scarica 360 Antivirus Pro GRATIS<\/span>\n\t\t\t\t\t<\/span>\n\t\t\t\t\t<\/a>\n\t\t\t\t<\/div>\n\t\t\t\t\t\t\t\t<\/div>\n\t\t\t\t<\/div>\n\t\t\t\t<\/div>\n\t\t<div class=\"elementor-element elementor-element-8cae47b e-con-full e-flex e-con e-child\" data-id=\"8cae47b\" data-element_type=\"container\" data-e-type=\"container\">\n\t\t\t\t<div class=\"elementor-element elementor-element-7b3a26d elementor-widget elementor-widget-image\" data-id=\"7b3a26d\" data-element_type=\"widget\" data-e-type=\"widget\" data-widget_type=\"image.default\">\n\t\t\t\t<div class=\"elementor-widget-container\">\n\t\t\t\t\t\t\t\t\t\t\t\t\t\t\t<img fetchpriority=\"high\" decoding=\"async\" width=\"329\" height=\"340\" src=\"https:\/\/www.360antiviruspro.com\/wp-content\/uploads\/2024\/02\/money-back-1.png\" class=\"attachment-full size-full wp-image-20187\" alt=\"\" srcset=\"https:\/\/www.360antiviruspro.com\/wp-content\/uploads\/2024\/02\/money-back-1.png 329w, https:\/\/www.360antiviruspro.com\/wp-content\/uploads\/2024\/02\/money-back-1-290x300.png 290w\" sizes=\"(max-width: 329px) 100vw, 329px\" \/>\t\t\t\t\t\t\t\t\t\t\t\t\t\t\t<\/div>\n\t\t\t\t<\/div>\n\t\t\t\t<\/div>\n\t\t\t\t\t<\/div>\n\t\t\t\t<\/div>\n\t\t\t\t<section class=\"elementor-section elementor-top-section elementor-element elementor-element-b482ac4 elementor-section-boxed elementor-section-height-default elementor-section-height-default\" data-id=\"b482ac4\" data-element_type=\"section\" data-e-type=\"section\">\n\t\t\t\t\t\t<div class=\"elementor-container elementor-column-gap-default\">\n\t\t\t\t\t<div class=\"elementor-column elementor-col-100 elementor-top-column elementor-element elementor-element-ea066c2\" data-id=\"ea066c2\" data-element_type=\"column\" data-e-type=\"column\">\n\t\t\t<div class=\"elementor-widget-wrap elementor-element-populated\">\n\t\t\t\t\t\t<div class=\"elementor-element elementor-element-0132fd4 elementor-widget elementor-widget-heading\" data-id=\"0132fd4\" data-element_type=\"widget\" data-e-type=\"widget\" data-widget_type=\"heading.default\">\n\t\t\t\t<div class=\"elementor-widget-container\">\n\t\t\t\t\t<h2 class=\"elementor-heading-title elementor-size-default\">Come funziona?<\/h2>\t\t\t\t<\/div>\n\t\t\t\t<\/div>\n\t\t\t\t<div class=\"elementor-element elementor-element-6dff0e6 elementor-widget elementor-widget-text-editor\" data-id=\"6dff0e6\" data-element_type=\"widget\" data-e-type=\"widget\" data-widget_type=\"text-editor.default\">\n\t\t\t\t<div class=\"elementor-widget-container\">\n\t\t\t\t\t\t\t\t\t<p>Ecco il semplice processo! Ti offriamo una prova gratuita di sette giorni del nostro <a href=\"\">software di protezione per PC Windows<\/a>. Durante questo periodo, puoi valutare e sperimentare le caratteristiche, le funzioni e l&#8217;efficacia del software. Una volta scaduto il tuo periodo di prova gratuito di sette giorni, dovrai passare alla versione a pagamento del programma. Con la versione a pagamento, potrai godere di tutte le funzionalit\u00e0 premium di sicurezza e scansione dei virus. Se, per qualsiasi motivo, non sei soddisfatto del tuo acquisto entro 60 giorni, puoi richiedere un rimborso completo del prezzo di acquisto. Per farlo, puoi contattare i nostri <a href=\"\">servizi di assistenza clienti<\/a>. Ascolteranno le tue richieste e elaboreranno la tua richiesta di rimborso per l&#8217;acquisto. Dopo questo, ti verr\u00e0 restituito il tuo denaro.         Vogliamo che tu possa sperimentare il pieno potenziale delle nostre soluzioni di sistema avanzate con totale tranquillit\u00e0.<\/p>\n\t\t\t\t\t\t\t\t<\/div>\n\t\t\t\t<\/div>\n\t\t\t\t<div class=\"elementor-element elementor-element-a7a10d1 elementor-widget elementor-widget-heading\" data-id=\"a7a10d1\" data-element_type=\"widget\" data-e-type=\"widget\" data-widget_type=\"heading.default\">\n\t\t\t\t<div class=\"elementor-widget-container\">\n\t\t\t\t\t<h3 class=\"elementor-heading-title elementor-size-default\">Ecco come funziona il nostro rimborso:<\/h3>\t\t\t\t<\/div>\n\t\t\t\t<\/div>\n\t\t\t\t<div class=\"elementor-element elementor-element-7708398 elementor-icon-list--layout-traditional elementor-list-item-link-full_width elementor-widget elementor-widget-icon-list\" data-id=\"7708398\" data-element_type=\"widget\" data-e-type=\"widget\" data-widget_type=\"icon-list.default\">\n\t\t\t\t<div class=\"elementor-widget-container\">\n\t\t\t\t\t\t\t<ul class=\"elementor-icon-list-items\">\n\t\t\t\t\t\t\t<li class=\"elementor-icon-list-item\">\n\t\t\t\t\t\t\t\t\t\t\t<span class=\"elementor-icon-list-icon\">\n\t\t\t\t\t\t\t<svg aria-hidden=\"true\" class=\"e-font-icon-svg e-fas-check\" viewBox=\"0 0 512 512\" xmlns=\"http:\/\/www.w3.org\/2000\/svg\"><path d=\"M173.898 439.404l-166.4-166.4c-9.997-9.997-9.997-26.206 0-36.204l36.203-36.204c9.997-9.998 26.207-9.998 36.204 0L192 312.69 432.095 72.596c9.997-9.997 26.207-9.997 36.204 0l36.203 36.204c9.997 9.997 9.997 26.206 0 36.204l-294.4 294.401c-9.998 9.997-26.207 9.997-36.204-.001z\"><\/path><\/svg>\t\t\t\t\t\t<\/span>\n\t\t\t\t\t\t\t\t\t\t<span class=\"elementor-icon-list-text\"> <b>Rimborsi immediati<\/b>: In caso di insoddisfazione per le prestazioni del nostro prodotto entro 60 giorni, contatta semplicemente il nostro servizio clienti. Elaboreremo il rimborso del tuo acquisto in modo semplice e senza alcun ritardo. <\/span>\n\t\t\t\t\t\t\t\t\t<\/li>\n\t\t\t\t\t\t\t\t<li class=\"elementor-icon-list-item\">\n\t\t\t\t\t\t\t\t\t\t\t<span class=\"elementor-icon-list-icon\">\n\t\t\t\t\t\t\t<svg aria-hidden=\"true\" class=\"e-font-icon-svg e-fas-check\" viewBox=\"0 0 512 512\" xmlns=\"http:\/\/www.w3.org\/2000\/svg\"><path d=\"M173.898 439.404l-166.4-166.4c-9.997-9.997-9.997-26.206 0-36.204l36.203-36.204c9.997-9.998 26.207-9.998 36.204 0L192 312.69 432.095 72.596c9.997-9.997 26.207-9.997 36.204 0l36.203 36.204c9.997 9.997 9.997 26.206 0 36.204l-294.4 294.401c-9.998 9.997-26.207 9.997-36.204-.001z\"><\/path><\/svg>\t\t\t\t\t\t<\/span>\n\t\t\t\t\t\t\t\t\t\t<span class=\"elementor-icon-list-text\"><b>Cliente al centro<\/b>: in grassettoLa tua soddisfazione \u00e8 la nostra priorit\u00e0 e sosteniamo i nostri prodotti con una promessa di rimborso. Il nostro obiettivo \u00e8 offrirti la migliore sicurezza e servizio in ogni fase. <\/span>\n\t\t\t\t\t\t\t\t\t<\/li>\n\t\t\t\t\t\t<\/ul>\n\t\t\t\t\t\t<\/div>\n\t\t\t\t<\/div>\n\t\t\t\t<div class=\"elementor-element elementor-element-5410380 elementor-widget elementor-widget-heading\" data-id=\"5410380\" data-element_type=\"widget\" data-e-type=\"widget\" data-widget_type=\"heading.default\">\n\t\t\t\t<div class=\"elementor-widget-container\">\n\t\t\t\t\t<h2 class=\"elementor-heading-title elementor-size-default\">60 Giorni Per Decidere: La Tua Soddisfazione, La Nostra Missione<\/h2>\t\t\t\t<\/div>\n\t\t\t\t<\/div>\n\t\t\t\t<div class=\"elementor-element elementor-element-6799d3d elementor-widget elementor-widget-text-editor\" data-id=\"6799d3d\" data-element_type=\"widget\" data-e-type=\"widget\" data-widget_type=\"text-editor.default\">\n\t\t\t\t<div class=\"elementor-widget-container\">\n\t\t\t\t\t\t\t\t\t<p>Nessuna pi\u00f9 incertezze sulla scelta giusta. <a href=\"https:\/\/www.360antiviruspro.com\/it\">software antivirus per computer<\/a> \u2013 approfitta della prova gratuita e valuta come il nostro antimalware possa soddisfare precisamente le tue esigenze di sicurezza. Provalo senza rischi e unisciti ai ranghi degli utenti soddisfatti che hanno trovato tranquillit\u00e0 nelle loro attivit\u00e0 online. Sfrutta al massimo questa opportunit\u00e0 e potenzia le tue difese digitali con il nostro affidabile e avanzato difensore per PC. Prendi il controllo della tua vita digitale a partire da oggi!   <\/p>\n\t\t\t\t\t\t\t\t<\/div>\n\t\t\t\t<\/div>\n\t\t\t\t<div class=\"elementor-element elementor-element-419a366 elementor-widget elementor-widget-heading\" data-id=\"419a366\" data-element_type=\"widget\" data-e-type=\"widget\" data-widget_type=\"heading.default\">\n\t\t\t\t<div class=\"elementor-widget-container\">\n\t\t\t\t\t<h3 class=\"elementor-heading-title elementor-size-default\">Investi nell'eccellenza della cybersecurity senza alcun rischio.<\/h3>\t\t\t\t<\/div>\n\t\t\t\t<\/div>\n\t\t\t\t<div class=\"elementor-element elementor-element-44ae9e6 elementor-widget elementor-widget-text-editor\" data-id=\"44ae9e6\" data-element_type=\"widget\" data-e-type=\"widget\" data-widget_type=\"text-editor.default\">\n\t\t\t\t<div class=\"elementor-widget-container\">\n\t\t\t\t\t\t\t\t\t<p>Siamo il vostro partner affidabile nella fornitura di soluzioni antimalware senza rischi. Equipiamo il tuo mondo digitale con un&#8217;immunit\u00e0 proattiva contro attacchi informatici ostili. Con la nostra promessa di rimborso, vogliamo che tu ti senta sicuro nella tua decisione di scegliere il software di sicurezza Windows di nuova generazione, affidabile e completo, come la tua soluzione di cybersicurezza. Pertanto, scegli la difesa che resiste alla prova senza esitazione!   <\/p>\n\t\t\t\t\t\t\t\t<\/div>\n\t\t\t\t<\/div>\n\t\t\t\t\t<\/div>\n\t\t<\/div>\n\t\t\t\t\t<\/div>\n\t\t<\/section>\n\t\t<div class=\"elementor-element elementor-element-00fe6d6 e-flex e-con-boxed e-con e-parent\" data-id=\"00fe6d6\" data-element_type=\"container\" data-e-type=\"container\">\n\t\t\t\t\t<div class=\"e-con-inner\">\n\t\t\t\t<div class=\"elementor-element elementor-element-2d86823 elementor-widget elementor-widget-button\" data-id=\"2d86823\" data-element_type=\"widget\" data-e-type=\"widget\" data-widget_type=\"button.default\">\n\t\t\t\t<div class=\"elementor-widget-container\">\n\t\t\t\t\t\t\t\t\t<div class=\"elementor-button-wrapper\">\n\t\t\t\t\t<a class=\"elementor-button elementor-button-link elementor-size-sm elementor-animation-float\" href=\"#elementor-action%3Aaction%3Dpopup%3Aopen%26settings%3DeyJpZCI6MjM1NiwidG9nZ2xlIjpmYWxzZX0%3D\">\n\t\t\t\t\t\t<span class=\"elementor-button-content-wrapper\">\n\t\t\t\t\t\t<span class=\"elementor-button-icon\">\n\t\t\t\t<svg aria-hidden=\"true\" class=\"e-font-icon-svg e-fab-windows\" viewBox=\"0 0 448 512\" xmlns=\"http:\/\/www.w3.org\/2000\/svg\"><path d=\"M0 93.7l183.6-25.3v177.4H0V93.7zm0 324.6l183.6 25.3V268.4H0v149.9zm203.8 28L448 480V268.4H203.8v177.9zm0-380.6v180.1H448V32L203.8 65.7z\"><\/path><\/svg>\t\t\t<\/span>\n\t\t\t\t\t\t\t\t\t<span class=\"elementor-button-text\">Scarica 360 Antivirus Pro GRATIS<\/span>\n\t\t\t\t\t<\/span>\n\t\t\t\t\t<\/a>\n\t\t\t\t<\/div>\n\t\t\t\t\t\t\t\t<\/div>\n\t\t\t\t<\/div>\n\t\t\t\t\t<\/div>\n\t\t\t\t<\/div>\n\t\t\t\t<\/div>\n\t\t","protected":false},"excerpt":{"rendered":"<p>Garanzia di rimborso di 60 giorni Casa Garanzia di rimborso di 60 giorni Garanzia di rimborso al 100% per 60 giorni: La tua protezione, la nostra promessa. 360 Antivirus Pro si attiene a principi aziendali etici per soddisfare le esigenze dei clienti e offrire un&#8217;esperienza cliente eccezionale. Siamo certi che il nostro software antivirus sia [&hellip;]<\/p>\n","protected":false},"author":1,"featured_media":0,"parent":0,"menu_order":0,"comment_status":"closed","ping_status":"closed","template":"elementor_header_footer","meta":{"_acf_changed":false,"footnotes":""},"class_list":["post-20186","page","type-page","status-publish","hentry"],"acf":[],"yoast_head":"<!-- This site is optimized with the Yoast SEO plugin v27.3 - https:\/\/yoast.com\/product\/yoast-seo-wordpress\/ -->\n<title>Garanzia di rimborso di 60 giorni - 360 Antivirus Pro<\/title>\n<meta name=\"description\" content=\"La tua soddisfazione \u00e8 la nostra massima priorit\u00e0. Siamo fiduciosi nella qualit\u00e0 del nostro prodotto, 360 Antivirus Pro, con una garanzia di rimborso di 60 giorni. Acquisto senza rischi!\" \/>\n<meta name=\"robots\" content=\"index, follow, max-snippet:-1, max-image-preview:large, max-video-preview:-1\" \/>\n<link rel=\"canonical\" href=\"https:\/\/www.360antiviruspro.com\/it\/60-giorni-di-rimborso\" \/>\n<meta property=\"og:locale\" content=\"it_IT\" \/>\n<meta property=\"og:type\" content=\"article\" \/>\n<meta property=\"og:title\" content=\"Garanzia di rimborso di 60 giorni - 360 Antivirus Pro\" \/>\n<meta property=\"og:description\" content=\"La tua soddisfazione \u00e8 la nostra massima priorit\u00e0. Siamo fiduciosi nella qualit\u00e0 del nostro prodotto, 360 Antivirus Pro, con una garanzia di rimborso di 60 giorni. Acquisto senza rischi!\" \/>\n<meta property=\"og:url\" content=\"https:\/\/www.360antiviruspro.com\/it\/60-giorni-di-rimborso\" \/>\n<meta property=\"og:site_name\" content=\"360 Antivirus Pro\" \/>\n<meta property=\"article:modified_time\" content=\"2024-08-30T12:21:12+00:00\" \/>\n<meta property=\"og:image\" content=\"https:\/\/www.360antiviruspro.com\/wp-content\/uploads\/2024\/02\/money-back-1.png\" \/>\n<meta name=\"twitter:card\" content=\"summary_large_image\" \/>\n<meta name=\"twitter:label1\" content=\"Tempo di lettura stimato\" \/>\n\t<meta name=\"twitter:data1\" content=\"2 minuti\" \/>\n<script type=\"application\/ld+json\" class=\"yoast-schema-graph\">{\"@context\":\"https:\\\/\\\/schema.org\",\"@graph\":[{\"@type\":\"WebPage\",\"@id\":\"https:\\\/\\\/www.360antiviruspro.com\\\/it\\\/60-giorni-di-rimborso\",\"url\":\"https:\\\/\\\/www.360antiviruspro.com\\\/it\\\/60-giorni-di-rimborso\",\"name\":\"Garanzia di rimborso di 60 giorni - 360 Antivirus Pro\",\"isPartOf\":{\"@id\":\"https:\\\/\\\/www.360antiviruspro.com\\\/it\\\/#website\"},\"primaryImageOfPage\":{\"@id\":\"https:\\\/\\\/www.360antiviruspro.com\\\/it\\\/60-giorni-di-rimborso#primaryimage\"},\"image\":{\"@id\":\"https:\\\/\\\/www.360antiviruspro.com\\\/it\\\/60-giorni-di-rimborso#primaryimage\"},\"thumbnailUrl\":\"https:\\\/\\\/www.360antiviruspro.com\\\/wp-content\\\/uploads\\\/2024\\\/02\\\/money-back-1.png\",\"datePublished\":\"2023-06-26T02:45:35+00:00\",\"dateModified\":\"2024-08-30T12:21:12+00:00\",\"description\":\"La tua soddisfazione \u00e8 la nostra massima priorit\u00e0. Siamo fiduciosi nella qualit\u00e0 del nostro prodotto, 360 Antivirus Pro, con una garanzia di rimborso di 60 giorni. Acquisto senza rischi!\",\"breadcrumb\":{\"@id\":\"https:\\\/\\\/www.360antiviruspro.com\\\/it\\\/60-giorni-di-rimborso#breadcrumb\"},\"inLanguage\":\"it-IT\",\"potentialAction\":[{\"@type\":\"ReadAction\",\"target\":[\"https:\\\/\\\/www.360antiviruspro.com\\\/it\\\/60-giorni-di-rimborso\"]}]},{\"@type\":\"ImageObject\",\"inLanguage\":\"it-IT\",\"@id\":\"https:\\\/\\\/www.360antiviruspro.com\\\/it\\\/60-giorni-di-rimborso#primaryimage\",\"url\":\"https:\\\/\\\/www.360antiviruspro.com\\\/wp-content\\\/uploads\\\/2024\\\/02\\\/money-back-1.png\",\"contentUrl\":\"https:\\\/\\\/www.360antiviruspro.com\\\/wp-content\\\/uploads\\\/2024\\\/02\\\/money-back-1.png\"},{\"@type\":\"BreadcrumbList\",\"@id\":\"https:\\\/\\\/www.360antiviruspro.com\\\/it\\\/60-giorni-di-rimborso#breadcrumb\",\"itemListElement\":[{\"@type\":\"ListItem\",\"position\":1,\"name\":\"Home\",\"item\":\"https:\\\/\\\/www.360antiviruspro.com\\\/\"},{\"@type\":\"ListItem\",\"position\":2,\"name\":\"60 giorni di rimborso.\"}]},{\"@type\":\"WebSite\",\"@id\":\"https:\\\/\\\/www.360antiviruspro.com\\\/it\\\/#website\",\"url\":\"https:\\\/\\\/www.360antiviruspro.com\\\/it\\\/\",\"name\":\"360 Antivirus Pro\",\"description\":\"Leaders in Antivirus Technology\",\"potentialAction\":[{\"@type\":\"SearchAction\",\"target\":{\"@type\":\"EntryPoint\",\"urlTemplate\":\"https:\\\/\\\/www.360antiviruspro.com\\\/it\\\/?s={search_term_string}\"},\"query-input\":{\"@type\":\"PropertyValueSpecification\",\"valueRequired\":true,\"valueName\":\"search_term_string\"}}],\"inLanguage\":\"it-IT\"}]}<\/script>\n<!-- \/ Yoast SEO plugin. -->","yoast_head_json":{"title":"Garanzia di rimborso di 60 giorni - 360 Antivirus Pro","description":"La tua soddisfazione \u00e8 la nostra massima priorit\u00e0. Siamo fiduciosi nella qualit\u00e0 del nostro prodotto, 360 Antivirus Pro, con una garanzia di rimborso di 60 giorni. Acquisto senza rischi!","robots":{"index":"index","follow":"follow","max-snippet":"max-snippet:-1","max-image-preview":"max-image-preview:large","max-video-preview":"max-video-preview:-1"},"canonical":"https:\/\/www.360antiviruspro.com\/it\/60-giorni-di-rimborso","og_locale":"it_IT","og_type":"article","og_title":"Garanzia di rimborso di 60 giorni - 360 Antivirus Pro","og_description":"La tua soddisfazione \u00e8 la nostra massima priorit\u00e0. Siamo fiduciosi nella qualit\u00e0 del nostro prodotto, 360 Antivirus Pro, con una garanzia di rimborso di 60 giorni. Acquisto senza rischi!","og_url":"https:\/\/www.360antiviruspro.com\/it\/60-giorni-di-rimborso","og_site_name":"360 Antivirus Pro","article_modified_time":"2024-08-30T12:21:12+00:00","og_image":[{"url":"https:\/\/www.360antiviruspro.com\/wp-content\/uploads\/2024\/02\/money-back-1.png","type":"","width":"","height":""}],"twitter_card":"summary_large_image","twitter_misc":{"Tempo di lettura stimato":"2 minuti"},"schema":{"@context":"https:\/\/schema.org","@graph":[{"@type":"WebPage","@id":"https:\/\/www.360antiviruspro.com\/it\/60-giorni-di-rimborso","url":"https:\/\/www.360antiviruspro.com\/it\/60-giorni-di-rimborso","name":"Garanzia di rimborso di 60 giorni - 360 Antivirus Pro","isPartOf":{"@id":"https:\/\/www.360antiviruspro.com\/it\/#website"},"primaryImageOfPage":{"@id":"https:\/\/www.360antiviruspro.com\/it\/60-giorni-di-rimborso#primaryimage"},"image":{"@id":"https:\/\/www.360antiviruspro.com\/it\/60-giorni-di-rimborso#primaryimage"},"thumbnailUrl":"https:\/\/www.360antiviruspro.com\/wp-content\/uploads\/2024\/02\/money-back-1.png","datePublished":"2023-06-26T02:45:35+00:00","dateModified":"2024-08-30T12:21:12+00:00","description":"La tua soddisfazione \u00e8 la nostra massima priorit\u00e0. Siamo fiduciosi nella qualit\u00e0 del nostro prodotto, 360 Antivirus Pro, con una garanzia di rimborso di 60 giorni. Acquisto senza rischi!","breadcrumb":{"@id":"https:\/\/www.360antiviruspro.com\/it\/60-giorni-di-rimborso#breadcrumb"},"inLanguage":"it-IT","potentialAction":[{"@type":"ReadAction","target":["https:\/\/www.360antiviruspro.com\/it\/60-giorni-di-rimborso"]}]},{"@type":"ImageObject","inLanguage":"it-IT","@id":"https:\/\/www.360antiviruspro.com\/it\/60-giorni-di-rimborso#primaryimage","url":"https:\/\/www.360antiviruspro.com\/wp-content\/uploads\/2024\/02\/money-back-1.png","contentUrl":"https:\/\/www.360antiviruspro.com\/wp-content\/uploads\/2024\/02\/money-back-1.png"},{"@type":"BreadcrumbList","@id":"https:\/\/www.360antiviruspro.com\/it\/60-giorni-di-rimborso#breadcrumb","itemListElement":[{"@type":"ListItem","position":1,"name":"Home","item":"https:\/\/www.360antiviruspro.com\/"},{"@type":"ListItem","position":2,"name":"60 giorni di rimborso."}]},{"@type":"WebSite","@id":"https:\/\/www.360antiviruspro.com\/it\/#website","url":"https:\/\/www.360antiviruspro.com\/it\/","name":"360 Antivirus Pro","description":"Leaders in Antivirus Technology","potentialAction":[{"@type":"SearchAction","target":{"@type":"EntryPoint","urlTemplate":"https:\/\/www.360antiviruspro.com\/it\/?s={search_term_string}"},"query-input":{"@type":"PropertyValueSpecification","valueRequired":true,"valueName":"search_term_string"}}],"inLanguage":"it-IT"}]}},"_links":{"self":[{"href":"https:\/\/www.360antiviruspro.com\/it\/wp-json\/wp\/v2\/pages\/20186","targetHints":{"allow":["GET"]}}],"collection":[{"href":"https:\/\/www.360antiviruspro.com\/it\/wp-json\/wp\/v2\/pages"}],"about":[{"href":"https:\/\/www.360antiviruspro.com\/it\/wp-json\/wp\/v2\/types\/page"}],"author":[{"embeddable":true,"href":"https:\/\/www.360antiviruspro.com\/it\/wp-json\/wp\/v2\/users\/1"}],"replies":[{"embeddable":true,"href":"https:\/\/www.360antiviruspro.com\/it\/wp-json\/wp\/v2\/comments?post=20186"}],"version-history":[{"count":0,"href":"https:\/\/www.360antiviruspro.com\/it\/wp-json\/wp\/v2\/pages\/20186\/revisions"}],"wp:attachment":[{"href":"https:\/\/www.360antiviruspro.com\/it\/wp-json\/wp\/v2\/media?parent=20186"}],"curies":[{"name":"wp","href":"https:\/\/api.w.org\/{rel}","templated":true}]}}