{"id":19625,"date":"2024-02-01T16:13:27","date_gmt":"2024-02-01T10:43:27","guid":{"rendered":"https:\/\/www.360antiviruspro.com\/technische-ondersteuning"},"modified":"2025-02-25T16:18:27","modified_gmt":"2025-02-25T10:48:27","slug":"technische-ondersteuning","status":"publish","type":"page","link":"https:\/\/www.360antiviruspro.com\/nl\/technische-ondersteuning","title":{"rendered":"Technische Ondersteuning"},"content":{"rendered":"\t\t<div data-elementor-type=\"wp-page\" data-elementor-id=\"19625\" class=\"elementor elementor-19625 elementor-7307\" data-elementor-post-type=\"page\">\n\t\t\t\t\t\t<section class=\"elementor-section elementor-top-section elementor-element elementor-element-fa464cb elementor-section-height-min-height elementor-section-boxed elementor-section-height-default elementor-section-items-middle\" data-id=\"fa464cb\" data-element_type=\"section\" data-e-type=\"section\" data-settings=\"{&quot;background_background&quot;:&quot;classic&quot;}\">\n\t\t\t\t\t\t\t<div class=\"elementor-background-overlay\"><\/div>\n\t\t\t\t\t\t\t<div class=\"elementor-container elementor-column-gap-default\">\n\t\t\t\t\t<div class=\"elementor-column elementor-col-100 elementor-top-column elementor-element elementor-element-64bd02b\" data-id=\"64bd02b\" data-element_type=\"column\" data-e-type=\"column\">\n\t\t\t<div class=\"elementor-widget-wrap elementor-element-populated\">\n\t\t\t\t\t\t<div class=\"elementor-element elementor-element-5240259 elementor-widget elementor-widget-heading\" data-id=\"5240259\" data-element_type=\"widget\" data-e-type=\"widget\" data-widget_type=\"heading.default\">\n\t\t\t\t<div class=\"elementor-widget-container\">\n\t\t\t\t\t<h1 class=\"elementor-heading-title elementor-size-default\">Technische Ondersteuning<\/h1>\t\t\t\t<\/div>\n\t\t\t\t<\/div>\n\t\t\t\t<div class=\"elementor-element elementor-element-b852069 elementor-icon-list--layout-inline elementor-align-center elementor-list-item-link-full_width elementor-widget elementor-widget-icon-list\" data-id=\"b852069\" data-element_type=\"widget\" data-e-type=\"widget\" data-widget_type=\"icon-list.default\">\n\t\t\t\t<div class=\"elementor-widget-container\">\n\t\t\t\t\t\t\t<ul class=\"elementor-icon-list-items elementor-inline-items\">\n\t\t\t\t\t\t\t<li class=\"elementor-icon-list-item elementor-inline-item\">\n\t\t\t\t\t\t\t\t\t\t\t<a href=\"https:\/\/www.360antiviruspro.com\/nl\">\n\n\t\t\t\t\t\t\t\t\t\t\t<span class=\"elementor-icon-list-text\"><span style=\"color:#fff\">Thuis<\/span><\/span>\n\t\t\t\t\t\t\t\t\t\t\t<\/a>\n\t\t\t\t\t\t\t\t\t<\/li>\n\t\t\t\t\t\t\t\t<li class=\"elementor-icon-list-item elementor-inline-item\">\n\t\t\t\t\t\t\t\t\t\t\t<a href=\"https:\/\/www.360antiviruspro.com\/nl\/unterstutzung\">\n\n\t\t\t\t\t\t\t\t\t\t\t\t<span class=\"elementor-icon-list-icon\">\n\t\t\t\t\t\t\t<svg aria-hidden=\"true\" class=\"e-font-icon-svg e-fas-chevron-right\" viewBox=\"0 0 320 512\" xmlns=\"http:\/\/www.w3.org\/2000\/svg\"><path d=\"M285.476 272.971L91.132 467.314c-9.373 9.373-24.569 9.373-33.941 0l-22.667-22.667c-9.357-9.357-9.375-24.522-.04-33.901L188.505 256 34.484 101.255c-9.335-9.379-9.317-24.544.04-33.901l22.667-22.667c9.373-9.373 24.569-9.373 33.941 0L285.475 239.03c9.373 9.372 9.373 24.568.001 33.941z\"><\/path><\/svg>\t\t\t\t\t\t<\/span>\n\t\t\t\t\t\t\t\t\t\t<span class=\"elementor-icon-list-text\"><span style=\"color:#fff\">Ondersteuning<\/span><\/span>\n\t\t\t\t\t\t\t\t\t\t\t<\/a>\n\t\t\t\t\t\t\t\t\t<\/li>\n\t\t\t\t\t\t\t\t<li class=\"elementor-icon-list-item elementor-inline-item\">\n\t\t\t\t\t\t\t\t\t\t\t<span class=\"elementor-icon-list-icon\">\n\t\t\t\t\t\t\t<svg aria-hidden=\"true\" class=\"e-font-icon-svg e-fas-chevron-right\" viewBox=\"0 0 320 512\" xmlns=\"http:\/\/www.w3.org\/2000\/svg\"><path d=\"M285.476 272.971L91.132 467.314c-9.373 9.373-24.569 9.373-33.941 0l-22.667-22.667c-9.357-9.357-9.375-24.522-.04-33.901L188.505 256 34.484 101.255c-9.335-9.379-9.317-24.544.04-33.901l22.667-22.667c9.373-9.373 24.569-9.373 33.941 0L285.475 239.03c9.373 9.372 9.373 24.568.001 33.941z\"><\/path><\/svg>\t\t\t\t\t\t<\/span>\n\t\t\t\t\t\t\t\t\t\t<span class=\"elementor-icon-list-text\">Technische Ondersteuning<\/span>\n\t\t\t\t\t\t\t\t\t<\/li>\n\t\t\t\t\t\t<\/ul>\n\t\t\t\t\t\t<\/div>\n\t\t\t\t<\/div>\n\t\t\t\t\t<\/div>\n\t\t<\/div>\n\t\t\t\t\t<\/div>\n\t\t<\/section>\n\t\t<div class=\"elementor-element elementor-element-fb2dd87 e-flex e-con-boxed e-con e-parent\" data-id=\"fb2dd87\" data-element_type=\"container\" data-e-type=\"container\">\n\t\t\t\t\t<div class=\"e-con-inner\">\n\t\t\t\t<div class=\"elementor-element elementor-element-023495d elementor-widget elementor-widget-text-editor\" data-id=\"023495d\" data-element_type=\"widget\" data-e-type=\"widget\" data-widget_type=\"text-editor.default\">\n\t\t\t\t<div class=\"elementor-widget-container\">\n\t\t\t\t\t\t\t\t\t<p>Technische ondersteuning biedt je volledige begeleiding bij het instellen van antivirussoftware op je pc en hoe je beveiligingsfuncties kunt configureren. Het helpt je gemakkelijk enkele veelvoorkomende vragen op te lossen, zoals downloadproblemen, systeemeisen, navigatie en software-updates. <\/p>\n\t\t\t\t\t\t\t\t<\/div>\n\t\t\t\t<\/div>\n\t\t\t\t\t<\/div>\n\t\t\t\t<\/div>\n\t\t<div class=\"elementor-element elementor-element-7be3dc4 support-blog e-flex e-con-boxed e-con e-parent\" data-id=\"7be3dc4\" data-element_type=\"container\" data-e-type=\"container\">\n\t\t\t\t\t<div class=\"e-con-inner\">\n\t\t\t\t<div class=\"elementor-element elementor-element-7b70766 elementor-grid-3 elementor-grid-tablet-2 elementor-grid-mobile-1 elementor-posts--thumbnail-top elementor-card-shadow-yes elementor-posts__hover-gradient load-more-align-center elementor-widget elementor-widget-posts\" data-id=\"7b70766\" data-element_type=\"widget\" data-e-type=\"widget\" data-settings=\"{&quot;cards_row_gap&quot;:{&quot;unit&quot;:&quot;px&quot;,&quot;size&quot;:17,&quot;sizes&quot;:[]},&quot;pagination_type&quot;:&quot;load_more_on_click&quot;,&quot;cards_columns&quot;:&quot;3&quot;,&quot;cards_columns_tablet&quot;:&quot;2&quot;,&quot;cards_columns_mobile&quot;:&quot;1&quot;,&quot;cards_row_gap_widescreen&quot;:{&quot;unit&quot;:&quot;px&quot;,&quot;size&quot;:&quot;&quot;,&quot;sizes&quot;:[]},&quot;cards_row_gap_laptop&quot;:{&quot;unit&quot;:&quot;px&quot;,&quot;size&quot;:&quot;&quot;,&quot;sizes&quot;:[]},&quot;cards_row_gap_tablet_extra&quot;:{&quot;unit&quot;:&quot;px&quot;,&quot;size&quot;:&quot;&quot;,&quot;sizes&quot;:[]},&quot;cards_row_gap_tablet&quot;:{&quot;unit&quot;:&quot;px&quot;,&quot;size&quot;:&quot;&quot;,&quot;sizes&quot;:[]},&quot;cards_row_gap_mobile_extra&quot;:{&quot;unit&quot;:&quot;px&quot;,&quot;size&quot;:&quot;&quot;,&quot;sizes&quot;:[]},&quot;cards_row_gap_mobile&quot;:{&quot;unit&quot;:&quot;px&quot;,&quot;size&quot;:&quot;&quot;,&quot;sizes&quot;:[]},&quot;load_more_spinner&quot;:{&quot;value&quot;:&quot;fas fa-spinner&quot;,&quot;library&quot;:&quot;fa-solid&quot;}}\" data-widget_type=\"posts.cards\">\n\t\t\t\t<div class=\"elementor-widget-container\">\n\t\t\t\t\t\t\t<div class=\"elementor-posts-container elementor-posts elementor-posts--skin-cards elementor-grid\" role=\"list\">\n\t\t\t\t<article class=\"elementor-post elementor-grid-item post-21748 docs type-docs status-publish hentry docs-type-technical-support\" role=\"listitem\">\n\t\t\t<div class=\"elementor-post__card\">\n\t\t\t\t<div class=\"elementor-post__text\">\n\t\t\t\t<h2 class=\"elementor-post__title\">\n\t\t\t<a href=\"https:\/\/www.360antiviruspro.com\/nl\/hoe-chrome-extensies-bij-te-werken\" >\n\t\t\t\tHoe Chrome-extensies bij te werken\t\t\t<\/a>\n\t\t<\/h2>\n\t\t\n\t\t<a class=\"elementor-post__read-more\" href=\"https:\/\/www.360antiviruspro.com\/nl\/hoe-chrome-extensies-bij-te-werken\" aria-label=\"Read more about Hoe Chrome-extensies bij te werken\" tabindex=\"-1\" >\n\t\t\tMeer lezen \u00bb\t\t<\/a>\n\n\t\t\t\t<\/div>\n\t\t\t\t\t<\/div>\n\t\t<\/article>\n\t\t\t\t<article class=\"elementor-post elementor-grid-item post-20794 docs type-docs status-publish hentry docs-type-technical-support\" role=\"listitem\">\n\t\t\t<div class=\"elementor-post__card\">\n\t\t\t\t<div class=\"elementor-post__text\">\n\t\t\t\t<h2 class=\"elementor-post__title\">\n\t\t\t<a href=\"https:\/\/www.360antiviruspro.com\/nl\/hoe-real-time-bescherming-inschakelen\" >\n\t\t\t\tHoe Real-Time Bescherming Inschakelen\t\t\t<\/a>\n\t\t<\/h2>\n\t\t\n\t\t<a class=\"elementor-post__read-more\" href=\"https:\/\/www.360antiviruspro.com\/nl\/hoe-real-time-bescherming-inschakelen\" aria-label=\"Read more about Hoe Real-Time Bescherming Inschakelen\" tabindex=\"-1\" >\n\t\t\tMeer lezen \u00bb\t\t<\/a>\n\n\t\t\t\t<\/div>\n\t\t\t\t\t<\/div>\n\t\t<\/article>\n\t\t\t\t<article class=\"elementor-post elementor-grid-item post-21446 docs type-docs status-publish hentry docs-type-technical-support\" role=\"listitem\">\n\t\t\t<div class=\"elementor-post__card\">\n\t\t\t\t<div class=\"elementor-post__text\">\n\t\t\t\t<h2 class=\"elementor-post__title\">\n\t\t\t<a href=\"https:\/\/www.360antiviruspro.com\/nl\/problemen-met-het-downloaden-installeren-en-toegang-krijgen-tot-360-antivirus-pro\" >\n\t\t\t\tProblemen met het downloaden, installeren en toegang krijgen tot 360 Antivirus Pro?\t\t\t<\/a>\n\t\t<\/h2>\n\t\t\n\t\t<a class=\"elementor-post__read-more\" href=\"https:\/\/www.360antiviruspro.com\/nl\/problemen-met-het-downloaden-installeren-en-toegang-krijgen-tot-360-antivirus-pro\" aria-label=\"Read more about Problemen met het downloaden, installeren en toegang krijgen tot 360 Antivirus Pro?\" tabindex=\"-1\" >\n\t\t\tMeer lezen \u00bb\t\t<\/a>\n\n\t\t\t\t<\/div>\n\t\t\t\t\t<\/div>\n\t\t<\/article>\n\t\t\t\t<article class=\"elementor-post elementor-grid-item post-21409 docs type-docs status-publish hentry docs-type-technical-support\" role=\"listitem\">\n\t\t\t<div class=\"elementor-post__card\">\n\t\t\t\t<div class=\"elementor-post__text\">\n\t\t\t\t<h2 class=\"elementor-post__title\">\n\t\t\t<a href=\"https:\/\/www.360antiviruspro.com\/nl\/systeemvereisten\" >\n\t\t\t\tSysteemvereisten?\t\t\t<\/a>\n\t\t<\/h2>\n\t\t\n\t\t<a class=\"elementor-post__read-more\" href=\"https:\/\/www.360antiviruspro.com\/nl\/systeemvereisten\" aria-label=\"Read more about Systeemvereisten?\" tabindex=\"-1\" >\n\t\t\tMeer lezen \u00bb\t\t<\/a>\n\n\t\t\t\t<\/div>\n\t\t\t\t\t<\/div>\n\t\t<\/article>\n\t\t\t\t<article class=\"elementor-post elementor-grid-item post-21866 docs type-docs status-publish hentry docs-type-technical-support\" role=\"listitem\">\n\t\t\t<div class=\"elementor-post__card\">\n\t\t\t\t<div class=\"elementor-post__text\">\n\t\t\t\t<h2 class=\"elementor-post__title\">\n\t\t\t<a href=\"https:\/\/www.360antiviruspro.com\/nl\/hoe-360-antivirus-pro-te-deinstalleren\" >\n\t\t\t\tHoe 360 Antivirus Pro te de\u00efnstalleren?\t\t\t<\/a>\n\t\t<\/h2>\n\t\t\n\t\t<a class=\"elementor-post__read-more\" href=\"https:\/\/www.360antiviruspro.com\/nl\/hoe-360-antivirus-pro-te-deinstalleren\" aria-label=\"Read more about Hoe 360 Antivirus Pro te de\u00efnstalleren?\" tabindex=\"-1\" >\n\t\t\tMeer lezen \u00bb\t\t<\/a>\n\n\t\t\t\t<\/div>\n\t\t\t\t\t<\/div>\n\t\t<\/article>\n\t\t\t\t<article class=\"elementor-post elementor-grid-item post-22354 docs type-docs status-publish hentry docs-type-technical-support\" role=\"listitem\">\n\t\t\t<div class=\"elementor-post__card\">\n\t\t\t\t<div class=\"elementor-post__text\">\n\t\t\t\t<h2 class=\"elementor-post__title\">\n\t\t\t<a href=\"https:\/\/www.360antiviruspro.com\/nl\/hoe-360-antivirus-pro-op-uw-computer-te-downloaden-en-te-installeren\" >\n\t\t\t\tHoe 360 Antivirus Pro op uw computer te downloaden en te installeren?\t\t\t<\/a>\n\t\t<\/h2>\n\t\t\n\t\t<a class=\"elementor-post__read-more\" href=\"https:\/\/www.360antiviruspro.com\/nl\/hoe-360-antivirus-pro-op-uw-computer-te-downloaden-en-te-installeren\" aria-label=\"Read more about Hoe 360 Antivirus Pro op uw computer te downloaden en te installeren?\" tabindex=\"-1\" >\n\t\t\tMeer lezen \u00bb\t\t<\/a>\n\n\t\t\t\t<\/div>\n\t\t\t\t\t<\/div>\n\t\t<\/article>\n\t\t\t\t<\/div>\n\t\t\t\t\t<span class=\"e-load-more-spinner\">\n\t\t\t\t<svg aria-hidden=\"true\" class=\"e-font-icon-svg e-fas-spinner\" viewBox=\"0 0 512 512\" xmlns=\"http:\/\/www.w3.org\/2000\/svg\"><path d=\"M304 48c0 26.51-21.49 48-48 48s-48-21.49-48-48 21.49-48 48-48 48 21.49 48 48zm-48 368c-26.51 0-48 21.49-48 48s21.49 48 48 48 48-21.49 48-48-21.49-48-48-48zm208-208c-26.51 0-48 21.49-48 48s21.49 48 48 48 48-21.49 48-48-21.49-48-48-48zM96 256c0-26.51-21.49-48-48-48S0 229.49 0 256s21.49 48 48 48 48-21.49 48-48zm12.922 99.078c-26.51 0-48 21.49-48 48s21.49 48 48 48 48-21.49 48-48c0-26.509-21.491-48-48-48zm294.156 0c-26.51 0-48 21.49-48 48s21.49 48 48 48 48-21.49 48-48c0-26.509-21.49-48-48-48zM108.922 60.922c-26.51 0-48 21.49-48 48s21.49 48 48 48 48-21.49 48-48-21.491-48-48-48z\"><\/path><\/svg>\t\t\t<\/span>\n\t\t\n\t\t\t\t\t\t<\/div>\n\t\t\t\t<\/div>\n\t\t\t\t\t<\/div>\n\t\t\t\t<\/div>\n\t\t\t\t<\/div>\n\t\t","protected":false},"excerpt":{"rendered":"<p>Thuis Ondersteuning Technische ondersteuning biedt je volledige begeleiding bij het instellen van antivirussoftware op je pc en hoe je beveiligingsfuncties kunt configureren. Het helpt je<\/p>\n","protected":false},"author":1,"featured_media":0,"parent":0,"menu_order":0,"comment_status":"closed","ping_status":"closed","template":"elementor_header_footer","meta":{"_acf_changed":false,"footnotes":""},"class_list":["post-19625","page","type-page","status-publish","hentry"],"acf":[],"yoast_head":"<!-- This site is optimized with the Yoast SEO plugin v27.3 - https:\/\/yoast.com\/product\/yoast-seo-wordpress\/ -->\n<title>Technische ondersteuning voor 360 Antivirus Pro - Snel en Betrouwbaar<\/title>\n<meta name=\"description\" content=\"Erhalten Sie schnellen und zuverl\u00e4ssigen technischen Support f\u00fcr 360 Antivirus Pro. Unser Expertenteam steht Ihnen bei allen technischen Problemen zur Verf\u00fcgung und sorgt f\u00fcr Ihre Ruhe.\" \/>\n<meta name=\"robots\" content=\"index, follow, max-snippet:-1, max-image-preview:large, max-video-preview:-1\" \/>\n<link rel=\"canonical\" href=\"https:\/\/www.360antiviruspro.com\/nl\/technische-ondersteuning\" \/>\n<meta property=\"og:locale\" content=\"nl_NL\" \/>\n<meta property=\"og:type\" content=\"article\" \/>\n<meta property=\"og:title\" content=\"Technische ondersteuning voor 360 Antivirus Pro - Snel en Betrouwbaar\" \/>\n<meta property=\"og:description\" content=\"Erhalten Sie schnellen und zuverl\u00e4ssigen technischen Support f\u00fcr 360 Antivirus Pro. Unser Expertenteam steht Ihnen bei allen technischen Problemen zur Verf\u00fcgung und sorgt f\u00fcr Ihre Ruhe.\" \/>\n<meta property=\"og:url\" content=\"https:\/\/www.360antiviruspro.com\/nl\/technische-ondersteuning\" \/>\n<meta property=\"og:site_name\" content=\"360 Antivirus Pro\" \/>\n<meta property=\"article:modified_time\" content=\"2025-02-25T10:48:27+00:00\" \/>\n<meta name=\"twitter:card\" content=\"summary_large_image\" \/>\n<script type=\"application\/ld+json\" class=\"yoast-schema-graph\">{\"@context\":\"https:\\\/\\\/schema.org\",\"@graph\":[{\"@type\":\"WebPage\",\"@id\":\"https:\\\/\\\/www.360antiviruspro.com\\\/nl\\\/technische-ondersteuning\",\"url\":\"https:\\\/\\\/www.360antiviruspro.com\\\/nl\\\/technische-ondersteuning\",\"name\":\"Technische ondersteuning voor 360 Antivirus Pro - Snel en Betrouwbaar\",\"isPartOf\":{\"@id\":\"https:\\\/\\\/www.360antiviruspro.com\\\/nl\\\/#website\"},\"datePublished\":\"2024-02-01T10:43:27+00:00\",\"dateModified\":\"2025-02-25T10:48:27+00:00\",\"description\":\"Erhalten Sie schnellen und zuverl\u00e4ssigen technischen Support f\u00fcr 360 Antivirus Pro. Unser Expertenteam steht Ihnen bei allen technischen Problemen zur Verf\u00fcgung und sorgt f\u00fcr Ihre Ruhe.\",\"breadcrumb\":{\"@id\":\"https:\\\/\\\/www.360antiviruspro.com\\\/nl\\\/technische-ondersteuning#breadcrumb\"},\"inLanguage\":\"nl-NL\",\"potentialAction\":[{\"@type\":\"ReadAction\",\"target\":[\"https:\\\/\\\/www.360antiviruspro.com\\\/nl\\\/technische-ondersteuning\"]}]},{\"@type\":\"BreadcrumbList\",\"@id\":\"https:\\\/\\\/www.360antiviruspro.com\\\/nl\\\/technische-ondersteuning#breadcrumb\",\"itemListElement\":[{\"@type\":\"ListItem\",\"position\":1,\"name\":\"Home\",\"item\":\"https:\\\/\\\/www.360antiviruspro.com\\\/\"},{\"@type\":\"ListItem\",\"position\":2,\"name\":\"Technische Ondersteuning\"}]},{\"@type\":\"WebSite\",\"@id\":\"https:\\\/\\\/www.360antiviruspro.com\\\/nl\\\/#website\",\"url\":\"https:\\\/\\\/www.360antiviruspro.com\\\/nl\\\/\",\"name\":\"360 Antivirus Pro\",\"description\":\"Leaders in Antivirus Technology\",\"potentialAction\":[{\"@type\":\"SearchAction\",\"target\":{\"@type\":\"EntryPoint\",\"urlTemplate\":\"https:\\\/\\\/www.360antiviruspro.com\\\/nl\\\/?s={search_term_string}\"},\"query-input\":{\"@type\":\"PropertyValueSpecification\",\"valueRequired\":true,\"valueName\":\"search_term_string\"}}],\"inLanguage\":\"nl-NL\"}]}<\/script>\n<!-- \/ Yoast SEO plugin. -->","yoast_head_json":{"title":"Technische ondersteuning voor 360 Antivirus Pro - Snel en Betrouwbaar","description":"Erhalten Sie schnellen und zuverl\u00e4ssigen technischen Support f\u00fcr 360 Antivirus Pro. Unser Expertenteam steht Ihnen bei allen technischen Problemen zur Verf\u00fcgung und sorgt f\u00fcr Ihre Ruhe.","robots":{"index":"index","follow":"follow","max-snippet":"max-snippet:-1","max-image-preview":"max-image-preview:large","max-video-preview":"max-video-preview:-1"},"canonical":"https:\/\/www.360antiviruspro.com\/nl\/technische-ondersteuning","og_locale":"nl_NL","og_type":"article","og_title":"Technische ondersteuning voor 360 Antivirus Pro - Snel en Betrouwbaar","og_description":"Erhalten Sie schnellen und zuverl\u00e4ssigen technischen Support f\u00fcr 360 Antivirus Pro. Unser Expertenteam steht Ihnen bei allen technischen Problemen zur Verf\u00fcgung und sorgt f\u00fcr Ihre Ruhe.","og_url":"https:\/\/www.360antiviruspro.com\/nl\/technische-ondersteuning","og_site_name":"360 Antivirus Pro","article_modified_time":"2025-02-25T10:48:27+00:00","twitter_card":"summary_large_image","schema":{"@context":"https:\/\/schema.org","@graph":[{"@type":"WebPage","@id":"https:\/\/www.360antiviruspro.com\/nl\/technische-ondersteuning","url":"https:\/\/www.360antiviruspro.com\/nl\/technische-ondersteuning","name":"Technische ondersteuning voor 360 Antivirus Pro - Snel en Betrouwbaar","isPartOf":{"@id":"https:\/\/www.360antiviruspro.com\/nl\/#website"},"datePublished":"2024-02-01T10:43:27+00:00","dateModified":"2025-02-25T10:48:27+00:00","description":"Erhalten Sie schnellen und zuverl\u00e4ssigen technischen Support f\u00fcr 360 Antivirus Pro. Unser Expertenteam steht Ihnen bei allen technischen Problemen zur Verf\u00fcgung und sorgt f\u00fcr Ihre Ruhe.","breadcrumb":{"@id":"https:\/\/www.360antiviruspro.com\/nl\/technische-ondersteuning#breadcrumb"},"inLanguage":"nl-NL","potentialAction":[{"@type":"ReadAction","target":["https:\/\/www.360antiviruspro.com\/nl\/technische-ondersteuning"]}]},{"@type":"BreadcrumbList","@id":"https:\/\/www.360antiviruspro.com\/nl\/technische-ondersteuning#breadcrumb","itemListElement":[{"@type":"ListItem","position":1,"name":"Home","item":"https:\/\/www.360antiviruspro.com\/"},{"@type":"ListItem","position":2,"name":"Technische Ondersteuning"}]},{"@type":"WebSite","@id":"https:\/\/www.360antiviruspro.com\/nl\/#website","url":"https:\/\/www.360antiviruspro.com\/nl\/","name":"360 Antivirus Pro","description":"Leaders in Antivirus Technology","potentialAction":[{"@type":"SearchAction","target":{"@type":"EntryPoint","urlTemplate":"https:\/\/www.360antiviruspro.com\/nl\/?s={search_term_string}"},"query-input":{"@type":"PropertyValueSpecification","valueRequired":true,"valueName":"search_term_string"}}],"inLanguage":"nl-NL"}]}},"_links":{"self":[{"href":"https:\/\/www.360antiviruspro.com\/nl\/wp-json\/wp\/v2\/pages\/19625","targetHints":{"allow":["GET"]}}],"collection":[{"href":"https:\/\/www.360antiviruspro.com\/nl\/wp-json\/wp\/v2\/pages"}],"about":[{"href":"https:\/\/www.360antiviruspro.com\/nl\/wp-json\/wp\/v2\/types\/page"}],"author":[{"embeddable":true,"href":"https:\/\/www.360antiviruspro.com\/nl\/wp-json\/wp\/v2\/users\/1"}],"replies":[{"embeddable":true,"href":"https:\/\/www.360antiviruspro.com\/nl\/wp-json\/wp\/v2\/comments?post=19625"}],"version-history":[{"count":4,"href":"https:\/\/www.360antiviruspro.com\/nl\/wp-json\/wp\/v2\/pages\/19625\/revisions"}],"predecessor-version":[{"id":28407,"href":"https:\/\/www.360antiviruspro.com\/nl\/wp-json\/wp\/v2\/pages\/19625\/revisions\/28407"}],"wp:attachment":[{"href":"https:\/\/www.360antiviruspro.com\/nl\/wp-json\/wp\/v2\/media?parent=19625"}],"curies":[{"name":"wp","href":"https:\/\/api.w.org\/{rel}","templated":true}]}}